{"id":10,"date":"2023-07-30T11:46:50","date_gmt":"2023-07-30T09:46:50","guid":{"rendered":"https:\/\/xn--pferdundpftchen-itb.de\/woocommerce\/?page_id=10"},"modified":"2024-10-23T19:04:05","modified_gmt":"2024-10-23T17:04:05","slug":"agb","status":"publish","type":"page","link":"https:\/\/xn--pferdundpftchen-itb.de\/woocommerce\/agb\/","title":{"rendered":"AGBs"},"content":{"rendered":"<p><strong>1. Geltungsbereich<\/strong><\/p><p>1.1 Diese Allgemeinen Gesch\u00e4ftsbedingungen (AGB) gelten f\u00fcr alle Bestellungen und Lieferungen, die \u00fcber unseren Online-Shop get\u00e4tigt werden.<\/p><p>1.2 Abweichende Bedingungen des Kunden werden nicht anerkannt, es sei denn, wir haben ausdr\u00fccklich schriftlich zugestimmt.<\/p><p><strong>2. Vertragspartner<\/strong><\/p><p>2.1 Der Kaufvertrag kommt zustande mit Jessica Lauter, vertreten durch Jessica Lauter (nachfolgend &#8222;Verk\u00e4ufer&#8220; genannt).<\/p><p>2.2 Sie k\u00f6nnen Waren nur erwerben, wenn Sie unbeschr\u00e4nkt gesch\u00e4ftsf\u00e4hig sind.<\/p><p><strong>3. Bestellung<\/strong><\/p><p>3.1 Die Darstellung der Produkte in unserem Online-Shop stellt kein rechtlich bindendes Angebot dar, sondern eine unverbindliche Aufforderung zur Bestellung.<\/p><p>3.2 Durch das Absenden einer Bestellung \u00fcber den Online-Shop geben Sie ein verbindliches Angebot zum Kauf der bestellten Ware ab.<\/p><p>3.3 Nach Absenden Ihrer Bestellung erhalten Sie eine automatische Bestellbest\u00e4tigung per E-Mail. Diese stellt keine Annahme des Angebots dar, sondern informiert Sie lediglich dar\u00fcber, dass wir Ihre Bestellung erhalten haben.<\/p><p><strong>4. Preise und Zahlungsbedingungen<\/strong><\/p><p>4.1 Alle Preise im Online-Shop sind Endpreise in Euro inklusive der gesetzlichen Mehrwertsteuer und zzgl. Versandkosten.<\/p><p>4.2 Die Zahlung der bestellten Waren erfolgt wahlweise nach den im Shop angebotenen Zahlungsm\u00f6glichkeiten.<\/p><p>4.3 Der Kaufpreis ist sofort zur Zahlung f\u00e4llig. Bei Zahlungsverzug behalten wir uns das Recht vor, Mahngeb\u00fchren und Verzugszinsen zu erheben. Wir behalten uns das Recht vor bei ausbleibendem Zahlungseingang die Bestellung nach 14 Tagen zu stornieren.<\/p><p><strong>5. Lieferung und Versand<\/strong><\/p><p>5.1 Die Lieferung der bestellten Ware erfolgt an die von Ihnen angegebene Lieferadresse.<\/p><p>5.2 Die Lieferzeit entnehmen Sie bitte den Angaben in der Produktbeschreibung bzw. der Bestellbest\u00e4tigung.<\/p><p>5.3 Die Versandkosten richten sich nach dem Lieferland und dem Gesamtgewicht der bestellten Ware.<\/p><p><strong>6. Widerrufsrecht und R\u00fccksendungen<\/strong><\/p><p>6.1 Sie haben das Recht, Ihre Bestellung innerhalb von 14 Tagen nach Erhalt der Ware zu widerrufen.<\/p><p>6.2 Bitte beachten Sie unsere gesonderte Widerrufsbelehrung, die Sie auf unserer Webseite finden.<\/p><p><strong>7. Gew\u00e4hrleistung und Haftung<\/strong><\/p><p>7.1 Es gelten die gesetzlichen Gew\u00e4hrleistungsbestimmungen.<\/p><p>7.2 Unsere Haftung ist beschr\u00e4nkt auf Vorsatz und grobe Fahrl\u00e4ssigkeit. Wir haften nicht f\u00fcr leichte Fahrl\u00e4ssigkeit, es sei denn, es handelt sich um eine Verletzung wesentlicher Vertragspflichten oder um Sch\u00e4den aus der Verletzung des Lebens, des K\u00f6rpers oder der Gesundheit.<\/p><p><strong>8. Datenschutz<\/strong><\/p><p>8.1 Wir behandeln Ihre personenbezogenen Daten vertraulich und verwenden sie nur im Rahmen der gesetzlichen Datenschutzbestimmungen.<\/p><p>8.2 Weitere Informationen zur Verarbeitung Ihrer Daten entnehmen Sie bitte unserer Datenschutzerkl\u00e4rung.<\/p><p><strong>9. Schlussbestimmungen<\/strong><\/p><p>9.1 Es gilt das Recht der Bundesrepublik Deutschland unter Ausschluss des UN-Kaufrechts.<\/p><p>9.2 Sollten einzelne Bestimmungen dieser AGB ganz oder teilweise unwirksam sein oder werden, bleibt die G\u00fcltigkeit der \u00fcbrigen Bestimmungen hiervon unber\u00fchrt.<\/p><p>9.3 Gerichtsstand f\u00fcr alle Streitigkeiten aus oder im Zusammenhang mit diesem Vertrag ist der Sitz unseres Unternehmens, soweit gesetzlich zul\u00e4ssig.<\/p><p>Stand: 01.08.2023<\/p><p>Jessica N\u00e4tscher<br>Ortsstra\u00dfe 18<br>89358 Kammeltal<\/p><p><strong>Vertreten durch:\u00a0<\/strong><br>Jessica N\u00e4tscher<\/p><p><strong>Kontakt:<\/strong><br>Telefon: 0172 806 44 29<br>E-Mail:&nbsp;<a href=\"mailto:kontakt@pferdundpfoetchen.de\">kontakt@pferdundpfoetchen.de<\/a><\/p>","protected":false},"excerpt":{"rendered":"<p>1. Geltungsbereich 1.1 Diese Allgemeinen Gesch\u00e4ftsbedingungen (AGB) gelten f\u00fcr alle Bestellungen und Lieferungen, die \u00fcber unseren Online-Shop get\u00e4tigt werden. 1.2 Abweichende Bedingungen des Kunden werden nicht anerkannt, es sei denn, wir haben ausdr\u00fccklich schriftlich zugestimmt. 2. Vertragspartner 2.1 Der Kaufvertrag kommt zustande mit Jessica Lauter, vertreten durch Jessica Lauter (nachfolgend &#8222;Verk\u00e4ufer&#8220; genannt). 2.2 Sie k\u00f6nnen [&hellip;]<\/p>\n","protected":false},"author":1,"featured_media":0,"parent":0,"menu_order":0,"comment_status":"closed","ping_status":"closed","template":"","meta":{"footnotes":""},"class_list":["post-10","page","type-page","status-publish","hentry"],"jetpack_sharing_enabled":true,"_links":{"self":[{"href":"https:\/\/xn--pferdundpftchen-itb.de\/woocommerce\/wp-json\/wp\/v2\/pages\/10","targetHints":{"allow":["GET"]}}],"collection":[{"href":"https:\/\/xn--pferdundpftchen-itb.de\/woocommerce\/wp-json\/wp\/v2\/pages"}],"about":[{"href":"https:\/\/xn--pferdundpftchen-itb.de\/woocommerce\/wp-json\/wp\/v2\/types\/page"}],"author":[{"embeddable":true,"href":"https:\/\/xn--pferdundpftchen-itb.de\/woocommerce\/wp-json\/wp\/v2\/users\/1"}],"replies":[{"embeddable":true,"href":"https:\/\/xn--pferdundpftchen-itb.de\/woocommerce\/wp-json\/wp\/v2\/comments?post=10"}],"version-history":[{"count":3,"href":"https:\/\/xn--pferdundpftchen-itb.de\/woocommerce\/wp-json\/wp\/v2\/pages\/10\/revisions"}],"predecessor-version":[{"id":2344,"href":"https:\/\/xn--pferdundpftchen-itb.de\/woocommerce\/wp-json\/wp\/v2\/pages\/10\/revisions\/2344"}],"wp:attachment":[{"href":"https:\/\/xn--pferdundpftchen-itb.de\/woocommerce\/wp-json\/wp\/v2\/media?parent=10"}],"curies":[{"name":"wp","href":"https:\/\/api.w.org\/{rel}","templated":true}]}}