{"id":1842,"date":"2023-07-30T10:44:48","date_gmt":"2023-07-30T08:44:48","guid":{"rendered":"https:\/\/xn--pferdundpftchen-itb.de\/woocommerce\/?page_id=1842"},"modified":"2023-07-30T10:44:48","modified_gmt":"2023-07-30T08:44:48","slug":"liefer-und-zahlungsbedingungen","status":"publish","type":"page","link":"https:\/\/xn--pferdundpftchen-itb.de\/woocommerce\/liefer-und-zahlungsbedingungen\/","title":{"rendered":"Liefer- und Zahlungsbedingungen"},"content":{"rendered":"<p>Damit Sie Ihre Bestellung bei uns unkompliziert und sorgenfrei abwickeln k\u00f6nnen, m\u00f6chten wir Ihnen hier unsere Standard Lieferbedingungen und Zahlungsbedingungen vorstellen:<\/p><p><strong>Lieferbedingungen:<\/strong><\/p><ol class=\"wp-block-list\"><li><strong>Versandkosten:<\/strong> Die Versandkosten betragen pauschal 6,90 innerhalb Deutschlands (ausgenommen Versand auf Inseln oder Enklaven). Bei Bestellungen \u00fcber einem bestimmten Mindestbestellwert bieten wir m\u00f6glicherweise auch kostenlosen Versand an. Genauere Informationen zu den Versandkosten werden im Warenkorb und bei der Bestellung genannt.<\/li>\n\n<li><strong>Lieferzeiten:<\/strong> Wir bem\u00fchen uns, Ihre Bestellung so schnell wie m\u00f6glich zu versenden. Bitte beachten Sie, dass die tats\u00e4chliche Lieferzeit von Ihrem Standort und der Verf\u00fcgbarkeit der Produkte abh\u00e4ngen kann.<\/li>\n\n<li><strong>Lieferdienst:<\/strong> Wir arbeiten mit zuverl\u00e4ssigen Lieferdiensten zusammen, um sicherzustellen, dass Ihre Bestellung sicher und zeitnah bei Ihnen ankommt.<\/li>\n\n<li><strong>Nachhaltiger Versand:<\/strong> Wir versenden so nachhaltig wie m\u00f6glich. Das bedeutet, dass wir nicht immer neue Kartons und Verpackungs- bzw. Polstermaterial verwenden, sondern diese m\u00f6glichst mehrfach nutzen. Daher kann es passieren, dass auf den Kartons Werbung von Firmen aufgedruckt ist und das Verpackungs- bzw. Polstermaterial nicht immer dasselbe ist.<\/li><\/ol><p><strong>Zahlungsbedingungen:<\/strong><\/p><ol class=\"wp-block-list\"><li><strong>Zahlungsmethoden:<\/strong> In unserem Online-Shop bieten wir verschiedene sichere Zahlungsmethoden an, darunter Bank\u00fcberweisung und Vorauskasse. Bitte beachten Sie, dass je nach Land und Region unterschiedliche Zahlungsoptionen verf\u00fcgbar sein k\u00f6nnen.<\/li>\n\n<li><strong>Zahlungsfrist:<\/strong> Die Zahlung sollte innerhalb von 14 nach Abschluss der Bestellung erfolgen. Bei Zahlungsverzug behalten wir uns das Recht vor, Mahngeb\u00fchren zu erheben oder die Bestellung zu stornieren.<\/li><\/ol><p><strong>Widerrufsrecht und Retouren:<\/strong><\/p><p>Selbstverst\u00e4ndlich haben Sie das Recht, Ihre Bestellung innerhalb von 14 Tagen nach Erhalt der Ware ohne Angabe von Gr\u00fcnden zu widerrufen. Weitere Informationen dazu finden Sie in unserer Widerrufsbelehrung.<\/p><p><\/p>","protected":false},"excerpt":{"rendered":"<p>Damit Sie Ihre Bestellung bei uns unkompliziert und sorgenfrei abwickeln k\u00f6nnen, m\u00f6chten wir Ihnen hier unsere Standard Lieferbedingungen und Zahlungsbedingungen vorstellen: Lieferbedingungen: Zahlungsbedingungen: Widerrufsrecht und Retouren: Selbstverst\u00e4ndlich haben Sie das Recht, Ihre Bestellung innerhalb von 14 Tagen nach Erhalt der Ware ohne Angabe von Gr\u00fcnden zu widerrufen. Weitere Informationen dazu finden Sie in unserer Widerrufsbelehrung.<\/p>\n","protected":false},"author":1,"featured_media":0,"parent":0,"menu_order":0,"comment_status":"closed","ping_status":"closed","template":"","meta":{"footnotes":""},"class_list":["post-1842","page","type-page","status-publish","hentry"],"jetpack_sharing_enabled":true,"_links":{"self":[{"href":"https:\/\/xn--pferdundpftchen-itb.de\/woocommerce\/wp-json\/wp\/v2\/pages\/1842","targetHints":{"allow":["GET"]}}],"collection":[{"href":"https:\/\/xn--pferdundpftchen-itb.de\/woocommerce\/wp-json\/wp\/v2\/pages"}],"about":[{"href":"https:\/\/xn--pferdundpftchen-itb.de\/woocommerce\/wp-json\/wp\/v2\/types\/page"}],"author":[{"embeddable":true,"href":"https:\/\/xn--pferdundpftchen-itb.de\/woocommerce\/wp-json\/wp\/v2\/users\/1"}],"replies":[{"embeddable":true,"href":"https:\/\/xn--pferdundpftchen-itb.de\/woocommerce\/wp-json\/wp\/v2\/comments?post=1842"}],"version-history":[{"count":1,"href":"https:\/\/xn--pferdundpftchen-itb.de\/woocommerce\/wp-json\/wp\/v2\/pages\/1842\/revisions"}],"predecessor-version":[{"id":1843,"href":"https:\/\/xn--pferdundpftchen-itb.de\/woocommerce\/wp-json\/wp\/v2\/pages\/1842\/revisions\/1843"}],"wp:attachment":[{"href":"https:\/\/xn--pferdundpftchen-itb.de\/woocommerce\/wp-json\/wp\/v2\/media?parent=1842"}],"curies":[{"name":"wp","href":"https:\/\/api.w.org\/{rel}","templated":true}]}}