{"id":2353,"date":"2024-11-14T11:58:49","date_gmt":"2024-11-14T10:58:49","guid":{"rendered":"https:\/\/xn--pferdundpftchen-itb.de\/woocommerce\/?page_id=2353"},"modified":"2025-01-16T17:58:37","modified_gmt":"2025-01-16T16:58:37","slug":"shop-2","status":"publish","type":"page","link":"https:\/\/xn--pferdundpftchen-itb.de\/woocommerce\/","title":{"rendered":"Pferd &#038; Pf\u00f6tchen \u2013 Shop"},"content":{"rendered":"<figure class=\"wp-block-image alignfull size-full is-style-default\"><img loading=\"lazy\" decoding=\"async\" width=\"1920\" height=\"250\" src=\"https:\/\/xn--pferdundpftchen-itb.de\/woocommerce\/wp-content\/uploads\/2025\/01\/banner-shop-1.jpg\" alt=\"\" class=\"wp-image-2490\" srcset=\"https:\/\/xn--pferdundpftchen-itb.de\/woocommerce\/wp-content\/uploads\/2025\/01\/banner-shop-1.jpg 1920w, https:\/\/xn--pferdundpftchen-itb.de\/woocommerce\/wp-content\/uploads\/2025\/01\/banner-shop-1-300x39.jpg 300w, https:\/\/xn--pferdundpftchen-itb.de\/woocommerce\/wp-content\/uploads\/2025\/01\/banner-shop-1-1024x133.jpg 1024w, https:\/\/xn--pferdundpftchen-itb.de\/woocommerce\/wp-content\/uploads\/2025\/01\/banner-shop-1-768x100.jpg 768w, https:\/\/xn--pferdundpftchen-itb.de\/woocommerce\/wp-content\/uploads\/2025\/01\/banner-shop-1-1536x200.jpg 1536w, https:\/\/xn--pferdundpftchen-itb.de\/woocommerce\/wp-content\/uploads\/2025\/01\/banner-shop-1-1320x172.jpg 1320w, https:\/\/xn--pferdundpftchen-itb.de\/woocommerce\/wp-content\/uploads\/2025\/01\/banner-shop-1-416x54.jpg 416w\" sizes=\"auto, (max-width: 1920px) 100vw, 1920px\" \/><\/figure><p><\/p><p>Du hast die M\u00f6glichkeit direkt bei uns vor Ort einzukaufen. Wir haben unseren Shop immer montags von 18 &#8211; 20 Uhr ge\u00f6ffnet oder nach individueller Vereinbarung.<\/p><p>Adresse: Max-Schmid-Str. 18, 89358 Kammeltal \/ Behlingen.<\/p><p>Alternativ kannst du auch hier direkt online bei uns einkaufen und dir die Ware zuschicken lassen oder vor Ort zu einem vereinbarten Zeitpunkt oder \u00fcber unsere Abholbox abholen. <\/p><p><strong>Der Versand ist ab 150 Euro Einkaufswert versandkostenfrei.<\/strong><\/p><div class=\"wp-block-buttons is-content-justification-center is-layout-flex wp-container-core-buttons-is-layout-16018d1d wp-block-buttons-is-layout-flex\"><div class=\"wp-block-button is-style-outline is-style-outline--1\"><a class=\"wp-block-button__link has-white-color has-text-color has-background has-link-color wp-element-button\" style=\"border-radius:8px;background-color:#588313\">Zur\u00fcck zur Homepage<\/a><\/div><\/div><div class=\"wp-block-columns alignwide is-layout-flex wp-container-core-columns-is-layout-9d6595d7 wp-block-columns-is-layout-flex\"><div class=\"wp-block-column is-layout-flow wp-block-column-is-layout-flow\"><div data-block-name=\"woocommerce\/featured-category\" data-category-id=\"20\" data-dim-ratio=\"30\" data-edit-mode=\"false\" data-focal-point=\"{&quot;x&quot;:0.66,&quot;y&quot;:0.23}\" data-is-repeated=\"true\" data-show-desc=\"false\" data-style=\"{&quot;elements&quot;:{&quot;link&quot;:{&quot;color&quot;:{&quot;text&quot;:&quot;var:preset|color|white&quot;}}}}\" data-text-color=\"white\" class=\"wc-block-featured-category alignnone has-background-dim has-background-dim-30 has-text-color has-white-color wp-elements-878539687c25409ff27dc3d1f677f94d wp-block-woocommerce-featured-category\" style=\"min-height:500px;\"><div class=\"wc-block-featured-category__wrapper\"><div class=\"background-dim__overlay\" style=\"background-color: #000000\"><\/div><div class=\"wc-block-featured-category__background-image\" style=\"background-image: url(https:\/\/xn--pferdundpftchen-itb.de\/woocommerce\/wp-content\/uploads\/2023\/06\/Rubrik.Hund_-1024x683.jpg);background-position: 66% 23%;\" \/><\/div><h2 class=\"wc-block-featured-category__title\">Hund<\/h2><div class=\"wc-block-featured-category__link\">\n<div class=\"wp-block-buttons is-content-justification-center is-layout-flex wp-container-core-buttons-is-layout-16018d1d wp-block-buttons-is-layout-flex\"><div class=\"wp-block-button has-custom-width wp-block-button__width-100\"><a class=\"wp-block-button__link has-white-color has-text-color has-background has-link-color wp-element-button\" href=\"https:\/\/xn--pferdundpftchen-itb.de\/woocommerce\/produkt-kategorie\/hund\/\" style=\"border-radius:100px;background-color:#588313\">Alles f\u00fcr deinen Hund<\/a><\/div><\/div>\n<\/div><\/div><\/div><\/div>\n\n<div class=\"wp-block-column is-layout-flow wp-block-column-is-layout-flow\"><div data-block-name=\"woocommerce\/featured-category\" data-category-id=\"15\" data-edit-mode=\"false\" data-focal-point=\"{&quot;x&quot;:0.55,&quot;y&quot;:0.43}\" data-is-repeated=\"true\" class=\"wc-block-featured-category alignnone has-background-dim wp-block-woocommerce-featured-category\" style=\"min-height:500px;\"><div class=\"wc-block-featured-category__wrapper\"><div class=\"background-dim__overlay\" style=\"background-color: #000000\"><\/div><div class=\"wc-block-featured-category__background-image\" style=\"background-image: url(https:\/\/xn--pferdundpftchen-itb.de\/woocommerce\/wp-content\/uploads\/2023\/06\/Rubrik.Pferd_-1024x473.jpg);background-position: 55% 43%;\" \/><\/div><h2 class=\"wc-block-featured-category__title\">Pferd<\/h2><div class=\"wc-block-featured-category__description\"><\/div><div class=\"wc-block-featured-category__link\">\n<div class=\"wp-block-buttons is-content-justification-center is-layout-flex wp-container-core-buttons-is-layout-16018d1d wp-block-buttons-is-layout-flex\"><div class=\"wp-block-button has-custom-width wp-block-button__width-100\"><a class=\"wp-block-button__link has-white-color has-text-color has-background has-link-color wp-element-button\" href=\"https:\/\/xn--pferdundpftchen-itb.de\/woocommerce\/produkt-kategorie\/pferd\/\" style=\"border-radius:100px;background-color:#588313\">Alles f\u00fcr dein Pferd<\/a><\/div><\/div>\n<\/div><\/div><\/div><\/div>\n\n<div class=\"wp-block-column is-layout-flow wp-block-column-is-layout-flow\"><div data-block-name=\"woocommerce\/featured-category\" data-category-id=\"21\" data-edit-mode=\"false\" data-focal-point=\"{&quot;x&quot;:0.25,&quot;y&quot;:0.45}\" class=\"wc-block-featured-category alignnone has-background-dim wp-block-woocommerce-featured-category\" style=\"min-height:500px;\"><div class=\"wc-block-featured-category__wrapper\"><div class=\"background-dim__overlay\" style=\"background-color: #000000\"><\/div><img decoding=\"async\" alt=\"Katze\" class=\"wc-block-featured-category__background-image\" src=\"https:\/\/xn--pferdundpftchen-itb.de\/woocommerce\/wp-content\/uploads\/2023\/06\/Rubrik.Katze_-1024x424.jpg\" style=\"object-fit: none;object-position: 25% 45%;\" \/><h2 class=\"wc-block-featured-category__title\">Katze<\/h2><div class=\"wc-block-featured-category__description\"><\/div><div class=\"wc-block-featured-category__link\">\n<div class=\"wp-block-buttons is-content-justification-center is-layout-flex wp-container-core-buttons-is-layout-16018d1d wp-block-buttons-is-layout-flex\"><div class=\"wp-block-button has-custom-width wp-block-button__width-100\"><a class=\"wp-block-button__link has-white-color has-text-color has-background has-link-color wp-element-button\" href=\"https:\/\/xn--pferdundpftchen-itb.de\/woocommerce\/produkt-kategorie\/katze\/\" style=\"border-radius:100px;background-color:#588313\">Alles f\u00fcr deine Katze<\/a><\/div><\/div>\n<\/div><\/div><\/div><\/div><\/div><div style=\"height:100px\" aria-hidden=\"true\" class=\"wp-block-spacer\"><\/div><hr class=\"wp-block-separator has-text-color has-white-color has-alpha-channel-opacity has-white-background-color has-background is-style-default\"\/><figure class=\"wp-block-image alignfull size-full is-style-default\"><img loading=\"lazy\" decoding=\"async\" width=\"1920\" height=\"250\" src=\"https:\/\/xn--pferdundpftchen-itb.de\/woocommerce\/wp-content\/uploads\/2025\/01\/banner-winter-1.jpg\" alt=\"\" class=\"wp-image-2491\" srcset=\"https:\/\/xn--pferdundpftchen-itb.de\/woocommerce\/wp-content\/uploads\/2025\/01\/banner-winter-1.jpg 1920w, https:\/\/xn--pferdundpftchen-itb.de\/woocommerce\/wp-content\/uploads\/2025\/01\/banner-winter-1-300x39.jpg 300w, https:\/\/xn--pferdundpftchen-itb.de\/woocommerce\/wp-content\/uploads\/2025\/01\/banner-winter-1-1024x133.jpg 1024w, https:\/\/xn--pferdundpftchen-itb.de\/woocommerce\/wp-content\/uploads\/2025\/01\/banner-winter-1-768x100.jpg 768w, https:\/\/xn--pferdundpftchen-itb.de\/woocommerce\/wp-content\/uploads\/2025\/01\/banner-winter-1-1536x200.jpg 1536w, https:\/\/xn--pferdundpftchen-itb.de\/woocommerce\/wp-content\/uploads\/2025\/01\/banner-winter-1-1320x172.jpg 1320w, https:\/\/xn--pferdundpftchen-itb.de\/woocommerce\/wp-content\/uploads\/2025\/01\/banner-winter-1-416x54.jpg 416w\" sizes=\"auto, (max-width: 1920px) 100vw, 1920px\" \/><\/figure><p>Der Winter stellt uns und unsere Tiere vor besondere Herausforderungen. Kalte Temperaturen, weniger Bewegung und ein angeschlagenes Immunsystem k\u00f6nnen Hund und Pferd belasten. Mit der richtigen Unterst\u00fctzung kannst du deinem Liebling helfen, gesund und vital durch die frostigen Monate zu kommen.<\/p><p>F\u00fcr Pferde stehen die St\u00e4rkung des Immunsystems, eine gute Versorgung mit Mineralstoffen und die Unterst\u00fctzung der Gelenke im Mittelpunkt. Hunde profitieren in dieser Zeit von einer ausgewogenen Ern\u00e4hrung und nat\u00fcrlichen Vitalstoffen, die sie fit halten und ihre Gesundheit f\u00f6rdern.<\/p><p>Ich habe f\u00fcr dich und deine Vierbeiner die passenden Winter-Highlights zusammengestellt, die auf die Bed\u00fcrfnisse in der kalten Jahreszeit abgestimmt sind. Schenke deinem Tier die F\u00fcrsorge, die es verdient \u2013 denn Wohlbefinden beginnt mit kleinen, achtsamen Gesten!<\/p><h2 class=\"wp-block-heading has-text-color has-link-color wp-elements-03600872183b5deb10c1cee2cf645330\" style=\"color:#588313\"><strong>Meine Empfehlungen f\u00fcr dein Pferd:<\/strong><\/h2><div data-block-name=\"woocommerce\/handpicked-products\" data-products=\"[1646,1131,1252]\" class=\"wc-block-grid wp-block-handpicked-products wp-block-woocommerce-handpicked-products wc-block-handpicked-products has-3-columns has-multiple-rows\"><ul class=\"wc-block-grid__products\"><li class=\"wc-block-grid__product\">\n\t\t\t\t<a href=\"https:\/\/xn--pferdundpftchen-itb.de\/woocommerce\/produkt\/selen\/\" class=\"wc-block-grid__product-link\">\n\t\t\t\t\t\n\t\t\t\t\t<div class=\"wc-block-grid__product-image\"><img loading=\"lazy\" decoding=\"async\" width=\"324\" height=\"324\" src=\"https:\/\/xn--pferdundpftchen-itb.de\/woocommerce\/wp-content\/uploads\/2023\/07\/Selen-324x324.png\" class=\"attachment-woocommerce_thumbnail size-woocommerce_thumbnail\" alt=\"Selen\" srcset=\"https:\/\/xn--pferdundpftchen-itb.de\/woocommerce\/wp-content\/uploads\/2023\/07\/Selen-324x324.png 324w, https:\/\/xn--pferdundpftchen-itb.de\/woocommerce\/wp-content\/uploads\/2023\/07\/Selen-150x150.png 150w, https:\/\/xn--pferdundpftchen-itb.de\/woocommerce\/wp-content\/uploads\/2023\/07\/Selen-100x100.png 100w\" sizes=\"auto, (max-width: 324px) 100vw, 324px\" \/><\/div>\n\t\t\t\t\t<div class=\"wc-block-grid__product-title\">Selen<\/div>\n\t\t\t\t<\/a>\n\t\t\t\t<div class=\"wc-block-grid__product-price price\"><span class=\"woocommerce-Price-amount amount\">35,90&nbsp;<span class=\"woocommerce-Price-currencySymbol\">&euro;<\/span><\/span><\/div>\n\t\t\t\t\n\t\t\t\t<div class=\"wp-block-button wc-block-grid__product-add-to-cart\"><a href=\"?add-to-cart=1646\" aria-label=\"In den Warenkorb legen: \u201eSelen\u201c\" data-quantity=\"1\" data-product_id=\"1646\" data-product_sku=\"210002\" data-price=\"35.9\" rel=\"nofollow\" class=\"wp-block-button__link  add_to_cart_button ajax_add_to_cart\">In den Warenkorb<\/a><\/div>\n\t\t\t<\/li><li class=\"wc-block-grid__product\">\n\t\t\t\t<a href=\"https:\/\/xn--pferdundpftchen-itb.de\/woocommerce\/produkt\/sonnenwend-immunkraeuter\/\" class=\"wc-block-grid__product-link\">\n\t\t\t\t\t\n\t\t\t\t\t<div class=\"wc-block-grid__product-image\"><img loading=\"lazy\" decoding=\"async\" width=\"324\" height=\"324\" src=\"https:\/\/xn--pferdundpftchen-itb.de\/woocommerce\/wp-content\/uploads\/2023\/06\/Sonnenwend-Immunkraeuter-324x324.png\" class=\"attachment-woocommerce_thumbnail size-woocommerce_thumbnail\" alt=\"Sonnenwend Immunkr\u00e4uter\" srcset=\"https:\/\/xn--pferdundpftchen-itb.de\/woocommerce\/wp-content\/uploads\/2023\/06\/Sonnenwend-Immunkraeuter-324x324.png 324w, https:\/\/xn--pferdundpftchen-itb.de\/woocommerce\/wp-content\/uploads\/2023\/06\/Sonnenwend-Immunkraeuter-300x300.png 300w, https:\/\/xn--pferdundpftchen-itb.de\/woocommerce\/wp-content\/uploads\/2023\/06\/Sonnenwend-Immunkraeuter-1024x1024.png 1024w, https:\/\/xn--pferdundpftchen-itb.de\/woocommerce\/wp-content\/uploads\/2023\/06\/Sonnenwend-Immunkraeuter-150x150.png 150w, https:\/\/xn--pferdundpftchen-itb.de\/woocommerce\/wp-content\/uploads\/2023\/06\/Sonnenwend-Immunkraeuter-768x768.png 768w, https:\/\/xn--pferdundpftchen-itb.de\/woocommerce\/wp-content\/uploads\/2023\/06\/Sonnenwend-Immunkraeuter-1536x1536.png 1536w, https:\/\/xn--pferdundpftchen-itb.de\/woocommerce\/wp-content\/uploads\/2023\/06\/Sonnenwend-Immunkraeuter-1320x1320.png 1320w, https:\/\/xn--pferdundpftchen-itb.de\/woocommerce\/wp-content\/uploads\/2023\/06\/Sonnenwend-Immunkraeuter-416x416.png 416w, https:\/\/xn--pferdundpftchen-itb.de\/woocommerce\/wp-content\/uploads\/2023\/06\/Sonnenwend-Immunkraeuter-100x100.png 100w, https:\/\/xn--pferdundpftchen-itb.de\/woocommerce\/wp-content\/uploads\/2023\/06\/Sonnenwend-Immunkraeuter.png 2000w\" sizes=\"auto, (max-width: 324px) 100vw, 324px\" \/><\/div>\n\t\t\t\t\t<div class=\"wc-block-grid__product-title\">Sonnenwend Immunkr\u00e4uter<\/div>\n\t\t\t\t<\/a>\n\t\t\t\t<div class=\"wc-block-grid__product-price price\"><span class=\"woocommerce-Price-amount amount\">24,00&nbsp;<span class=\"woocommerce-Price-currencySymbol\">&euro;<\/span><\/span><\/div>\n\t\t\t\t\n\t\t\t\t<div class=\"wp-block-button wc-block-grid__product-add-to-cart\"><a href=\"https:\/\/xn--pferdundpftchen-itb.de\/woocommerce\/produkt\/sonnenwend-immunkraeuter\/\" aria-label=\"W\u00e4hle Optionen f\u00fcr \u201eSonnenwend Immunkr\u00e4uter\u201c\" data-quantity=\"1\" data-product_id=\"1252\" data-product_sku=\"\" data-price=\"24\" rel=\"nofollow\" class=\"wp-block-button__link  add_to_cart_button\">Ausf\u00fchrung w\u00e4hlen<\/a><\/div>\n\t\t\t<\/li><li class=\"wc-block-grid__product\">\n\t\t\t\t<a href=\"https:\/\/xn--pferdundpftchen-itb.de\/woocommerce\/produkt\/hagebuttenfruechte-geschrotet\/\" class=\"wc-block-grid__product-link\">\n\t\t\t\t\t\n\t\t\t\t\t<div class=\"wc-block-grid__product-image\"><img loading=\"lazy\" decoding=\"async\" width=\"324\" height=\"324\" src=\"https:\/\/xn--pferdundpftchen-itb.de\/woocommerce\/wp-content\/uploads\/2023\/06\/Hagebuttenfruechte-geschrotet-324x324.png\" class=\"attachment-woocommerce_thumbnail size-woocommerce_thumbnail\" alt=\"Hagebuttenfr\u00fcchte geschrotet\" srcset=\"https:\/\/xn--pferdundpftchen-itb.de\/woocommerce\/wp-content\/uploads\/2023\/06\/Hagebuttenfruechte-geschrotet-324x324.png 324w, https:\/\/xn--pferdundpftchen-itb.de\/woocommerce\/wp-content\/uploads\/2023\/06\/Hagebuttenfruechte-geschrotet-300x300.png 300w, https:\/\/xn--pferdundpftchen-itb.de\/woocommerce\/wp-content\/uploads\/2023\/06\/Hagebuttenfruechte-geschrotet-1024x1024.png 1024w, https:\/\/xn--pferdundpftchen-itb.de\/woocommerce\/wp-content\/uploads\/2023\/06\/Hagebuttenfruechte-geschrotet-150x150.png 150w, https:\/\/xn--pferdundpftchen-itb.de\/woocommerce\/wp-content\/uploads\/2023\/06\/Hagebuttenfruechte-geschrotet-768x768.png 768w, https:\/\/xn--pferdundpftchen-itb.de\/woocommerce\/wp-content\/uploads\/2023\/06\/Hagebuttenfruechte-geschrotet-1536x1536.png 1536w, https:\/\/xn--pferdundpftchen-itb.de\/woocommerce\/wp-content\/uploads\/2023\/06\/Hagebuttenfruechte-geschrotet-1320x1320.png 1320w, https:\/\/xn--pferdundpftchen-itb.de\/woocommerce\/wp-content\/uploads\/2023\/06\/Hagebuttenfruechte-geschrotet-416x416.png 416w, https:\/\/xn--pferdundpftchen-itb.de\/woocommerce\/wp-content\/uploads\/2023\/06\/Hagebuttenfruechte-geschrotet-100x100.png 100w, https:\/\/xn--pferdundpftchen-itb.de\/woocommerce\/wp-content\/uploads\/2023\/06\/Hagebuttenfruechte-geschrotet.png 2000w\" sizes=\"auto, (max-width: 324px) 100vw, 324px\" \/><\/div>\n\t\t\t\t\t<div class=\"wc-block-grid__product-title\">Hagebuttenfr\u00fcchte geschrotet<\/div>\n\t\t\t\t<\/a>\n\t\t\t\t<div class=\"wc-block-grid__product-price price\"><span class=\"woocommerce-Price-amount amount\">24,00&nbsp;<span class=\"woocommerce-Price-currencySymbol\">&euro;<\/span><\/span><\/div>\n\t\t\t\t\n\t\t\t\t<div class=\"wp-block-button wc-block-grid__product-add-to-cart\"><a href=\"https:\/\/xn--pferdundpftchen-itb.de\/woocommerce\/produkt\/hagebuttenfruechte-geschrotet\/\" aria-label=\"W\u00e4hle Optionen f\u00fcr \u201eHagebuttenfr\u00fcchte geschrotet\u201c\" data-quantity=\"1\" data-product_id=\"1131\" data-product_sku=\"\" data-price=\"24\" rel=\"nofollow\" class=\"wp-block-button__link  add_to_cart_button\">Ausf\u00fchrung w\u00e4hlen<\/a><\/div>\n\t\t\t<\/li><\/ul><\/div><h2 class=\"wp-block-heading has-text-color has-link-color wp-elements-9ddb66fd22148a691cf64daa5aa85984\" style=\"color:#588313\"><strong>Meine Empfehlungen f\u00fcr deinen Hund:<\/strong><\/h2><div data-block-name=\"woocommerce\/handpicked-products\" data-products=\"[1691,1134,2366]\" class=\"wc-block-grid wp-block-handpicked-products wp-block-woocommerce-handpicked-products wc-block-handpicked-products has-3-columns has-multiple-rows\"><ul class=\"wc-block-grid__products\"><li class=\"wc-block-grid__product\">\n\t\t\t\t<a href=\"https:\/\/xn--pferdundpftchen-itb.de\/woocommerce\/produkt\/veggies-immune\/\" class=\"wc-block-grid__product-link\">\n\t\t\t\t\t\n\t\t\t\t\t<div class=\"wc-block-grid__product-image\"><img loading=\"lazy\" decoding=\"async\" width=\"324\" height=\"324\" src=\"https:\/\/xn--pferdundpftchen-itb.de\/woocommerce\/wp-content\/uploads\/2023\/07\/VEGGIES-immune-324x324.jpg\" class=\"attachment-woocommerce_thumbnail size-woocommerce_thumbnail\" alt=\"VEGGIES immune\" srcset=\"https:\/\/xn--pferdundpftchen-itb.de\/woocommerce\/wp-content\/uploads\/2023\/07\/VEGGIES-immune-324x324.jpg 324w, https:\/\/xn--pferdundpftchen-itb.de\/woocommerce\/wp-content\/uploads\/2023\/07\/VEGGIES-immune-150x150.jpg 150w, https:\/\/xn--pferdundpftchen-itb.de\/woocommerce\/wp-content\/uploads\/2023\/07\/VEGGIES-immune-100x100.jpg 100w\" sizes=\"auto, (max-width: 324px) 100vw, 324px\" \/><\/div>\n\t\t\t\t\t<div class=\"wc-block-grid__product-title\">VEGGIES immune<\/div>\n\t\t\t\t<\/a>\n\t\t\t\t<div class=\"wc-block-grid__product-price price\"><span class=\"woocommerce-Price-amount amount\">3,79&nbsp;<span class=\"woocommerce-Price-currencySymbol\">&euro;<\/span><\/span><\/div>\n\t\t\t\t\n\t\t\t\t<div class=\"wp-block-button wc-block-grid__product-add-to-cart\"><a href=\"?add-to-cart=1691\" aria-label=\"In den Warenkorb legen: \u201eVEGGIES immune\u201c\" data-quantity=\"1\" data-product_id=\"1691\" data-product_sku=\"230001\" data-price=\"3.79\" rel=\"nofollow\" class=\"wp-block-button__link  add_to_cart_button ajax_add_to_cart\">In den Warenkorb<\/a><\/div>\n\t\t\t<\/li><li class=\"wc-block-grid__product\">\n\t\t\t\t<a href=\"https:\/\/xn--pferdundpftchen-itb.de\/woocommerce\/produkt\/hagebuttenpulver\/\" class=\"wc-block-grid__product-link\">\n\t\t\t\t\t\n\t\t\t\t\t<div class=\"wc-block-grid__product-image\"><img loading=\"lazy\" decoding=\"async\" width=\"324\" height=\"324\" src=\"https:\/\/xn--pferdundpftchen-itb.de\/woocommerce\/wp-content\/uploads\/2023\/06\/Hagebuttenpulver-324x324.png\" class=\"attachment-woocommerce_thumbnail size-woocommerce_thumbnail\" alt=\"Hagebuttenpulver\" srcset=\"https:\/\/xn--pferdundpftchen-itb.de\/woocommerce\/wp-content\/uploads\/2023\/06\/Hagebuttenpulver-324x324.png 324w, https:\/\/xn--pferdundpftchen-itb.de\/woocommerce\/wp-content\/uploads\/2023\/06\/Hagebuttenpulver-300x300.png 300w, https:\/\/xn--pferdundpftchen-itb.de\/woocommerce\/wp-content\/uploads\/2023\/06\/Hagebuttenpulver-1024x1024.png 1024w, https:\/\/xn--pferdundpftchen-itb.de\/woocommerce\/wp-content\/uploads\/2023\/06\/Hagebuttenpulver-150x150.png 150w, https:\/\/xn--pferdundpftchen-itb.de\/woocommerce\/wp-content\/uploads\/2023\/06\/Hagebuttenpulver-768x768.png 768w, https:\/\/xn--pferdundpftchen-itb.de\/woocommerce\/wp-content\/uploads\/2023\/06\/Hagebuttenpulver-1536x1536.png 1536w, https:\/\/xn--pferdundpftchen-itb.de\/woocommerce\/wp-content\/uploads\/2023\/06\/Hagebuttenpulver-1320x1320.png 1320w, https:\/\/xn--pferdundpftchen-itb.de\/woocommerce\/wp-content\/uploads\/2023\/06\/Hagebuttenpulver-416x416.png 416w, https:\/\/xn--pferdundpftchen-itb.de\/woocommerce\/wp-content\/uploads\/2023\/06\/Hagebuttenpulver-100x100.png 100w, https:\/\/xn--pferdundpftchen-itb.de\/woocommerce\/wp-content\/uploads\/2023\/06\/Hagebuttenpulver.png 2000w\" sizes=\"auto, (max-width: 324px) 100vw, 324px\" \/><\/div>\n\t\t\t\t\t<div class=\"wc-block-grid__product-title\">Hagebuttenpulver<\/div>\n\t\t\t\t<\/a>\n\t\t\t\t<div class=\"wc-block-grid__product-price price\"><span class=\"woocommerce-Price-amount amount\">8,50&nbsp;<span class=\"woocommerce-Price-currencySymbol\">&euro;<\/span><\/span><\/div>\n\t\t\t\t\n\t\t\t\t<div class=\"wp-block-button wc-block-grid__product-add-to-cart\"><a href=\"https:\/\/xn--pferdundpftchen-itb.de\/woocommerce\/produkt\/hagebuttenpulver\/\" aria-label=\"W\u00e4hle Optionen f\u00fcr \u201eHagebuttenpulver\u201c\" data-quantity=\"1\" data-product_id=\"1134\" data-product_sku=\"\" data-price=\"8.5\" rel=\"nofollow\" class=\"wp-block-button__link  add_to_cart_button\">Ausf\u00fchrung w\u00e4hlen<\/a><\/div>\n\t\t\t<\/li><\/ul><\/div><p><\/p>","protected":false},"excerpt":{"rendered":"<p>Du hast die M\u00f6glichkeit direkt bei uns vor Ort einzukaufen. Wir haben unseren Shop immer montags von 18 &#8211; 20 Uhr ge\u00f6ffnet oder nach individueller Vereinbarung. Adresse: Max-Schmid-Str. 18, 89358 Kammeltal \/ Behlingen. Alternativ kannst du auch hier direkt online bei uns einkaufen und dir die Ware zuschicken lassen oder vor Ort zu einem vereinbarten [&hellip;]<\/p>\n","protected":false},"author":17,"featured_media":0,"parent":0,"menu_order":0,"comment_status":"closed","ping_status":"closed","template":"template-fullwidth.php","meta":{"footnotes":""},"class_list":["post-2353","page","type-page","status-publish","hentry"],"jetpack_sharing_enabled":true,"_links":{"self":[{"href":"https:\/\/xn--pferdundpftchen-itb.de\/woocommerce\/wp-json\/wp\/v2\/pages\/2353","targetHints":{"allow":["GET"]}}],"collection":[{"href":"https:\/\/xn--pferdundpftchen-itb.de\/woocommerce\/wp-json\/wp\/v2\/pages"}],"about":[{"href":"https:\/\/xn--pferdundpftchen-itb.de\/woocommerce\/wp-json\/wp\/v2\/types\/page"}],"author":[{"embeddable":true,"href":"https:\/\/xn--pferdundpftchen-itb.de\/woocommerce\/wp-json\/wp\/v2\/users\/17"}],"replies":[{"embeddable":true,"href":"https:\/\/xn--pferdundpftchen-itb.de\/woocommerce\/wp-json\/wp\/v2\/comments?post=2353"}],"version-history":[{"count":28,"href":"https:\/\/xn--pferdundpftchen-itb.de\/woocommerce\/wp-json\/wp\/v2\/pages\/2353\/revisions"}],"predecessor-version":[{"id":2511,"href":"https:\/\/xn--pferdundpftchen-itb.de\/woocommerce\/wp-json\/wp\/v2\/pages\/2353\/revisions\/2511"}],"wp:attachment":[{"href":"https:\/\/xn--pferdundpftchen-itb.de\/woocommerce\/wp-json\/wp\/v2\/media?parent=2353"}],"curies":[{"name":"wp","href":"https:\/\/api.w.org\/{rel}","templated":true}]}}