{"id":1016,"date":"2023-06-09T10:14:03","date_gmt":"2023-06-09T08:14:03","guid":{"rendered":"https:\/\/xn--pferdundpftchen-itb.de\/woocommerce\/?post_type=product&#038;p=1016"},"modified":"2025-01-12T18:50:39","modified_gmt":"2025-01-12T17:50:39","slug":"amara-bitterkraeuter","status":"publish","type":"product","link":"https:\/\/xn--pferdundpftchen-itb.de\/woocommerce\/produkt\/amara-bitterkraeuter\/","title":{"rendered":"Amara Bitterkr\u00e4uter"},"content":{"rendered":"<h3><strong>Amara Bitterkr\u00e4uter \u2013 Die nat\u00fcrliche Unterst\u00fctzung f\u00fcr eine gesunde Verdauung<\/strong><\/h3>\n<p>Bitterkr\u00e4uter sind ein unverzichtbarer Bestandteil der t\u00e4glichen Ern\u00e4hrung von Pferden \u2013 so war es fr\u00fcher, und so sollte es auch heute sein. Leider fehlen diese wertvollen Pflanzen auf den meisten Wiesen, was zu Verdauungsproblemen f\u00fchren kann.<\/p>\n<p><strong>Vorteile der Amara Bitterkr\u00e4uter:<\/strong><\/p>\n<ul>\n<li><strong>Anregung der Verdauungss\u00e4fte:<\/strong> F\u00f6rdern die Produktion der Magens\u00e4ure und anderer Verdauungssekrete, die essenziell f\u00fcr eine effektive Nahrungsverwertung sind.<\/li>\n<li><strong>Stabilisierung der Darmflora:<\/strong> Unterst\u00fctzen die Balance der erw\u00fcnschten Bakterien im Darm und beugen Schleimhautentz\u00fcndungen, Koliken, Kotwasser und Durchfall vor.<\/li>\n<li><strong>F\u00f6rderung der Vitaminproduktion:<\/strong> Die Bitterkr\u00e4uter schaffen die ideale Grundlage f\u00fcr die Bildung lebenswichtiger Vitamine wie B6, B12 und K.<\/li>\n<\/ul>\n<p>Da Bitterkr\u00e4uter heute kaum noch auf Wiesen zu finden sind, sind die <strong>Amara Bitterkr\u00e4uter von PerNaturam<\/strong> die perfekte Erg\u00e4nzung f\u00fcr das Wohlbefinden und die Gesundheit deines Pferdes.<\/p>\n<p>Zusammensetzung: Wermut, Rosmarin, Beifuss, Engelwurz, Tausendg\u00fcldenkraut, Kalmus, L\u00f6wenzahnwurzeln, Fieberklee, Blutwurz<\/p>\n<p>F\u00fctterungsempfehlung: F\u00fcttern Sie t\u00e4glich 50 bis 70 g Amara Bitterkr\u00e4uter.<\/p>\n","protected":false},"excerpt":{"rendered":"<p>Amara Bitterkr\u00e4uter \u2013 Die nat\u00fcrliche Unterst\u00fctzung f\u00fcr eine gesunde Verdauung Bitterkr\u00e4uter sind ein unverzichtbarer Bestandteil der t\u00e4glichen Ern\u00e4hrung von Pferden \u2013 so war es fr\u00fcher, und so sollte es auch heute sein. Leider fehlen diese wertvollen Pflanzen auf den meisten Wiesen, was zu Verdauungsproblemen f\u00fchren kann. Vorteile der Amara Bitterkr\u00e4uter: Anregung der Verdauungss\u00e4fte: F\u00f6rdern die [&hellip;]<\/p>\n","protected":false},"featured_media":695,"comment_status":"open","ping_status":"closed","template":"","meta":[],"product_brand":[],"product_cat":[15,48,33],"product_tag":[],"class_list":{"0":"post-1016","1":"product","2":"type-product","3":"status-publish","4":"has-post-thumbnail","6":"product_cat-pferd","7":"product_cat-ausleitung-entgiftung-pferd","8":"product_cat-magen-verdauung-pferd","10":"first","11":"instock","12":"taxable","13":"shipping-taxable","14":"purchasable","15":"product-type-variable"},"jetpack_sharing_enabled":true,"_links":{"self":[{"href":"https:\/\/xn--pferdundpftchen-itb.de\/woocommerce\/wp-json\/wp\/v2\/product\/1016","targetHints":{"allow":["GET"]}}],"collection":[{"href":"https:\/\/xn--pferdundpftchen-itb.de\/woocommerce\/wp-json\/wp\/v2\/product"}],"about":[{"href":"https:\/\/xn--pferdundpftchen-itb.de\/woocommerce\/wp-json\/wp\/v2\/types\/product"}],"replies":[{"embeddable":true,"href":"https:\/\/xn--pferdundpftchen-itb.de\/woocommerce\/wp-json\/wp\/v2\/comments?post=1016"}],"wp:featuredmedia":[{"embeddable":true,"href":"https:\/\/xn--pferdundpftchen-itb.de\/woocommerce\/wp-json\/wp\/v2\/media\/695"}],"wp:attachment":[{"href":"https:\/\/xn--pferdundpftchen-itb.de\/woocommerce\/wp-json\/wp\/v2\/media?parent=1016"}],"wp:term":[{"taxonomy":"product_brand","embeddable":true,"href":"https:\/\/xn--pferdundpftchen-itb.de\/woocommerce\/wp-json\/wp\/v2\/product_brand?post=1016"},{"taxonomy":"product_cat","embeddable":true,"href":"https:\/\/xn--pferdundpftchen-itb.de\/woocommerce\/wp-json\/wp\/v2\/product_cat?post=1016"},{"taxonomy":"product_tag","embeddable":true,"href":"https:\/\/xn--pferdundpftchen-itb.de\/woocommerce\/wp-json\/wp\/v2\/product_tag?post=1016"}],"curies":[{"name":"wp","href":"https:\/\/api.w.org\/{rel}","templated":true}]}}