{"id":1019,"date":"2023-06-09T10:19:43","date_gmt":"2023-06-09T08:19:43","guid":{"rendered":"https:\/\/xn--pferdundpftchen-itb.de\/woocommerce\/?post_type=product&#038;p=1019"},"modified":"2025-01-12T19:10:07","modified_gmt":"2025-01-12T18:10:07","slug":"anis-kuemmel-fenchel","status":"publish","type":"product","link":"https:\/\/xn--pferdundpftchen-itb.de\/woocommerce\/produkt\/anis-kuemmel-fenchel\/","title":{"rendered":"Anis, K\u00fcmmel, Fenchel"},"content":{"rendered":"<h3><strong>Anis-K\u00fcmmel-Fenchel \u2013 Unterst\u00fctzung f\u00fcr Magen und Darm<\/strong><\/h3>\n<p>Anis, K\u00fcmmel und Fenchel geh\u00f6ren zu den klassischen Gew\u00fcrzpflanzen, die bei Magen- und Darmproblemen unverzichtbar sind. Besonders hilfreich sind sie bei Magengeschw\u00fcren, starken Bl\u00e4hungen oder Koliken \u2013 und ebenso, um diesen vorzubeugen.<\/p>\n<p>Diese Mischung hat sich auch bei Pferden bew\u00e4hrt, die zu nerv\u00f6sen Koliken neigen. Dank ihres angenehmen Geschmacks wird sie von den Pferden gerne gefressen und kann zudem genutzt werden, um die Akzeptanz von anderem Futter zu steigern.<\/p>\n<p><strong>Anwendungstipps:<\/strong><\/p>\n<ul>\n<li>Bei Magengeschw\u00fcren und gest\u00f6rtem Darm empfiehlt sich das Anr\u00fchren der Mischung mit einem Sud aus S\u00fc\u00dfholzwurzel.<\/li>\n<li>F\u00fcr eine umfassende Grundversorgung k\u00f6nnen <strong>Ostpreu\u00dfen Kr\u00e4uter<\/strong> oder die <strong>Amara Bitterkr\u00e4uter<\/strong> erg\u00e4nzend gef\u00fcttert werden.<\/li>\n<li>Anis-K\u00fcmmel-Fenchel f\u00f6rdert zus\u00e4tzlich die Milchbildung und ist daher besonders wertvoll f\u00fcr laktierende Stuten.<\/li>\n<\/ul>\n<p>Zusammensetzung: Anis, K\u00fcmmel, Fenchel zu gleichen Teilen, geschrotet.<\/p>\n<p>F\u00fctterungsempfehlung: Mischen Sie, je nach Gr\u00f6\u00dfe des Pferdes und Problemlage, t\u00e4glich mehrfach bis zu drei Messl\u00f6ffel PerNaturam Anis-K\u00fcmmel- Fenchel unter das Futter. Eingeweicht in hei\u00dfem Wasser wird die Wirkung verst\u00e4rkt.<\/p>\n","protected":false},"excerpt":{"rendered":"<p>Anis-K\u00fcmmel-Fenchel \u2013 Unterst\u00fctzung f\u00fcr Magen und Darm Anis, K\u00fcmmel und Fenchel geh\u00f6ren zu den klassischen Gew\u00fcrzpflanzen, die bei Magen- und Darmproblemen unverzichtbar sind. Besonders hilfreich sind sie bei Magengeschw\u00fcren, starken Bl\u00e4hungen oder Koliken \u2013 und ebenso, um diesen vorzubeugen. Diese Mischung hat sich auch bei Pferden bew\u00e4hrt, die zu nerv\u00f6sen Koliken neigen. Dank ihres angenehmen [&hellip;]<\/p>\n","protected":false},"featured_media":696,"comment_status":"open","ping_status":"closed","template":"","meta":[],"product_brand":[],"product_cat":[15,49,33],"product_tag":[],"class_list":{"0":"post-1019","1":"product","2":"type-product","3":"status-publish","4":"has-post-thumbnail","6":"product_cat-pferd","7":"product_cat-hormone-fortpflanzung","8":"product_cat-magen-verdauung-pferd","10":"first","11":"instock","12":"taxable","13":"shipping-taxable","14":"purchasable","15":"product-type-variable"},"jetpack_sharing_enabled":true,"_links":{"self":[{"href":"https:\/\/xn--pferdundpftchen-itb.de\/woocommerce\/wp-json\/wp\/v2\/product\/1019","targetHints":{"allow":["GET"]}}],"collection":[{"href":"https:\/\/xn--pferdundpftchen-itb.de\/woocommerce\/wp-json\/wp\/v2\/product"}],"about":[{"href":"https:\/\/xn--pferdundpftchen-itb.de\/woocommerce\/wp-json\/wp\/v2\/types\/product"}],"replies":[{"embeddable":true,"href":"https:\/\/xn--pferdundpftchen-itb.de\/woocommerce\/wp-json\/wp\/v2\/comments?post=1019"}],"wp:featuredmedia":[{"embeddable":true,"href":"https:\/\/xn--pferdundpftchen-itb.de\/woocommerce\/wp-json\/wp\/v2\/media\/696"}],"wp:attachment":[{"href":"https:\/\/xn--pferdundpftchen-itb.de\/woocommerce\/wp-json\/wp\/v2\/media?parent=1019"}],"wp:term":[{"taxonomy":"product_brand","embeddable":true,"href":"https:\/\/xn--pferdundpftchen-itb.de\/woocommerce\/wp-json\/wp\/v2\/product_brand?post=1019"},{"taxonomy":"product_cat","embeddable":true,"href":"https:\/\/xn--pferdundpftchen-itb.de\/woocommerce\/wp-json\/wp\/v2\/product_cat?post=1019"},{"taxonomy":"product_tag","embeddable":true,"href":"https:\/\/xn--pferdundpftchen-itb.de\/woocommerce\/wp-json\/wp\/v2\/product_tag?post=1019"}],"curies":[{"name":"wp","href":"https:\/\/api.w.org\/{rel}","templated":true}]}}