{"id":1021,"date":"2023-06-09T10:27:55","date_gmt":"2023-06-09T08:27:55","guid":{"rendered":"https:\/\/xn--pferdundpftchen-itb.de\/woocommerce\/?post_type=product&#038;p=1021"},"modified":"2024-12-05T07:53:29","modified_gmt":"2024-12-05T06:53:29","slug":"balsama","status":"publish","type":"product","link":"https:\/\/xn--pferdundpftchen-itb.de\/woocommerce\/produkt\/balsama\/","title":{"rendered":"Balsama"},"content":{"rendered":"<p>Entdecke\u00a0 die Balsama-Kr\u00e4utermischung f\u00fcr mehr Gelassenheit bei deinem Pferd!<\/p>\n<p>Hektik und Nervosit\u00e4t k\u00f6nnen f\u00fcr dein Pferd nicht nur unangenehm, sondern auch gef\u00e4hrlich sein. Wenn dein Pferd unter Stress leidet, kann das zu schweren Unf\u00e4llen f\u00fchren und die Gesundheit beeintr\u00e4chtigen. Unsere speziell entwickelte Balsama-Kr\u00e4utermischung bietet eine nat\u00fcrliche L\u00f6sung, um die Stressresistenz deines Pferdes zu steigern und ihm zu mehr innerer Ruhe zu verhelfen.<\/p>\n<p>Die Balsama-Kr\u00e4uter wirken gezielt auf die psychischen Aspekte der Nervosit\u00e4t und unterst\u00fctzen gleichzeitig die Verdauungsorgane, Leber, Magen und Darm. Viele Koliken k\u00f6nnen auf Stress zur\u00fcckgef\u00fchrt werden \u2013 mit unserer Kr\u00e4utermischung hilfst du deinem Pferd, diese Probleme zu vermeiden.<\/p>\n<p>Unsere Kr\u00e4uter f\u00f6rdern die Gelassenheit, ohne dein Pferd tr\u00e4ge oder schl\u00e4frig zu machen. Gib deinem Pferd die M\u00f6glichkeit, in stressigen Situationen ruhig und ausgeglichen zu bleiben. Vertraue auf die Kraft der Natur und schenke deinem Pferd das Wohlbefinden, das es verdient!<\/p>\n<p>Balsama-Kr\u00e4uter \u2013 f\u00fcr ein entspanntes und gl\u00fcckliches Pferd!<\/p>\n<p>Zusammensetzung: Hopfen, Melisse, Lavendel, Baldrian, Brennnessel, Apfel, Kamille.<\/p>\n<p>F\u00fctterungsempfehlung: Balsamakr\u00e4uter werden entweder \u00fcber einen begrenzten Zeitraum gef\u00fcttert bis max. 4 Wochen lang, oder man f\u00fcttert sie im Wechsel oder auch zusammen mit anderen Kr\u00e4utermischungen, z.B. Immunkr\u00e4utern oder den Kr\u00e4utern der Grundversorgung\/Landschaftsmischungen. Sehr bew\u00e4hrt hat es sich bei sehr nerv\u00f6sen Pferden, t\u00e4glich eine Handvoll angefeuchteter Kr\u00e4uter zum Futter dazuzugeben. Bei sehr nerv\u00f6sen Pferden, bei Pferden in au\u00dfergew\u00f6hnlichen Stress-Situationen, wie Transport, Umzug und neuer, ungewohnter Umgebung sollte man die Balsama-Kr\u00e4utermischung eine Woche vorher und nachher einsetzen.<\/p>\n","protected":false},"excerpt":{"rendered":"<p>Entdecke\u00a0 die Balsama-Kr\u00e4utermischung f\u00fcr mehr Gelassenheit bei deinem Pferd! Hektik und Nervosit\u00e4t k\u00f6nnen f\u00fcr dein Pferd nicht nur unangenehm, sondern auch gef\u00e4hrlich sein. Wenn dein Pferd unter Stress leidet, kann das zu schweren Unf\u00e4llen f\u00fchren und die Gesundheit beeintr\u00e4chtigen. Unsere speziell entwickelte Balsama-Kr\u00e4utermischung bietet eine nat\u00fcrliche L\u00f6sung, um die Stressresistenz deines Pferdes zu steigern und [&hellip;]<\/p>\n","protected":false},"featured_media":701,"comment_status":"open","ping_status":"closed","template":"","meta":[],"product_brand":[],"product_cat":[15,33,56],"product_tag":[],"class_list":{"0":"post-1021","1":"product","2":"type-product","3":"status-publish","4":"has-post-thumbnail","6":"product_cat-pferd","7":"product_cat-magen-verdauung-pferd","8":"product_cat-nerven-stress-pferd","10":"first","11":"instock","12":"taxable","13":"shipping-taxable","14":"purchasable","15":"product-type-variable"},"jetpack_sharing_enabled":true,"_links":{"self":[{"href":"https:\/\/xn--pferdundpftchen-itb.de\/woocommerce\/wp-json\/wp\/v2\/product\/1021","targetHints":{"allow":["GET"]}}],"collection":[{"href":"https:\/\/xn--pferdundpftchen-itb.de\/woocommerce\/wp-json\/wp\/v2\/product"}],"about":[{"href":"https:\/\/xn--pferdundpftchen-itb.de\/woocommerce\/wp-json\/wp\/v2\/types\/product"}],"replies":[{"embeddable":true,"href":"https:\/\/xn--pferdundpftchen-itb.de\/woocommerce\/wp-json\/wp\/v2\/comments?post=1021"}],"wp:featuredmedia":[{"embeddable":true,"href":"https:\/\/xn--pferdundpftchen-itb.de\/woocommerce\/wp-json\/wp\/v2\/media\/701"}],"wp:attachment":[{"href":"https:\/\/xn--pferdundpftchen-itb.de\/woocommerce\/wp-json\/wp\/v2\/media?parent=1021"}],"wp:term":[{"taxonomy":"product_brand","embeddable":true,"href":"https:\/\/xn--pferdundpftchen-itb.de\/woocommerce\/wp-json\/wp\/v2\/product_brand?post=1021"},{"taxonomy":"product_cat","embeddable":true,"href":"https:\/\/xn--pferdundpftchen-itb.de\/woocommerce\/wp-json\/wp\/v2\/product_cat?post=1021"},{"taxonomy":"product_tag","embeddable":true,"href":"https:\/\/xn--pferdundpftchen-itb.de\/woocommerce\/wp-json\/wp\/v2\/product_tag?post=1021"}],"curies":[{"name":"wp","href":"https:\/\/api.w.org\/{rel}","templated":true}]}}