{"id":1024,"date":"2023-06-09T10:45:53","date_gmt":"2023-06-09T08:45:53","guid":{"rendered":"https:\/\/xn--pferdundpftchen-itb.de\/woocommerce\/?post_type=product&#038;p=1024"},"modified":"2025-01-12T19:12:40","modified_gmt":"2025-01-12T18:12:40","slug":"bauerngarten-gruen","status":"publish","type":"product","link":"https:\/\/xn--pferdundpftchen-itb.de\/woocommerce\/produkt\/bauerngarten-gruen\/","title":{"rendered":"Bauerngarten gr\u00fcn"},"content":{"rendered":"<div class=\"flex-shrink-0 flex flex-col relative items-end\">\n<div>\n<div class=\"pt-0\">\n<div class=\"gizmo-bot-avatar flex h-8 w-8 items-center justify-center overflow-hidden rounded-full\">\n<div class=\"relative p-1 rounded-sm flex items-center justify-center bg-token-main-surface-primary text-token-text-primary h-8 w-8\"><\/div>\n<\/div>\n<\/div>\n<\/div>\n<\/div>\n<div class=\"group\/conversation-turn relative flex w-full min-w-0 flex-col agent-turn\">\n<div class=\"flex-col gap-1 md:gap-3\">\n<div class=\"flex max-w-full flex-col flex-grow\">\n<div class=\"min-h-8 text-message flex w-full flex-col items-end gap-2 whitespace-normal break-words text-start [.text-message+&amp;]:mt-5\" dir=\"auto\" data-message-author-role=\"assistant\" data-message-id=\"0f703f49-4ed2-456f-a7bd-9baeb616ff73\" data-message-model-slug=\"gpt-4o\">\n<div class=\"flex w-full flex-col gap-1 empty:hidden first:pt-[3px]\">\n<div class=\"markdown prose w-full break-words dark:prose-invert light\">\n<h3><strong>Bauerngarten \u2013 Gem\u00fcse- und Fr\u00fcchtemischung f\u00fcr Hunde<\/strong><\/h3>\n<p>Schonend getrocknete gr\u00fcne Gem\u00fcse- und Fr\u00fcchtemischung, komplett ohne Rotpigmente. <strong>Bauerngarten<\/strong> bereichert die t\u00e4gliche F\u00fctterung deines Hundes mit nat\u00fcrlichen Mineralien und Spurenelementen und sorgt f\u00fcr eine gesunde Abwechslung.<\/p>\n<p>Der hohe Ballaststoffanteil regt die Darmperistaltik an und unterst\u00fctzt die selbst\u00e4ndige Entleerung der Analdr\u00fcsen \u2013 ein wichtiger Beitrag zu einer guten Verdauung.<\/p>\n<p><strong>Besonderheit:<\/strong><br \/>\n1 kg <strong>Bauerngarten<\/strong> entspricht 10 kg frischem Gem\u00fcse und Fr\u00fcchten \u2013 das macht es besonders ergiebig und leicht in der Anwendung!<\/p>\n<\/div>\n<\/div>\n<\/div>\n<\/div>\n<\/div>\n<\/div>\n<p>Zusammensetzung: Selleriewurzel und Stiele, Pastinake, Petersilie, Zucchini und Apfelst\u00fcckchen.<\/p>\n<p>F\u00fctterungsempfehlung: Hunde bis 5 kg 1\/2 Messl\u00f6ffel (= 5 g) pro Tag, Schwerere Hunde je 10 kg Gewicht einen weiteren Messl\u00f6ffel (bis zu 40 g t\u00e4glich). Ein Messl\u00f6ffel entspricht 10 g. Lassen Sie Bauerngarten kurz in Fleischbr\u00fche oder Wasser quellen. Das trockene Produkt quillt um das 5fache auf. Bei \u00fcbergewichtigen Hunden kann die Menge verdoppelt werden. Sie erleichtern dem Hund damit das Abnehmen, und Hunde mit wenig Bewegung nehmen nicht so schnell zu. Ideal ist die Kombination mit PerNaturam 30 Kr\u00e4utergarten.<\/p>\n","protected":false},"excerpt":{"rendered":"<p>Bauerngarten \u2013 Gem\u00fcse- und Fr\u00fcchtemischung f\u00fcr Hunde Schonend getrocknete gr\u00fcne Gem\u00fcse- und Fr\u00fcchtemischung, komplett ohne Rotpigmente. Bauerngarten bereichert die t\u00e4gliche F\u00fctterung deines Hundes mit nat\u00fcrlichen Mineralien und Spurenelementen und sorgt f\u00fcr eine gesunde Abwechslung. Der hohe Ballaststoffanteil regt die Darmperistaltik an und unterst\u00fctzt die selbst\u00e4ndige Entleerung der Analdr\u00fcsen \u2013 ein wichtiger Beitrag zu einer guten [&hellip;]<\/p>\n","protected":false},"featured_media":702,"comment_status":"open","ping_status":"closed","template":"","meta":[],"product_brand":[],"product_cat":[20,27],"product_tag":[],"class_list":{"0":"post-1024","1":"product","2":"type-product","3":"status-publish","4":"has-post-thumbnail","6":"product_cat-hund","7":"product_cat-grundversorgung","9":"first","10":"instock","11":"taxable","12":"shipping-taxable","13":"purchasable","14":"product-type-variable"},"jetpack_sharing_enabled":true,"_links":{"self":[{"href":"https:\/\/xn--pferdundpftchen-itb.de\/woocommerce\/wp-json\/wp\/v2\/product\/1024","targetHints":{"allow":["GET"]}}],"collection":[{"href":"https:\/\/xn--pferdundpftchen-itb.de\/woocommerce\/wp-json\/wp\/v2\/product"}],"about":[{"href":"https:\/\/xn--pferdundpftchen-itb.de\/woocommerce\/wp-json\/wp\/v2\/types\/product"}],"replies":[{"embeddable":true,"href":"https:\/\/xn--pferdundpftchen-itb.de\/woocommerce\/wp-json\/wp\/v2\/comments?post=1024"}],"wp:featuredmedia":[{"embeddable":true,"href":"https:\/\/xn--pferdundpftchen-itb.de\/woocommerce\/wp-json\/wp\/v2\/media\/702"}],"wp:attachment":[{"href":"https:\/\/xn--pferdundpftchen-itb.de\/woocommerce\/wp-json\/wp\/v2\/media?parent=1024"}],"wp:term":[{"taxonomy":"product_brand","embeddable":true,"href":"https:\/\/xn--pferdundpftchen-itb.de\/woocommerce\/wp-json\/wp\/v2\/product_brand?post=1024"},{"taxonomy":"product_cat","embeddable":true,"href":"https:\/\/xn--pferdundpftchen-itb.de\/woocommerce\/wp-json\/wp\/v2\/product_cat?post=1024"},{"taxonomy":"product_tag","embeddable":true,"href":"https:\/\/xn--pferdundpftchen-itb.de\/woocommerce\/wp-json\/wp\/v2\/product_tag?post=1024"}],"curies":[{"name":"wp","href":"https:\/\/api.w.org\/{rel}","templated":true}]}}