{"id":1032,"date":"2023-06-09T10:52:46","date_gmt":"2023-06-09T08:52:46","guid":{"rendered":"https:\/\/xn--pferdundpftchen-itb.de\/woocommerce\/?post_type=product&#038;p=1032"},"modified":"2025-01-02T18:55:33","modified_gmt":"2025-01-02T17:55:33","slug":"bittermut","status":"publish","type":"product","link":"https:\/\/xn--pferdundpftchen-itb.de\/woocommerce\/produkt\/bittermut\/","title":{"rendered":"Bittermut"},"content":{"rendered":"<p>Bittermut \u2013 Die nat\u00fcrliche L\u00f6sung f\u00fcr die Entwurmung deines Pferdes<\/p>\n<p>Entdecke die Kraft der Natur mit unserer Kr\u00e4utermischung Bittermut, die speziell f\u00fcr die Bed\u00fcrfnisse deines Pferdes entwickelt wurde. Diese einzigartige Mischung wirkt auf nat\u00fcrliche Weise gegen W\u00fcrmer, treibt sie aus und beugt einer erneuten Infektion vor \u2013 ganz ohne Chemie.<\/p>\n<p>Pferde sind von Natur aus darauf ausgelegt, eine Vielzahl von Wurzeln, Kr\u00e4utern, Bl\u00e4ttern und Fr\u00fcchten zu fressen. In der PerNaturam Bittermut Wermutkr\u00e4uter-Mischung finden sie genau diese nat\u00fcrlichen Zutaten. Wilder Wermut (Beifuss) und andere aromatische, basenreiche Kr\u00e4uter f\u00f6rdern eine gesunde Darmbesiedelung und unterst\u00fctzen das Wohlbefinden deines Pferdes.<\/p>\n<p>Die enthaltenen Scharf- und Bitterstoffe, sowie faserreiche Strukturen reinigen den Darm und pflegen die Darmschleimhaut, was zu einer optimalen Verdauung beitr\u00e4gt. So bleibt dein Pferd nicht nur gesund, sondern f\u00fchlt sich auch rundum wohl.<\/p>\n<p>Um die Wirksamkeit von Bittermut zu maximieren, empfehlen wir, regelm\u00e4\u00dfig Kotanalysen erstellen zu lassen. So kannst du eine gezielte und selektive Entwurmung durchf\u00fchren und die Gesundheit deines Pferdes nachhaltig f\u00f6rdern. Bei Interesse, gerne bei uns in der Praxis melden.<\/p>\n<p>Zusammensetzung: 50 % Wilder Wermut, Hagebuttenkerne, Kokosraspel, Walnussbl\u00e4tter, Strahlenlose Kamille, Meerrettich und Salbei<\/p>\n<p>F\u00fctterungsempfehlung:<br \/>\nMische , je nach Gr\u00f6\u00dfe des Pferdes, 5 Tage lang t\u00e4glich 30 bis 70 g PerNaturam Bittermut Wermutkr\u00e4uter- Mischung am besten angefeuchtet unter das Futter.<br \/>\nWiederhole dies nach einer Pause von einer Woche. Diese Kur kannst du 4 x im Jahr durchf\u00fchren.<br \/>\n\u2264 400 kg K\u00f6rpermasse = 30 g<br \/>\n500-600 kg K\u00f6rpermasse = 50 g<br \/>\n\u2265 700 kg K\u00f6rpermasse = 70 g &#8222;<\/p>\n","protected":false},"excerpt":{"rendered":"<p>Bittermut \u2013 Die nat\u00fcrliche L\u00f6sung f\u00fcr die Entwurmung deines Pferdes Entdecke die Kraft der Natur mit unserer Kr\u00e4utermischung Bittermut, die speziell f\u00fcr die Bed\u00fcrfnisse deines Pferdes entwickelt wurde. Diese einzigartige Mischung wirkt auf nat\u00fcrliche Weise gegen W\u00fcrmer, treibt sie aus und beugt einer erneuten Infektion vor \u2013 ganz ohne Chemie. Pferde sind von Natur aus [&hellip;]<\/p>\n","protected":false},"featured_media":706,"comment_status":"open","ping_status":"closed","template":"","meta":[],"product_brand":[],"product_cat":[15,39,33],"product_tag":[],"class_list":{"0":"post-1032","1":"product","2":"type-product","3":"status-publish","4":"has-post-thumbnail","6":"product_cat-pferd","7":"product_cat-parasiten-pferd","8":"product_cat-magen-verdauung-pferd","10":"first","11":"instock","12":"taxable","13":"shipping-taxable","14":"purchasable","15":"product-type-variable"},"jetpack_sharing_enabled":true,"_links":{"self":[{"href":"https:\/\/xn--pferdundpftchen-itb.de\/woocommerce\/wp-json\/wp\/v2\/product\/1032","targetHints":{"allow":["GET"]}}],"collection":[{"href":"https:\/\/xn--pferdundpftchen-itb.de\/woocommerce\/wp-json\/wp\/v2\/product"}],"about":[{"href":"https:\/\/xn--pferdundpftchen-itb.de\/woocommerce\/wp-json\/wp\/v2\/types\/product"}],"replies":[{"embeddable":true,"href":"https:\/\/xn--pferdundpftchen-itb.de\/woocommerce\/wp-json\/wp\/v2\/comments?post=1032"}],"wp:featuredmedia":[{"embeddable":true,"href":"https:\/\/xn--pferdundpftchen-itb.de\/woocommerce\/wp-json\/wp\/v2\/media\/706"}],"wp:attachment":[{"href":"https:\/\/xn--pferdundpftchen-itb.de\/woocommerce\/wp-json\/wp\/v2\/media?parent=1032"}],"wp:term":[{"taxonomy":"product_brand","embeddable":true,"href":"https:\/\/xn--pferdundpftchen-itb.de\/woocommerce\/wp-json\/wp\/v2\/product_brand?post=1032"},{"taxonomy":"product_cat","embeddable":true,"href":"https:\/\/xn--pferdundpftchen-itb.de\/woocommerce\/wp-json\/wp\/v2\/product_cat?post=1032"},{"taxonomy":"product_tag","embeddable":true,"href":"https:\/\/xn--pferdundpftchen-itb.de\/woocommerce\/wp-json\/wp\/v2\/product_tag?post=1032"}],"curies":[{"name":"wp","href":"https:\/\/api.w.org\/{rel}","templated":true}]}}