{"id":1035,"date":"2023-06-09T10:58:38","date_gmt":"2023-06-09T08:58:38","guid":{"rendered":"https:\/\/xn--pferdundpftchen-itb.de\/woocommerce\/?post_type=product&#038;p=1035"},"modified":"2025-01-14T20:07:58","modified_gmt":"2025-01-14T19:07:58","slug":"brennnesselkraut","status":"publish","type":"product","link":"https:\/\/xn--pferdundpftchen-itb.de\/woocommerce\/produkt\/brennnesselkraut\/","title":{"rendered":"Brennnesselkraut"},"content":{"rendered":"<h3><strong>Brennnesselkraut \u2013 Nat\u00fcrliches Kraftpaket f\u00fcr Pferde<\/strong><\/h3>\n<p>Die <strong>Brennnessel<\/strong> z\u00e4hlt zu den wertvollsten Heil- und Futterpflanzen f\u00fcr Pferde.<\/p>\n<ul>\n<li><strong>F\u00f6rdert die Nierent\u00e4tigkeit:<\/strong> Unterst\u00fctzt die Ausscheidung durch den hohen Kaliumgehalt.<\/li>\n<li><strong>St\u00e4rkt den Kreislauf:<\/strong> F\u00fcr ein vitales und leistungsbereites Pferd.<\/li>\n<li><strong>Reich an Mineralstoffen:<\/strong> Liefert Kalium, Kalzium und Spurenelemente zur optimalen Versorgung.<\/li>\n<li><strong>Nat\u00fcrliche Inhaltsstoffe:<\/strong> Organische S\u00e4uren f\u00f6rdern den Stoffwechsel.<\/li>\n<\/ul>\n<p>Getrocknete Brennnessel wird von Pferden besonders gerne gefressen und erg\u00e4nzt die t\u00e4gliche F\u00fctterung ideal.<\/p>\n<p>Zusammensetzung: 100 % Brennnesselkraut, geschnitten.<\/p>\n<p>F\u00fctterungsempfehlung: Mischen Sie, je nach Gr\u00f6\u00dfe des Pferdes, t\u00e4glich 1 &#8211; 3 handvoll Brennnesselkraut von PerNaturam unter das Futter.<\/p>\n","protected":false},"excerpt":{"rendered":"<p>Brennnesselkraut \u2013 Nat\u00fcrliches Kraftpaket f\u00fcr Pferde Die Brennnessel z\u00e4hlt zu den wertvollsten Heil- und Futterpflanzen f\u00fcr Pferde. F\u00f6rdert die Nierent\u00e4tigkeit: Unterst\u00fctzt die Ausscheidung durch den hohen Kaliumgehalt. St\u00e4rkt den Kreislauf: F\u00fcr ein vitales und leistungsbereites Pferd. Reich an Mineralstoffen: Liefert Kalium, Kalzium und Spurenelemente zur optimalen Versorgung. Nat\u00fcrliche Inhaltsstoffe: Organische S\u00e4uren f\u00f6rdern den Stoffwechsel. Getrocknete [&hellip;]<\/p>\n","protected":false},"featured_media":707,"comment_status":"open","ping_status":"closed","template":"","meta":[],"product_brand":[],"product_cat":[15,64],"product_tag":[],"class_list":{"0":"post-1035","1":"product","2":"type-product","3":"status-publish","4":"has-post-thumbnail","6":"product_cat-pferd","7":"product_cat-leber-niere-pferd","9":"first","10":"instock","11":"taxable","12":"shipping-taxable","13":"purchasable","14":"product-type-variable"},"jetpack_sharing_enabled":true,"_links":{"self":[{"href":"https:\/\/xn--pferdundpftchen-itb.de\/woocommerce\/wp-json\/wp\/v2\/product\/1035","targetHints":{"allow":["GET"]}}],"collection":[{"href":"https:\/\/xn--pferdundpftchen-itb.de\/woocommerce\/wp-json\/wp\/v2\/product"}],"about":[{"href":"https:\/\/xn--pferdundpftchen-itb.de\/woocommerce\/wp-json\/wp\/v2\/types\/product"}],"replies":[{"embeddable":true,"href":"https:\/\/xn--pferdundpftchen-itb.de\/woocommerce\/wp-json\/wp\/v2\/comments?post=1035"}],"wp:featuredmedia":[{"embeddable":true,"href":"https:\/\/xn--pferdundpftchen-itb.de\/woocommerce\/wp-json\/wp\/v2\/media\/707"}],"wp:attachment":[{"href":"https:\/\/xn--pferdundpftchen-itb.de\/woocommerce\/wp-json\/wp\/v2\/media?parent=1035"}],"wp:term":[{"taxonomy":"product_brand","embeddable":true,"href":"https:\/\/xn--pferdundpftchen-itb.de\/woocommerce\/wp-json\/wp\/v2\/product_brand?post=1035"},{"taxonomy":"product_cat","embeddable":true,"href":"https:\/\/xn--pferdundpftchen-itb.de\/woocommerce\/wp-json\/wp\/v2\/product_cat?post=1035"},{"taxonomy":"product_tag","embeddable":true,"href":"https:\/\/xn--pferdundpftchen-itb.de\/woocommerce\/wp-json\/wp\/v2\/product_tag?post=1035"}],"curies":[{"name":"wp","href":"https:\/\/api.w.org\/{rel}","templated":true}]}}