{"id":1037,"date":"2023-06-09T11:02:48","date_gmt":"2023-06-09T09:02:48","guid":{"rendered":"https:\/\/xn--pferdundpftchen-itb.de\/woocommerce\/?post_type=product&#038;p=1037"},"modified":"2025-01-02T19:06:18","modified_gmt":"2025-01-02T18:06:18","slug":"bronchosan","status":"publish","type":"product","link":"https:\/\/xn--pferdundpftchen-itb.de\/woocommerce\/produkt\/bronchosan\/","title":{"rendered":"Bronchosan"},"content":{"rendered":"<p>Hast\u00a0Du\u00a0gewusst,\u00a0dass\u00a0unsere\u00a0Pferde\u00a0oft\u00a0mit\u00a0Staub\u00a0und\u00a0Schimmelbelastungen\u00a0k\u00e4mpfen\u00a0m\u00fcssen,\u00a0w\u00e4hrend\u00a0Wildpferde\u00a0in\u00a0der\u00a0Natur\u00a0frei\u00a0und\u00a0unbeschwert\u00a0leben?\u00a0Besonders\u00a0in\u00a0St\u00e4llen,\u00a0wo\u00a0die\u00a0Schimmellast\u00a0im\u00a0Staub\u00a0bis\u00a0zu\u00a070\u00a0%\u00a0betragen\u00a0kann,\u00a0ist\u00a0es\u00a0wichtig,\u00a0die\u00a0Atemwege\u00a0Deines\u00a0Pferdes\u00a0zu\u00a0unterst\u00fctzen.\u00a0Zudem\u00a0hindert\u00a0das\u00a0st\u00e4ndige\u00a0Eindecken\u00a0viele\u00a0Pferde\u00a0daran,\u00a0ihre\u00a0K\u00f6rpertemperatur\u00a0selbst\u00a0zu\u00a0regulieren,\u00a0was\u00a0zu\u00a0schweren\u00a0Erk\u00e4ltungen\u00a0f\u00fchren\u00a0kann.<\/p>\n<p>Mit\u00a0unserer\u00a0Bronchosan-Kr\u00e4utermischung\u00a0kannst\u00a0Du\u00a0Deinem\u00a0Pferd\u00a0auf\u00a0nat\u00fcrliche\u00a0Weise\u00a0helfen!\u00a0Diese\u00a0spezielle\u00a0Mischung\u00a0enth\u00e4lt\u00a0Kr\u00e4uter,\u00a0die\u00a0reich\u00a0an\u00a0\u00e4therischen\u00a0\u00d6len\u00a0und\u00a0Antioxidantien\u00a0sind.\u00a0Sie\u00a0wirken\u00a0schleimhautaktiv\u00a0und\u00a0entfalten\u00a0ihre\u00a0positive\u00a0Wirkung\u00a0direkt\u00a0im\u00a0Atemwegsbereich.<\/p>\n<p>Die\u00a0aromareiche\u00a0Mischung\u00a0f\u00f6rdert\u00a0die\u00a0Gesundheit\u00a0der\u00a0Schleimh\u00e4ute\u00a0und\u00a0hilft,\u00a0den\u00a0Schleim\u00a0zu\u00a0verfl\u00fcssigen,\u00a0sodass\u00a0er\u00a0leichter\u00a0abgehustet\u00a0werden\u00a0kann.\u00a0So\u00a0unterst\u00fctzt\u00a0Du\u00a0die\u00a0Atemwege\u00a0Deines\u00a0Pferdes\u00a0und\u00a0sorgst\u00a0daf\u00fcr,\u00a0dass\u00a0es\u00a0sich\u00a0wieder\u00a0frei\u00a0und\u00a0unbeschwert\u00a0bewegen\u00a0kann.<\/p>\n<p>Gib\u00a0Deinem\u00a0Pferd\u00a0die\u00a0Unterst\u00fctzung,\u00a0die\u00a0es\u00a0braucht,\u00a0um\u00a0gesund\u00a0und\u00a0vital\u00a0zu\u00a0bleiben!\u00a0Bestelle\u00a0jetzt\u00a0die\u00a0Bronchosan-Kr\u00e4uter\u00a0und\u00a0sorge\u00a0f\u00fcr\u00a0eine\u00a0bessere\u00a0Atemluft\u00a0f\u00fcr\u00a0Dein\u00a0Tier!<\/p>\n<p>Zusammensetzung: Spitzwegerich, Eibischwurzel, Fenchel, Thymian, K\u00f6nigskerzenbl\u00fcten, Isl\u00e4ndisch Moos und Lindenbl\u00fcten.<\/p>\n<p>F\u00fctterungsempfehlung: F\u00fcttere 50 -70 g Bronchosan Atemkr\u00e4uter f\u00fcr ein Pferd t\u00e4glich, am besten angefeuchtet \u00fcber das Futter. Auch als Tee aufgegossen mit Lindenbl\u00fctenhonig empfehlenswert. Bronchosan\u00ae- Kr\u00e4uter werden \u00fcber einen begrenzten Zeitraum gef\u00fcttert \u2013 bew\u00e4hrt hat es sich, eine Handvoll angefeuchteter Kr\u00e4uter t\u00e4glich zum Futter dazuzugeben. Bei anhaltenden Problemen sollte mit Schw\u00e4bischer Alb-Mischung abgewechselt werden.<\/p>\n","protected":false},"excerpt":{"rendered":"<p>Hast\u00a0Du\u00a0gewusst,\u00a0dass\u00a0unsere\u00a0Pferde\u00a0oft\u00a0mit\u00a0Staub\u00a0und\u00a0Schimmelbelastungen\u00a0k\u00e4mpfen\u00a0m\u00fcssen,\u00a0w\u00e4hrend\u00a0Wildpferde\u00a0in\u00a0der\u00a0Natur\u00a0frei\u00a0und\u00a0unbeschwert\u00a0leben?\u00a0Besonders\u00a0in\u00a0St\u00e4llen,\u00a0wo\u00a0die\u00a0Schimmellast\u00a0im\u00a0Staub\u00a0bis\u00a0zu\u00a070\u00a0%\u00a0betragen\u00a0kann,\u00a0ist\u00a0es\u00a0wichtig,\u00a0die\u00a0Atemwege\u00a0Deines\u00a0Pferdes\u00a0zu\u00a0unterst\u00fctzen.\u00a0Zudem\u00a0hindert\u00a0das\u00a0st\u00e4ndige\u00a0Eindecken\u00a0viele\u00a0Pferde\u00a0daran,\u00a0ihre\u00a0K\u00f6rpertemperatur\u00a0selbst\u00a0zu\u00a0regulieren,\u00a0was\u00a0zu\u00a0schweren\u00a0Erk\u00e4ltungen\u00a0f\u00fchren\u00a0kann. Mit\u00a0unserer\u00a0Bronchosan-Kr\u00e4utermischung\u00a0kannst\u00a0Du\u00a0Deinem\u00a0Pferd\u00a0auf\u00a0nat\u00fcrliche\u00a0Weise\u00a0helfen!\u00a0Diese\u00a0spezielle\u00a0Mischung\u00a0enth\u00e4lt\u00a0Kr\u00e4uter,\u00a0die\u00a0reich\u00a0an\u00a0\u00e4therischen\u00a0\u00d6len\u00a0und\u00a0Antioxidantien\u00a0sind.\u00a0Sie\u00a0wirken\u00a0schleimhautaktiv\u00a0und\u00a0entfalten\u00a0ihre\u00a0positive\u00a0Wirkung\u00a0direkt\u00a0im\u00a0Atemwegsbereich. Die\u00a0aromareiche\u00a0Mischung\u00a0f\u00f6rdert\u00a0die\u00a0Gesundheit\u00a0der\u00a0Schleimh\u00e4ute\u00a0und\u00a0hilft,\u00a0den\u00a0Schleim\u00a0zu\u00a0verfl\u00fcssigen,\u00a0sodass\u00a0er\u00a0leichter\u00a0abgehustet\u00a0werden\u00a0kann.\u00a0So\u00a0unterst\u00fctzt\u00a0Du\u00a0die\u00a0Atemwege\u00a0Deines\u00a0Pferdes\u00a0und\u00a0sorgst\u00a0daf\u00fcr,\u00a0dass\u00a0es\u00a0sich\u00a0wieder\u00a0frei\u00a0und\u00a0unbeschwert\u00a0bewegen\u00a0kann. Gib\u00a0Deinem\u00a0Pferd\u00a0die\u00a0Unterst\u00fctzung,\u00a0die\u00a0es\u00a0braucht,\u00a0um\u00a0gesund\u00a0und\u00a0vital\u00a0zu\u00a0bleiben!\u00a0Bestelle\u00a0jetzt\u00a0die\u00a0Bronchosan-Kr\u00e4uter\u00a0und\u00a0sorge\u00a0f\u00fcr\u00a0eine\u00a0bessere\u00a0Atemluft\u00a0f\u00fcr\u00a0Dein\u00a0Tier! Zusammensetzung: Spitzwegerich, Eibischwurzel, Fenchel, Thymian, K\u00f6nigskerzenbl\u00fcten, Isl\u00e4ndisch Moos und Lindenbl\u00fcten. F\u00fctterungsempfehlung: F\u00fcttere 50 -70 g Bronchosan Atemkr\u00e4uter f\u00fcr ein Pferd t\u00e4glich, am besten angefeuchtet \u00fcber das Futter. Auch als Tee aufgegossen mit Lindenbl\u00fctenhonig empfehlenswert. Bronchosan\u00ae- Kr\u00e4uter werden \u00fcber einen begrenzten Zeitraum gef\u00fcttert \u2013 bew\u00e4hrt hat es sich, eine Handvoll angefeuchteter Kr\u00e4uter [&hellip;]<\/p>\n","protected":false},"featured_media":708,"comment_status":"open","ping_status":"closed","template":"","meta":[],"product_brand":[],"product_cat":[15,35],"product_tag":[],"class_list":{"0":"post-1037","1":"product","2":"type-product","3":"status-publish","4":"has-post-thumbnail","6":"product_cat-pferd","7":"product_cat-atemwege-lunge","9":"first","10":"instock","11":"taxable","12":"shipping-taxable","13":"purchasable","14":"product-type-variable"},"jetpack_sharing_enabled":true,"_links":{"self":[{"href":"https:\/\/xn--pferdundpftchen-itb.de\/woocommerce\/wp-json\/wp\/v2\/product\/1037","targetHints":{"allow":["GET"]}}],"collection":[{"href":"https:\/\/xn--pferdundpftchen-itb.de\/woocommerce\/wp-json\/wp\/v2\/product"}],"about":[{"href":"https:\/\/xn--pferdundpftchen-itb.de\/woocommerce\/wp-json\/wp\/v2\/types\/product"}],"replies":[{"embeddable":true,"href":"https:\/\/xn--pferdundpftchen-itb.de\/woocommerce\/wp-json\/wp\/v2\/comments?post=1037"}],"wp:featuredmedia":[{"embeddable":true,"href":"https:\/\/xn--pferdundpftchen-itb.de\/woocommerce\/wp-json\/wp\/v2\/media\/708"}],"wp:attachment":[{"href":"https:\/\/xn--pferdundpftchen-itb.de\/woocommerce\/wp-json\/wp\/v2\/media?parent=1037"}],"wp:term":[{"taxonomy":"product_brand","embeddable":true,"href":"https:\/\/xn--pferdundpftchen-itb.de\/woocommerce\/wp-json\/wp\/v2\/product_brand?post=1037"},{"taxonomy":"product_cat","embeddable":true,"href":"https:\/\/xn--pferdundpftchen-itb.de\/woocommerce\/wp-json\/wp\/v2\/product_cat?post=1037"},{"taxonomy":"product_tag","embeddable":true,"href":"https:\/\/xn--pferdundpftchen-itb.de\/woocommerce\/wp-json\/wp\/v2\/product_tag?post=1037"}],"curies":[{"name":"wp","href":"https:\/\/api.w.org\/{rel}","templated":true}]}}