{"id":1040,"date":"2023-06-09T11:06:45","date_gmt":"2023-06-09T09:06:45","guid":{"rendered":"https:\/\/xn--pferdundpftchen-itb.de\/woocommerce\/?post_type=product&#038;p=1040"},"modified":"2025-01-02T19:12:09","modified_gmt":"2025-01-02T18:12:09","slug":"chillinge","status":"publish","type":"product","link":"https:\/\/xn--pferdundpftchen-itb.de\/woocommerce\/produkt\/chillinge\/","title":{"rendered":"Chillinge"},"content":{"rendered":"<p><strong>Chillinge \u2013 Die entspannende Belohnung f\u00fcr Dein Pferd!<\/strong><\/p>\n<p>Du suchst nach einer gesunden und wohltuenden Belohnung f\u00fcr Dein Pferd oder Pony? Dann sind die <em>Chillinge<\/em> genau das Richtige! Diese einzigartigen Pferdeleckerlies sind nicht nur lecker, sondern auch beruhigend. Sie unterst\u00fctzen die Entspannung Deines Vierbeiners und sorgen f\u00fcr eine entspannte Atmosph\u00e4re \u2013 ideal f\u00fcr stressige Situationen oder das t\u00e4gliche Training.<\/p>\n<p><strong>Was macht <em>Chillinge<\/em> so besonders?<\/strong><\/p>\n<ul>\n<li><strong>Beruhigend &amp; entspannend:<\/strong> Mit nat\u00fcrlichen Inhaltsstoffen, die die Nerven Deines Pferdes sanft beruhigen.<\/li>\n<li><strong>Getreidefrei &amp; zuckerarm:<\/strong> Eine ideale Wahl f\u00fcr eine gesunde Ern\u00e4hrung ohne unn\u00f6tige Zusatzstoffe.<\/li>\n<li><strong>Ohne k\u00fcnstliche Zus\u00e4tze:<\/strong> Wir verzichten bewusst auf k\u00fcnstliche Aromen, Farbstoffe oder Konservierungsstoffe \u2013 nur das Beste f\u00fcr Dein Pferd.<\/li>\n<li><strong>Perfekt f\u00fcr unterwegs und das Clickertraining:<\/strong> Die <em>Chillinge<\/em> sind die ideale Gr\u00f6\u00dfe, um sie immer dabei zu haben \u2013 f\u00fcr schnelle Belohnungen w\u00e4hrend des Trainings oder einfach zwischendurch.<\/li>\n<\/ul>\n<p>Belohne Dein Pferd mit einer gesunden, nat\u00fcrlichen Leckerei, die gleichzeitig f\u00fcr Ruhe und Ausgeglichenheit sorgt. Gib Deinem Pferd, was es verdient \u2013 mit <em>Chillinge<\/em>!<\/p>\n<p><strong>Dein Pferd wird es lieben. Und Du auch.<\/strong><\/p>\n<p>Zusammensetzung: Entsaftete \u00c4pfel, Futterhanfbl\u00e4tter, Melissenst\u00e4ngel, Hopfen (5 %).<\/p>\n<p>F\u00fctterungsempfehlung: Einige Leckerli t\u00e4glich, max. 100 g.<\/p>\n","protected":false},"excerpt":{"rendered":"<p>Chillinge \u2013 Die entspannende Belohnung f\u00fcr Dein Pferd! Du suchst nach einer gesunden und wohltuenden Belohnung f\u00fcr Dein Pferd oder Pony? Dann sind die Chillinge genau das Richtige! Diese einzigartigen Pferdeleckerlies sind nicht nur lecker, sondern auch beruhigend. Sie unterst\u00fctzen die Entspannung Deines Vierbeiners und sorgen f\u00fcr eine entspannte Atmosph\u00e4re \u2013 ideal f\u00fcr stressige Situationen [&hellip;]<\/p>\n","protected":false},"featured_media":711,"comment_status":"open","ping_status":"closed","template":"","meta":[],"product_brand":[],"product_cat":[15,65],"product_tag":[],"class_list":{"0":"post-1040","1":"product","2":"type-product","3":"status-publish","4":"has-post-thumbnail","6":"product_cat-pferd","7":"product_cat-leckerlies-snacks","9":"first","10":"instock","11":"taxable","12":"shipping-taxable","13":"purchasable","14":"product-type-variable"},"jetpack_sharing_enabled":true,"_links":{"self":[{"href":"https:\/\/xn--pferdundpftchen-itb.de\/woocommerce\/wp-json\/wp\/v2\/product\/1040","targetHints":{"allow":["GET"]}}],"collection":[{"href":"https:\/\/xn--pferdundpftchen-itb.de\/woocommerce\/wp-json\/wp\/v2\/product"}],"about":[{"href":"https:\/\/xn--pferdundpftchen-itb.de\/woocommerce\/wp-json\/wp\/v2\/types\/product"}],"replies":[{"embeddable":true,"href":"https:\/\/xn--pferdundpftchen-itb.de\/woocommerce\/wp-json\/wp\/v2\/comments?post=1040"}],"wp:featuredmedia":[{"embeddable":true,"href":"https:\/\/xn--pferdundpftchen-itb.de\/woocommerce\/wp-json\/wp\/v2\/media\/711"}],"wp:attachment":[{"href":"https:\/\/xn--pferdundpftchen-itb.de\/woocommerce\/wp-json\/wp\/v2\/media?parent=1040"}],"wp:term":[{"taxonomy":"product_brand","embeddable":true,"href":"https:\/\/xn--pferdundpftchen-itb.de\/woocommerce\/wp-json\/wp\/v2\/product_brand?post=1040"},{"taxonomy":"product_cat","embeddable":true,"href":"https:\/\/xn--pferdundpftchen-itb.de\/woocommerce\/wp-json\/wp\/v2\/product_cat?post=1040"},{"taxonomy":"product_tag","embeddable":true,"href":"https:\/\/xn--pferdundpftchen-itb.de\/woocommerce\/wp-json\/wp\/v2\/product_tag?post=1040"}],"curies":[{"name":"wp","href":"https:\/\/api.w.org\/{rel}","templated":true}]}}