{"id":1043,"date":"2023-06-09T11:10:23","date_gmt":"2023-06-09T09:10:23","guid":{"rendered":"https:\/\/xn--pferdundpftchen-itb.de\/woocommerce\/?post_type=product&#038;p=1043"},"modified":"2025-01-02T19:16:39","modified_gmt":"2025-01-02T18:16:39","slug":"dezidum-basenpulver","status":"publish","type":"product","link":"https:\/\/xn--pferdundpftchen-itb.de\/woocommerce\/produkt\/dezidum-basenpulver\/","title":{"rendered":"Dezidum Basenpulver"},"content":{"rendered":"<p><strong>Dezidum\u00ae Basenpulver \u2013 Die L\u00f6sung f\u00fcr den gesunden S\u00e4ure-Basen-Haushalt Deines Pferdes<\/strong><\/p>\n<p>Der S\u00e4ure-Basen-Haushalt Deines Pferdes ist oft durch eine unausgewogene Ern\u00e4hrung gest\u00f6rt. Eiwei\u00dfreiche, getreidebetonte F\u00fctterung und eine \u00dcberversorgung mit Kraftfutter k\u00f6nnen zu einer \u00dcbers\u00e4uerung des Organismus f\u00fchren. Diese \u00dcbers\u00e4uerung hat gravierende Folgen: Stoffwechselst\u00f6rungen, Fehlfunktionen der Organe, Probleme bei der Haut und den Hufen sowie eine eingeschr\u00e4nkte Mikrozirkulation. Das Resultat? Deine Pferdezellen werden nicht mehr ausreichend mit N\u00e4hrstoffen versorgt, der Gasaustausch im K\u00f6rper ist behindert \u2013 und das Wohlbefinden Deines Pferdes leidet.<\/p>\n<p><strong>Was kann helfen?<\/strong><\/p>\n<p>Eine Ern\u00e4hrungsumstellung allein reicht oft nicht aus, um das Problem zu l\u00f6sen. Um die S\u00e4uredepots im Bindegewebe zu neutralisieren und die Zellen gezielt zu ents\u00e4uern, braucht Dein Pferd wichtige Mineralstoffe: Natriumbicarbonat, Kalium, Magnesium und Zink. Das <em>Dezidum\u00ae Basenpulver<\/em> liefert genau diese wichtigen Stoffe und hilft dabei, den S\u00e4ure-Basen-Haushalt wieder ins Gleichgewicht zu bringen.<\/p>\n<p><strong>Vorteile von Dezidum\u00ae Basenpulver:<\/strong><\/p>\n<ul>\n<li><strong>S\u00e4ure-Basen-Ausgleich:<\/strong> Unterst\u00fctzt den K\u00f6rper Deines Pferdes dabei, \u00fcbersch\u00fcssige S\u00e4uren abzubauen und den nat\u00fcrlichen pH-Wert zu stabilisieren.<\/li>\n<li><strong>St\u00e4rkung des gesamten Organismus:<\/strong> Hilft bei der Ents\u00e4uerung und sorgt so f\u00fcr eine bessere Versorgung der Zellen mit N\u00e4hrstoffen und einen verbesserten Gasaustausch.<\/li>\n<li><strong>F\u00f6rderung der Haut- und Hufgesundheit:<\/strong> Bei Hautproblemen, wie z.B. Pilzbefall, kannst Du das Basenpulver auch direkt in Wasser anr\u00fchren und f\u00fcr Waschungen und B\u00e4der verwenden.<\/li>\n<li><strong>Hochwertige Mineralstoffe:<\/strong> Liefert essentielle Mineralstoffe wie Kalium, Magnesium und Zink, die die Ents\u00e4uerung und den Stoffwechsel Deines Pferdes gezielt unterst\u00fctzen.<\/li>\n<\/ul>\n<p><strong>Anwendung:<\/strong><\/p>\n<p>Das Dezidum\u00ae Basenpulver wird einfach ins Futter gemischt und liefert Deinem Pferd alles, was es f\u00fcr eine gesunde Ents\u00e4uerung braucht. Bei Hautproblemen kannst Du das Pulver auch in Wasser anr\u00fchren und als Waschung oder Bad verwenden. Der pH-Wert sollte dabei gr\u00f6\u00dfer als 9 sein.<\/p>\n<p><strong>G\u00f6nn Deinem Pferd die Entlastung, die es verdient \u2013 f\u00fcr mehr Wohlbefinden, Vitalit\u00e4t und Gesundheit!<\/strong><\/p>\n<p>Zusammensetzung: Natriumbicarbonat, Trikaliumcitrat, Magnesium-L-Aspartat und Anis.<\/p>\n<p>F\u00fctterungsempfehlung: Erwachsenen Pferden geben sie t\u00e4glich 1 geh\u00e4uften MB (= 25 g) zum Beispiel \u00fcber das angefeuchtete Heu oder mit dem Krippenfutter, Ponys und Kleinpferde bekommen \u00bd MB. Wegen der gegen\u00fcber Alleinfuttern erh\u00f6hten Gehalte an Mineralien und Spurenelementen, darf PerNaturam Basenpulver nur bis zu 1 % der Tagesration gegeben werden.<br \/>\nF\u00fcr B\u00e4der oder Waschungen geben Sie 5 g auf 1 Liter Wasser.<\/p>\n","protected":false},"excerpt":{"rendered":"<p>Dezidum\u00ae Basenpulver \u2013 Die L\u00f6sung f\u00fcr den gesunden S\u00e4ure-Basen-Haushalt Deines Pferdes Der S\u00e4ure-Basen-Haushalt Deines Pferdes ist oft durch eine unausgewogene Ern\u00e4hrung gest\u00f6rt. Eiwei\u00dfreiche, getreidebetonte F\u00fctterung und eine \u00dcberversorgung mit Kraftfutter k\u00f6nnen zu einer \u00dcbers\u00e4uerung des Organismus f\u00fchren. Diese \u00dcbers\u00e4uerung hat gravierende Folgen: Stoffwechselst\u00f6rungen, Fehlfunktionen der Organe, Probleme bei der Haut und den Hufen sowie eine [&hellip;]<\/p>\n","protected":false},"featured_media":721,"comment_status":"open","ping_status":"closed","template":"","meta":[],"product_brand":[],"product_cat":[15,48,46,33],"product_tag":[],"class_list":{"0":"post-1043","1":"product","2":"type-product","3":"status-publish","4":"has-post-thumbnail","6":"product_cat-pferd","7":"product_cat-ausleitung-entgiftung-pferd","8":"product_cat-haut-fell-pferd","9":"product_cat-magen-verdauung-pferd","11":"first","12":"instock","13":"taxable","14":"shipping-taxable","15":"purchasable","16":"product-type-variable"},"jetpack_sharing_enabled":true,"_links":{"self":[{"href":"https:\/\/xn--pferdundpftchen-itb.de\/woocommerce\/wp-json\/wp\/v2\/product\/1043","targetHints":{"allow":["GET"]}}],"collection":[{"href":"https:\/\/xn--pferdundpftchen-itb.de\/woocommerce\/wp-json\/wp\/v2\/product"}],"about":[{"href":"https:\/\/xn--pferdundpftchen-itb.de\/woocommerce\/wp-json\/wp\/v2\/types\/product"}],"replies":[{"embeddable":true,"href":"https:\/\/xn--pferdundpftchen-itb.de\/woocommerce\/wp-json\/wp\/v2\/comments?post=1043"}],"wp:featuredmedia":[{"embeddable":true,"href":"https:\/\/xn--pferdundpftchen-itb.de\/woocommerce\/wp-json\/wp\/v2\/media\/721"}],"wp:attachment":[{"href":"https:\/\/xn--pferdundpftchen-itb.de\/woocommerce\/wp-json\/wp\/v2\/media?parent=1043"}],"wp:term":[{"taxonomy":"product_brand","embeddable":true,"href":"https:\/\/xn--pferdundpftchen-itb.de\/woocommerce\/wp-json\/wp\/v2\/product_brand?post=1043"},{"taxonomy":"product_cat","embeddable":true,"href":"https:\/\/xn--pferdundpftchen-itb.de\/woocommerce\/wp-json\/wp\/v2\/product_cat?post=1043"},{"taxonomy":"product_tag","embeddable":true,"href":"https:\/\/xn--pferdundpftchen-itb.de\/woocommerce\/wp-json\/wp\/v2\/product_tag?post=1043"}],"curies":[{"name":"wp","href":"https:\/\/api.w.org\/{rel}","templated":true}]}}