{"id":1046,"date":"2023-06-09T11:13:42","date_gmt":"2023-06-09T09:13:42","guid":{"rendered":"https:\/\/xn--pferdundpftchen-itb.de\/woocommerce\/?post_type=product&#038;p=1046"},"modified":"2025-01-02T19:21:53","modified_gmt":"2025-01-02T18:21:53","slug":"digestiv","status":"publish","type":"product","link":"https:\/\/xn--pferdundpftchen-itb.de\/woocommerce\/produkt\/digestiv\/","title":{"rendered":"Digestiv"},"content":{"rendered":"<p><strong>Digestiv Kr\u00e4utermischung f\u00fcr Hunde \u2013 Wohlbefinden f\u00fcr Magen und Darm<\/strong><\/p>\n<p>Dein Hund hat ab und zu mit Magen- oder Darmproblemen zu k\u00e4mpfen? Ob \u00fcbelriechender Atem, Brechreiz beim Autofahren oder eine unruhige Verdauung \u2013 all das kann den Alltag Deines Vierbeiners belasten. Hier kommt die <em>Digestiv Kr\u00e4utermischung<\/em> ins Spiel: Eine nat\u00fcrliche Unterst\u00fctzung, die Magen und Darm Deines Hundes beruhigt, die Verdauung f\u00f6rdert und f\u00fcr mehr Wohlbefinden sorgt.<\/p>\n<p><strong>Was macht die <em>Digestiv Kr\u00e4utermischung<\/em> so besonders?<\/strong><\/p>\n<ul>\n<li><strong>Beruhigt Magen und Darm:<\/strong> Die speziell abgestimmten Kr\u00e4uter wirken sanft und beruhigen die Schleimh\u00e4ute in Magen und Darm, um Reizungen und Unwohlsein zu lindern.<\/li>\n<li><strong>F\u00f6rdert die Verdauung:<\/strong> Sie unterst\u00fctzt die Sekretion von Verdauungss\u00e4ften und hilft dabei, die Verdauung Deines Hundes auf nat\u00fcrliche Weise zu optimieren.<\/li>\n<li><strong>F\u00fcr eine ausgewogene Darmflora:<\/strong> Eine gesunde Darmflora ist die Basis f\u00fcr das allgemeine Wohlbefinden. Die <em>Digestiv Kr\u00e4utermischung<\/em> hilft dabei, das nat\u00fcrliche Gleichgewicht im Darm zu stabilisieren.<\/li>\n<li><strong>Reduziert \u00fcbelriechenden Atem:<\/strong> Keine Sorgen mehr \u00fcber unangenehmen Atem \u2013 die Kr\u00e4uter helfen, frischen Atem zu f\u00f6rdern.<\/li>\n<li><strong>Wirkung bei Brechreiz:<\/strong> Besonders hilfreich bei Hunden, die das Autofahren nicht gut vertragen oder leicht Brechreiz entwickeln.<\/li>\n<\/ul>\n<p><strong>F\u00fcr einen zufriedenen Hund mit einem gesunden Magen-Darm-System \u2013 und das ganz nat\u00fcrlich!<\/strong><\/p>\n<p>Zusammensetzung: Anis, K\u00fcmmel, Fenchel, Ingwer, aufgeschlossene Pektine.<\/p>\n<p>F\u00fctterungsempfehlung: Die <em>Digestiv Kr\u00e4utermischung<\/em> kann einfach ins Futter gemischt werden. Durch die nat\u00fcrlichen Inhaltsstoffe ist sie eine sichere und effektive L\u00f6sung, die Du Deinem Hund regelm\u00e4\u00dfig zur Unterst\u00fctzung seiner Verdauung geben kannst. So kannst Du ihm bei Magen-Darm-Problemen und \u00dcbelkeit helfen \u2013 ganz ohne Chemie. Bei Bedarf t\u00e4glich geben. Hunde bis 5 kg Gewicht bekommen t\u00e4glich 2 bis 4 g. Schwerere Hunde erhalten die doppelte bis dreifache Menge. Der Messl\u00f6ffel fasst 2 g.<\/p>\n","protected":false},"excerpt":{"rendered":"<p>Digestiv Kr\u00e4utermischung f\u00fcr Hunde \u2013 Wohlbefinden f\u00fcr Magen und Darm Dein Hund hat ab und zu mit Magen- oder Darmproblemen zu k\u00e4mpfen? Ob \u00fcbelriechender Atem, Brechreiz beim Autofahren oder eine unruhige Verdauung \u2013 all das kann den Alltag Deines Vierbeiners belasten. Hier kommt die Digestiv Kr\u00e4utermischung ins Spiel: Eine nat\u00fcrliche Unterst\u00fctzung, die Magen und Darm [&hellip;]<\/p>\n","protected":false},"featured_media":722,"comment_status":"open","ping_status":"closed","template":"","meta":[],"product_brand":[],"product_cat":[20,28],"product_tag":[],"class_list":{"0":"post-1046","1":"product","2":"type-product","3":"status-publish","4":"has-post-thumbnail","6":"product_cat-hund","7":"product_cat-magen-verdauung","9":"first","10":"instock","11":"taxable","12":"shipping-taxable","13":"purchasable","14":"product-type-variable"},"jetpack_sharing_enabled":true,"_links":{"self":[{"href":"https:\/\/xn--pferdundpftchen-itb.de\/woocommerce\/wp-json\/wp\/v2\/product\/1046","targetHints":{"allow":["GET"]}}],"collection":[{"href":"https:\/\/xn--pferdundpftchen-itb.de\/woocommerce\/wp-json\/wp\/v2\/product"}],"about":[{"href":"https:\/\/xn--pferdundpftchen-itb.de\/woocommerce\/wp-json\/wp\/v2\/types\/product"}],"replies":[{"embeddable":true,"href":"https:\/\/xn--pferdundpftchen-itb.de\/woocommerce\/wp-json\/wp\/v2\/comments?post=1046"}],"wp:featuredmedia":[{"embeddable":true,"href":"https:\/\/xn--pferdundpftchen-itb.de\/woocommerce\/wp-json\/wp\/v2\/media\/722"}],"wp:attachment":[{"href":"https:\/\/xn--pferdundpftchen-itb.de\/woocommerce\/wp-json\/wp\/v2\/media?parent=1046"}],"wp:term":[{"taxonomy":"product_brand","embeddable":true,"href":"https:\/\/xn--pferdundpftchen-itb.de\/woocommerce\/wp-json\/wp\/v2\/product_brand?post=1046"},{"taxonomy":"product_cat","embeddable":true,"href":"https:\/\/xn--pferdundpftchen-itb.de\/woocommerce\/wp-json\/wp\/v2\/product_cat?post=1046"},{"taxonomy":"product_tag","embeddable":true,"href":"https:\/\/xn--pferdundpftchen-itb.de\/woocommerce\/wp-json\/wp\/v2\/product_tag?post=1046"}],"curies":[{"name":"wp","href":"https:\/\/api.w.org\/{rel}","templated":true}]}}