{"id":1084,"date":"2023-06-10T10:46:12","date_gmt":"2023-06-10T08:46:12","guid":{"rendered":"https:\/\/xn--pferdundpftchen-itb.de\/woocommerce\/?post_type=product&#038;p=1084"},"modified":"2025-01-14T20:16:09","modified_gmt":"2025-01-14T19:16:09","slug":"dentovin","status":"publish","type":"product","link":"https:\/\/xn--pferdundpftchen-itb.de\/woocommerce\/produkt\/dentovin\/","title":{"rendered":"Dentovin"},"content":{"rendered":"<h3><strong>Dentovin \u2013 F\u00fcr gesunde Z\u00e4hne und frischen Atem deiner Katze<\/strong><\/h3>\n<p><strong>Dentovin<\/strong> ist die nat\u00fcrliche Unterst\u00fctzung f\u00fcr die Zahnpflege deiner Katze:<\/p>\n<ul>\n<li><strong>Wirkstoffe aus Traubenkernen:<\/strong> Besonders OPC (Oligomere Proanthocyanidine) sorgen f\u00fcr ein gesundes Mundmilieu.<\/li>\n<li><strong>Zahnpflege leicht gemacht:<\/strong>\n<ul>\n<li>Verhindert effektiv die Bildung von Zahnbelag.<\/li>\n<li>Unterst\u00fctzt das sanfte L\u00f6sen von Zahnstein.<\/li>\n<li>F\u00f6rdert die Mundhygiene und sorgt f\u00fcr frischen Atem.<\/li>\n<\/ul>\n<\/li>\n<\/ul>\n<p>Mit <strong>Dentovin<\/strong> hilfst du deiner Katze, Z\u00e4hne und Zahnfleisch gesund zu halten \u2013 einfach und auf nat\u00fcrliche Weise!<\/p>\n<p>Zusammensetzung: Bestandteile aus Traubenkernen, Myrrhe, Katzenminze.<\/p>\n<p>F\u00fctterungsempfehlung:<br \/>\nF\u00fcttern Sie Dentovin t\u00e4glich<br \/>\nKatzen &lt;= 2 kg K\u00f6rpergewicht einen 3\/4 Me\u00dfl\u00f6ffel Katzen = 4 kg K\u00f6rpergewicht einen Me\u00dfl\u00f6ffel Katzen &gt; 4 kg K\u00f6rpergewicht zwei Me\u00dfl\u00f6ffel<br \/>\nDer Messl\u00f6ffel fasst 0,5 g.<\/p>\n","protected":false},"excerpt":{"rendered":"<p>Dentovin \u2013 F\u00fcr gesunde Z\u00e4hne und frischen Atem deiner Katze Dentovin ist die nat\u00fcrliche Unterst\u00fctzung f\u00fcr die Zahnpflege deiner Katze: Wirkstoffe aus Traubenkernen: Besonders OPC (Oligomere Proanthocyanidine) sorgen f\u00fcr ein gesundes Mundmilieu. Zahnpflege leicht gemacht: Verhindert effektiv die Bildung von Zahnbelag. Unterst\u00fctzt das sanfte L\u00f6sen von Zahnstein. F\u00f6rdert die Mundhygiene und sorgt f\u00fcr frischen Atem. [&hellip;]<\/p>\n","protected":false},"featured_media":719,"comment_status":"open","ping_status":"closed","template":"","meta":[],"product_brand":[],"product_cat":[21,31],"product_tag":[],"class_list":{"0":"post-1084","1":"product","2":"type-product","3":"status-publish","4":"has-post-thumbnail","6":"product_cat-katze","7":"product_cat-zaehne-maul-katze","9":"first","10":"instock","11":"taxable","12":"shipping-taxable","13":"purchasable","14":"product-type-variable"},"jetpack_sharing_enabled":true,"_links":{"self":[{"href":"https:\/\/xn--pferdundpftchen-itb.de\/woocommerce\/wp-json\/wp\/v2\/product\/1084","targetHints":{"allow":["GET"]}}],"collection":[{"href":"https:\/\/xn--pferdundpftchen-itb.de\/woocommerce\/wp-json\/wp\/v2\/product"}],"about":[{"href":"https:\/\/xn--pferdundpftchen-itb.de\/woocommerce\/wp-json\/wp\/v2\/types\/product"}],"replies":[{"embeddable":true,"href":"https:\/\/xn--pferdundpftchen-itb.de\/woocommerce\/wp-json\/wp\/v2\/comments?post=1084"}],"wp:featuredmedia":[{"embeddable":true,"href":"https:\/\/xn--pferdundpftchen-itb.de\/woocommerce\/wp-json\/wp\/v2\/media\/719"}],"wp:attachment":[{"href":"https:\/\/xn--pferdundpftchen-itb.de\/woocommerce\/wp-json\/wp\/v2\/media?parent=1084"}],"wp:term":[{"taxonomy":"product_brand","embeddable":true,"href":"https:\/\/xn--pferdundpftchen-itb.de\/woocommerce\/wp-json\/wp\/v2\/product_brand?post=1084"},{"taxonomy":"product_cat","embeddable":true,"href":"https:\/\/xn--pferdundpftchen-itb.de\/woocommerce\/wp-json\/wp\/v2\/product_cat?post=1084"},{"taxonomy":"product_tag","embeddable":true,"href":"https:\/\/xn--pferdundpftchen-itb.de\/woocommerce\/wp-json\/wp\/v2\/product_tag?post=1084"}],"curies":[{"name":"wp","href":"https:\/\/api.w.org\/{rel}","templated":true}]}}