{"id":1093,"date":"2023-06-10T10:56:51","date_gmt":"2023-06-10T08:56:51","guid":{"rendered":"https:\/\/xn--pferdundpftchen-itb.de\/woocommerce\/?post_type=product&#038;p=1093"},"modified":"2025-01-14T20:22:07","modified_gmt":"2025-01-14T19:22:07","slug":"enterogan","status":"publish","type":"product","link":"https:\/\/xn--pferdundpftchen-itb.de\/woocommerce\/produkt\/enterogan\/","title":{"rendered":"Enterogan"},"content":{"rendered":"<div class=\"flex-shrink-0 flex flex-col relative items-end\">\n<div>\n<div class=\"pt-0\">\n<div class=\"gizmo-bot-avatar flex h-8 w-8 items-center justify-center overflow-hidden rounded-full\">\n<div class=\"relative p-1 rounded-sm flex items-center justify-center bg-token-main-surface-primary text-token-text-primary h-8 w-8\"><strong style=\"font-size: 1.618em;\">Enterogan \u2013 F\u00fcr eine starke Darmflora deines Hundes<\/strong><\/div>\n<\/div>\n<\/div>\n<\/div>\n<\/div>\n<div class=\"group\/conversation-turn relative flex w-full min-w-0 flex-col agent-turn\">\n<div class=\"flex-col gap-1 md:gap-3\">\n<div class=\"flex max-w-full flex-col flex-grow\">\n<div class=\"min-h-8 text-message flex w-full flex-col items-end gap-2 whitespace-normal break-words text-start [.text-message+&amp;]:mt-5\" dir=\"auto\" data-message-author-role=\"assistant\" data-message-id=\"8b20d5a8-0cbc-4d99-bdb9-a3b85617ddd7\" data-message-model-slug=\"gpt-4o\">\n<div class=\"flex w-full flex-col gap-1 empty:hidden first:pt-[3px]\">\n<div class=\"markdown prose w-full break-words dark:prose-invert light\">\n<p>Mit <strong>Enterogan<\/strong> hilfst du deinem Hund, sich rundum wohlzuf\u00fchlen \u2013 besonders bei Verdauungsproblemen:<\/p>\n<ul>\n<li><strong>St\u00e4rkt die sch\u00fctzende Darmflora:<\/strong> Unterst\u00fctzt die nat\u00fcrlichen Abwehrkr\u00e4fte des Darms.<\/li>\n<li><strong>Ideal bei weichem Kot:<\/strong> F\u00f6rdert eine stabile Verdauung und reguliert den Kotabsatz.<\/li>\n<li><strong>Unterst\u00fctzung bei hohem Infektionsdruck:<\/strong> Sch\u00fctzt den Darm auch in belastenden Situationen.<\/li>\n<\/ul>\n<p>Gib deinem Hund die Unterst\u00fctzung, die er braucht, um gesund und aktiv zu bleiben. Mit <strong>Enterogan<\/strong> ist sein Darm bestens versorgt!<\/p>\n<\/div>\n<\/div>\n<\/div>\n<\/div>\n<\/div>\n<\/div>\n<p>Zusammensetzung: Guarkernmehl, L\u00f6wenzahnwurzel, Olivenbl\u00e4ttern, Origanum, Salbei und Thymian.<\/p>\n<p>F\u00fctterungsempfehlung:<br \/>\nF\u00fcttern Sie Enterogan t\u00e4glich. In der Tr\u00e4chtigkeit nicht l\u00e4nger als 14 Tage am St\u00fcck geben.<br \/>\n5 kg K\u00f6rpergewicht = 1 Messl\u00f6ffel<br \/>\n15 kg K\u00f6rpergewicht = 2 Messl\u00f6ffel<br \/>\n30 kg K\u00f6rpergewicht = 3 Messl\u00f6ffel<br \/>\n40 kg K\u00f6rpergewicht = 4 Messl\u00f6ffel<br \/>\nDer Messl\u00f6ffel fasst 1,5 g<\/p>\n","protected":false},"excerpt":{"rendered":"<p>Enterogan \u2013 F\u00fcr eine starke Darmflora deines Hundes Mit Enterogan hilfst du deinem Hund, sich rundum wohlzuf\u00fchlen \u2013 besonders bei Verdauungsproblemen: St\u00e4rkt die sch\u00fctzende Darmflora: Unterst\u00fctzt die nat\u00fcrlichen Abwehrkr\u00e4fte des Darms. Ideal bei weichem Kot: F\u00f6rdert eine stabile Verdauung und reguliert den Kotabsatz. Unterst\u00fctzung bei hohem Infektionsdruck: Sch\u00fctzt den Darm auch in belastenden Situationen. Gib [&hellip;]<\/p>\n","protected":false},"featured_media":727,"comment_status":"open","ping_status":"closed","template":"","meta":[],"product_brand":[],"product_cat":[20,28],"product_tag":[],"class_list":{"0":"post-1093","1":"product","2":"type-product","3":"status-publish","4":"has-post-thumbnail","6":"product_cat-hund","7":"product_cat-magen-verdauung","9":"first","10":"instock","11":"taxable","12":"shipping-taxable","13":"purchasable","14":"product-type-variable"},"jetpack_sharing_enabled":true,"_links":{"self":[{"href":"https:\/\/xn--pferdundpftchen-itb.de\/woocommerce\/wp-json\/wp\/v2\/product\/1093","targetHints":{"allow":["GET"]}}],"collection":[{"href":"https:\/\/xn--pferdundpftchen-itb.de\/woocommerce\/wp-json\/wp\/v2\/product"}],"about":[{"href":"https:\/\/xn--pferdundpftchen-itb.de\/woocommerce\/wp-json\/wp\/v2\/types\/product"}],"replies":[{"embeddable":true,"href":"https:\/\/xn--pferdundpftchen-itb.de\/woocommerce\/wp-json\/wp\/v2\/comments?post=1093"}],"wp:featuredmedia":[{"embeddable":true,"href":"https:\/\/xn--pferdundpftchen-itb.de\/woocommerce\/wp-json\/wp\/v2\/media\/727"}],"wp:attachment":[{"href":"https:\/\/xn--pferdundpftchen-itb.de\/woocommerce\/wp-json\/wp\/v2\/media?parent=1093"}],"wp:term":[{"taxonomy":"product_brand","embeddable":true,"href":"https:\/\/xn--pferdundpftchen-itb.de\/woocommerce\/wp-json\/wp\/v2\/product_brand?post=1093"},{"taxonomy":"product_cat","embeddable":true,"href":"https:\/\/xn--pferdundpftchen-itb.de\/woocommerce\/wp-json\/wp\/v2\/product_cat?post=1093"},{"taxonomy":"product_tag","embeddable":true,"href":"https:\/\/xn--pferdundpftchen-itb.de\/woocommerce\/wp-json\/wp\/v2\/product_tag?post=1093"}],"curies":[{"name":"wp","href":"https:\/\/api.w.org\/{rel}","templated":true}]}}