{"id":1097,"date":"2023-06-10T10:59:40","date_gmt":"2023-06-10T08:59:40","guid":{"rendered":"https:\/\/xn--pferdundpftchen-itb.de\/woocommerce\/?post_type=product&#038;p=1097"},"modified":"2024-12-05T07:57:27","modified_gmt":"2024-12-05T06:57:27","slug":"epi-dog","status":"publish","type":"product","link":"https:\/\/xn--pferdundpftchen-itb.de\/woocommerce\/produkt\/epi-dog\/","title":{"rendered":"Epi-Dog"},"content":{"rendered":"<p>Du kennst das sicher: Besuche, Reisen oder die lauten Knaller an Silvester k\u00f6nnen f\u00fcr deinen vierbeinigen Freund ganz sch\u00f6n stressig sein. Mit Epi-Dog gibst du deinem Hund die Unterst\u00fctzung, die er braucht, um gelassen zu bleiben. Die sorgf\u00e4ltig ausgew\u00e4hlten Naturstoffe wie Ginsengwurzel, Sonnenblumen-Lecithin (GVO-frei), Passionsblume, Ginkgo und Schnurbaum st\u00e4rken die Nerven deines Hundes und verbessern seine Stressresistenz.<\/p>\n<p>Sorge daf\u00fcr, dass dein Hund auch in herausfordernden Momenten ruhig und entspannt bleibt. Mit Epi-Dog schaffst du eine harmonische Atmosph\u00e4re f\u00fcr euch beide. Gib deinem Hund die Chance, stressige Situationen gelassen zu meistern \u2013 f\u00fcr ein gl\u00fccklicheres und entspannteres Leben!<\/p>\n<p>Zusammensetzung: Ginsengwurzel, Sonnenblumen-Lecithin (GVO-frei), Passionsblume, Ginkgo und Schnurbaum.<\/p>\n<p>F\u00fctterungsempfehlung:<br \/>\nBei Bedarf t\u00e4glich morgens undabends zum Futter dazugegeben. Die Dosierung ist angegeben pro Mahlzeit! In Stress-Situationen kann die Dosis von Epi-Dog verdoppelt werden.<br \/>\n5 kg K\u00f6rpergewicht = 1\/2 Messl\u00f6ffel<br \/>\n15 kg K\u00f6rpergewicht = 1 Messl\u00f6ffel<br \/>\n30 kg K\u00f6rpergewicht = 2 Messl\u00f6ffel<br \/>\n40 kg K\u00f6rpergewicht = 3 Messl\u00f6ffel<br \/>\nDer Messl\u00f6ffel fasst 1,5 g<\/p>\n","protected":false},"excerpt":{"rendered":"<p>Du kennst das sicher: Besuche, Reisen oder die lauten Knaller an Silvester k\u00f6nnen f\u00fcr deinen vierbeinigen Freund ganz sch\u00f6n stressig sein. Mit Epi-Dog gibst du deinem Hund die Unterst\u00fctzung, die er braucht, um gelassen zu bleiben. Die sorgf\u00e4ltig ausgew\u00e4hlten Naturstoffe wie Ginsengwurzel, Sonnenblumen-Lecithin (GVO-frei), Passionsblume, Ginkgo und Schnurbaum st\u00e4rken die Nerven deines Hundes und verbessern [&hellip;]<\/p>\n","protected":false},"featured_media":729,"comment_status":"open","ping_status":"closed","template":"","meta":[],"product_brand":[],"product_cat":[20,54],"product_tag":[],"class_list":{"0":"post-1097","1":"product","2":"type-product","3":"status-publish","4":"has-post-thumbnail","6":"product_cat-hund","7":"product_cat-nerven-stress","9":"first","10":"instock","11":"taxable","12":"shipping-taxable","13":"purchasable","14":"product-type-variable"},"jetpack_sharing_enabled":true,"_links":{"self":[{"href":"https:\/\/xn--pferdundpftchen-itb.de\/woocommerce\/wp-json\/wp\/v2\/product\/1097","targetHints":{"allow":["GET"]}}],"collection":[{"href":"https:\/\/xn--pferdundpftchen-itb.de\/woocommerce\/wp-json\/wp\/v2\/product"}],"about":[{"href":"https:\/\/xn--pferdundpftchen-itb.de\/woocommerce\/wp-json\/wp\/v2\/types\/product"}],"replies":[{"embeddable":true,"href":"https:\/\/xn--pferdundpftchen-itb.de\/woocommerce\/wp-json\/wp\/v2\/comments?post=1097"}],"wp:featuredmedia":[{"embeddable":true,"href":"https:\/\/xn--pferdundpftchen-itb.de\/woocommerce\/wp-json\/wp\/v2\/media\/729"}],"wp:attachment":[{"href":"https:\/\/xn--pferdundpftchen-itb.de\/woocommerce\/wp-json\/wp\/v2\/media?parent=1097"}],"wp:term":[{"taxonomy":"product_brand","embeddable":true,"href":"https:\/\/xn--pferdundpftchen-itb.de\/woocommerce\/wp-json\/wp\/v2\/product_brand?post=1097"},{"taxonomy":"product_cat","embeddable":true,"href":"https:\/\/xn--pferdundpftchen-itb.de\/woocommerce\/wp-json\/wp\/v2\/product_cat?post=1097"},{"taxonomy":"product_tag","embeddable":true,"href":"https:\/\/xn--pferdundpftchen-itb.de\/woocommerce\/wp-json\/wp\/v2\/product_tag?post=1097"}],"curies":[{"name":"wp","href":"https:\/\/api.w.org\/{rel}","templated":true}]}}