{"id":1102,"date":"2023-06-10T11:05:13","date_gmt":"2023-06-10T09:05:13","guid":{"rendered":"https:\/\/xn--pferdundpftchen-itb.de\/woocommerce\/?post_type=product&#038;p=1102"},"modified":"2025-01-02T19:26:09","modified_gmt":"2025-01-02T18:26:09","slug":"equizeolon","status":"publish","type":"product","link":"https:\/\/xn--pferdundpftchen-itb.de\/woocommerce\/produkt\/equizeolon\/","title":{"rendered":"EquiZeolon"},"content":{"rendered":"<p><strong>EquiZeolon \u2013 Nat\u00fcrliche Unterst\u00fctzung f\u00fcr die Gesundheit Deines Pferdes<\/strong><\/p>\n<p>Dein Pferd braucht Unterst\u00fctzung f\u00fcr eine gesunde Verdauung und eine effektive Entgiftung? <em>EquiZeolon<\/em> ist das ideale Nahrungserg\u00e4nzungsmittel, um Deinem Pferd zu helfen, sich von sch\u00e4dlichen Stoffen zu befreien und seine innere Balance wiederzufinden. Mit seiner au\u00dfergew\u00f6hnlichen Absorptionsf\u00e4higkeit hilft <em>EquiZeolon<\/em>, Toxine, Schwermetalle und andere Schadstoffe w\u00e4hrend des Verdauungsprozesses zu binden und aus dem K\u00f6rper auszuleiten \u2013 auf nat\u00fcrliche Weise und ohne belastende Zus\u00e4tze.<\/p>\n<p><strong>Warum ist <em>EquiZeolon<\/em> so wirksam?<\/strong><\/p>\n<ul>\n<li><strong>Mikroaktivierter Zeolith (Klinoptilolith):<\/strong> Dieser nat\u00fcrliche Mineralstoff hat eine herausragende F\u00e4higkeit, sch\u00e4dliche Substanzen wie Toxine und Schwermetalle zu binden. So unterst\u00fctzt <em>EquiZeolon<\/em> die Entgiftung und den Ausleitungsprozess Deines Pferdes.<\/li>\n<li><strong>Unterst\u00fctzung der Darmflora:<\/strong> Zeolith liefert wertvolle Mineralstoffe wie Calcium, Magnesium und Spurenelemente, die zusammen mit Galgant und Ringelblume die erw\u00fcnschte Flora im Darmtrakt f\u00f6rdern und die Darmschleimhaut pflegen.<\/li>\n<li><strong>Ausgleich des S\u00e4uren-Basen-Haushaltes:<\/strong> Ideal, um den S\u00e4ure-Basen-Haushalt Deines Pferdes zu regulieren \u2013 besonders in stressigen Zeiten oder nach besonderen Belastungen.<\/li>\n<li><strong>Geschmacksneutral:<\/strong> <em>EquiZeolon<\/em> ist geschmacksneutral und l\u00e4sst sich problemlos ins Futter mischen, ohne das Pferd zu st\u00f6ren.<\/li>\n<li><strong>Langfristige Anwendung:<\/strong> Durch die nat\u00fcrlichen Inhaltsstoffe kann <em>EquiZeolon<\/em> langfristig eingesetzt werden, um den K\u00f6rper Deines Pferdes zu unterst\u00fctzen und die Verdauung zu stabilisieren.<\/li>\n<\/ul>\n<p><strong>Wann solltest Du <em>EquiZeolon<\/em> einsetzen?<\/strong><\/p>\n<ul>\n<li>Bei <strong>Stresssituationen<\/strong>, um das innere Gleichgewicht Deines Pferdes zu f\u00f6rdern.<\/li>\n<li>Zur <strong>Darmreinigung<\/strong> nach besonderen Belastungen wie Medikamentengaben oder einer unausgewogenen Ern\u00e4hrung.<\/li>\n<li>Zur <strong>Regulierung der Darmflora<\/strong>, besonders wenn Dein Pferd unter Verdauungsproblemen oder Unregelm\u00e4\u00dfigkeiten leidet.<\/li>\n<li>Zur langfristigen Unterst\u00fctzung des <strong>S\u00e4uren-Basen-Haushaltes<\/strong> und der <strong>Entgiftung<\/strong>.<\/li>\n<\/ul>\n<p><strong>G\u00f6nn Deinem Pferd eine nat\u00fcrliche Entgiftungskur und mehr Wohlbefinden \u2013 mit <em>EquiZeolon<\/em> f\u00fcr eine gesunde Verdauung und ein starkes Immunsystem!<\/strong><\/p>\n<p>Zusammensetzung: Aktivierter Zeolith mit Dolomit, Galgant-Wurzel, Ringelblumenbl\u00fcten mit Kelchen<\/p>\n<p>F\u00fctterungsempfehlung:<br \/>\nGro\u00dfpferde bekommen t\u00e4glich 25 g bis 50 g, Kleinpferde bis 300 kg t\u00e4glich 15 g bis 25 g. Die Tagesmenge kann auf zwei Futtergaben aufgeteilt werden. Der Messl\u00f6ffel fasst 10 g.<br \/>\nVerwendungshinweis:<br \/>\nAufgrund des hohen Gehaltes an Zeolith-Klinoptilolith max. bis zu 60 g (abh\u00e4ngig von der Gr\u00f6\u00dfe des Pferdes) tgl. f\u00fcttern.<\/p>\n","protected":false},"excerpt":{"rendered":"<p>EquiZeolon \u2013 Nat\u00fcrliche Unterst\u00fctzung f\u00fcr die Gesundheit Deines Pferdes Dein Pferd braucht Unterst\u00fctzung f\u00fcr eine gesunde Verdauung und eine effektive Entgiftung? EquiZeolon ist das ideale Nahrungserg\u00e4nzungsmittel, um Deinem Pferd zu helfen, sich von sch\u00e4dlichen Stoffen zu befreien und seine innere Balance wiederzufinden. Mit seiner au\u00dfergew\u00f6hnlichen Absorptionsf\u00e4higkeit hilft EquiZeolon, Toxine, Schwermetalle und andere Schadstoffe w\u00e4hrend des [&hellip;]<\/p>\n","protected":false},"featured_media":732,"comment_status":"open","ping_status":"closed","template":"","meta":[],"product_brand":[],"product_cat":[15,48,33,56],"product_tag":[],"class_list":{"0":"post-1102","1":"product","2":"type-product","3":"status-publish","4":"has-post-thumbnail","6":"product_cat-pferd","7":"product_cat-ausleitung-entgiftung-pferd","8":"product_cat-magen-verdauung-pferd","9":"product_cat-nerven-stress-pferd","11":"first","12":"instock","13":"taxable","14":"shipping-taxable","15":"purchasable","16":"product-type-variable"},"jetpack_sharing_enabled":true,"_links":{"self":[{"href":"https:\/\/xn--pferdundpftchen-itb.de\/woocommerce\/wp-json\/wp\/v2\/product\/1102","targetHints":{"allow":["GET"]}}],"collection":[{"href":"https:\/\/xn--pferdundpftchen-itb.de\/woocommerce\/wp-json\/wp\/v2\/product"}],"about":[{"href":"https:\/\/xn--pferdundpftchen-itb.de\/woocommerce\/wp-json\/wp\/v2\/types\/product"}],"replies":[{"embeddable":true,"href":"https:\/\/xn--pferdundpftchen-itb.de\/woocommerce\/wp-json\/wp\/v2\/comments?post=1102"}],"wp:featuredmedia":[{"embeddable":true,"href":"https:\/\/xn--pferdundpftchen-itb.de\/woocommerce\/wp-json\/wp\/v2\/media\/732"}],"wp:attachment":[{"href":"https:\/\/xn--pferdundpftchen-itb.de\/woocommerce\/wp-json\/wp\/v2\/media?parent=1102"}],"wp:term":[{"taxonomy":"product_brand","embeddable":true,"href":"https:\/\/xn--pferdundpftchen-itb.de\/woocommerce\/wp-json\/wp\/v2\/product_brand?post=1102"},{"taxonomy":"product_cat","embeddable":true,"href":"https:\/\/xn--pferdundpftchen-itb.de\/woocommerce\/wp-json\/wp\/v2\/product_cat?post=1102"},{"taxonomy":"product_tag","embeddable":true,"href":"https:\/\/xn--pferdundpftchen-itb.de\/woocommerce\/wp-json\/wp\/v2\/product_tag?post=1102"}],"curies":[{"name":"wp","href":"https:\/\/api.w.org\/{rel}","templated":true}]}}