{"id":1105,"date":"2023-06-10T11:08:23","date_gmt":"2023-06-10T09:08:23","guid":{"rendered":"https:\/\/xn--pferdundpftchen-itb.de\/woocommerce\/?post_type=product&#038;p=1105"},"modified":"2025-01-02T19:28:16","modified_gmt":"2025-01-02T18:28:16","slug":"erdlinge","status":"publish","type":"product","link":"https:\/\/xn--pferdundpftchen-itb.de\/woocommerce\/produkt\/erdlinge\/","title":{"rendered":"Erdlinge"},"content":{"rendered":"<p><strong>Erdlinge \u2013 Die gesunde Belohnung f\u00fcr Dein Pferd!<\/strong><\/p>\n<p>Du suchst nach einer gesunden und nat\u00fcrlichen Leckerei f\u00fcr Dein Pferd oder Pony? Dann sind <em>Erdlinge<\/em> genau das Richtige! Diese k\u00f6stlichen Pferdeleckerlies bestehen aus Wurzelgem\u00fcse und bieten Deinem Vierbeiner eine gesunde Belohnung \u2013 ganz ohne Getreide, Zucker oder k\u00fcnstliche Zusatzstoffe.<\/p>\n<p><strong>Warum sind <em>Erdlinge<\/em> die perfekte Wahl f\u00fcr Dein Pferd?<\/strong><\/p>\n<ul>\n<li><strong>Getreidefrei &amp; zuckerfrei:<\/strong> Ideal f\u00fcr Pferde mit einer empfindlichen Verdauung oder speziellen Futteranforderungen.<\/li>\n<li><strong>Ohne k\u00fcnstliche Zusatzstoffe:<\/strong> Du kannst sicher sein, dass Dein Pferd nur das Beste bekommt \u2013 ohne unn\u00f6tige Aromen, Farbstoffe oder Konservierungsstoffe.<\/li>\n<li><strong>Aus 100 % nat\u00fcrlichen Zutaten:<\/strong> Die <em>Erdlinge<\/em> bestehen ausschlie\u00dflich aus gesundem Wurzelgem\u00fcse \u2013 f\u00fcr eine nahrhafte und leckere Belohnung.<\/li>\n<li><strong>Perfekt f\u00fcr unterwegs und das Clickertraining:<\/strong> Die praktischen Snacks sind ideal f\u00fcr das Training oder einfach f\u00fcr unterwegs \u2013 so hast Du immer eine gesunde Belohnung parat.<\/li>\n<li><strong>Gesunde Inhaltsstoffe:<\/strong> Die nat\u00fcrlichen Wurzeln sind nicht nur lecker, sondern auch voller wertvoller N\u00e4hrstoffe, die Dein Pferd mit wichtigen Vitaminen und Mineralstoffen versorgen.<\/li>\n<\/ul>\n<p><strong>Belohne Dein Pferd mit der gesunden und leckeren Alternative zu herk\u00f6mmlichen Leckerlis.<\/strong> Mit <em>Erdlinge<\/em> gibst Du Deinem Pferd einen Snack, der gut schmeckt und ihm gut tut \u2013 egal ob beim Clickertraining, unterwegs oder einfach zwischendurch.<\/p>\n<p>Zusammensetzung: Karottenfaser (50 %), Haferstroh, Rote Beete (5 %), Pastinake.<\/p>\n<p>F\u00fctterungsempfehlung: Einige Leckerli t\u00e4glich, max. 100 g.<\/p>\n","protected":false},"excerpt":{"rendered":"<p>Erdlinge \u2013 Die gesunde Belohnung f\u00fcr Dein Pferd! Du suchst nach einer gesunden und nat\u00fcrlichen Leckerei f\u00fcr Dein Pferd oder Pony? Dann sind Erdlinge genau das Richtige! Diese k\u00f6stlichen Pferdeleckerlies bestehen aus Wurzelgem\u00fcse und bieten Deinem Vierbeiner eine gesunde Belohnung \u2013 ganz ohne Getreide, Zucker oder k\u00fcnstliche Zusatzstoffe. Warum sind Erdlinge die perfekte Wahl f\u00fcr [&hellip;]<\/p>\n","protected":false},"featured_media":733,"comment_status":"open","ping_status":"closed","template":"","meta":[],"product_brand":[],"product_cat":[15,65],"product_tag":[],"class_list":{"0":"post-1105","1":"product","2":"type-product","3":"status-publish","4":"has-post-thumbnail","6":"product_cat-pferd","7":"product_cat-leckerlies-snacks","9":"first","10":"instock","11":"taxable","12":"shipping-taxable","13":"purchasable","14":"product-type-variable"},"jetpack_sharing_enabled":true,"_links":{"self":[{"href":"https:\/\/xn--pferdundpftchen-itb.de\/woocommerce\/wp-json\/wp\/v2\/product\/1105","targetHints":{"allow":["GET"]}}],"collection":[{"href":"https:\/\/xn--pferdundpftchen-itb.de\/woocommerce\/wp-json\/wp\/v2\/product"}],"about":[{"href":"https:\/\/xn--pferdundpftchen-itb.de\/woocommerce\/wp-json\/wp\/v2\/types\/product"}],"replies":[{"embeddable":true,"href":"https:\/\/xn--pferdundpftchen-itb.de\/woocommerce\/wp-json\/wp\/v2\/comments?post=1105"}],"wp:featuredmedia":[{"embeddable":true,"href":"https:\/\/xn--pferdundpftchen-itb.de\/woocommerce\/wp-json\/wp\/v2\/media\/733"}],"wp:attachment":[{"href":"https:\/\/xn--pferdundpftchen-itb.de\/woocommerce\/wp-json\/wp\/v2\/media?parent=1105"}],"wp:term":[{"taxonomy":"product_brand","embeddable":true,"href":"https:\/\/xn--pferdundpftchen-itb.de\/woocommerce\/wp-json\/wp\/v2\/product_brand?post=1105"},{"taxonomy":"product_cat","embeddable":true,"href":"https:\/\/xn--pferdundpftchen-itb.de\/woocommerce\/wp-json\/wp\/v2\/product_cat?post=1105"},{"taxonomy":"product_tag","embeddable":true,"href":"https:\/\/xn--pferdundpftchen-itb.de\/woocommerce\/wp-json\/wp\/v2\/product_tag?post=1105"}],"curies":[{"name":"wp","href":"https:\/\/api.w.org\/{rel}","templated":true}]}}