{"id":1109,"date":"2024-08-16T10:14:16","date_gmt":"2024-08-16T08:14:16","guid":{"rendered":"https:\/\/xn--pferdundpftchen-itb.de\/woocommerce\/?post_type=product&#038;p=1109"},"modified":"2025-01-14T20:24:29","modified_gmt":"2025-01-14T19:24:29","slug":"euphrasia-augenpflege-tropfen","status":"publish","type":"product","link":"https:\/\/xn--pferdundpftchen-itb.de\/woocommerce\/produkt\/euphrasia-augenpflege-tropfen\/","title":{"rendered":"Euphrasia Augenpflege Tropfen"},"content":{"rendered":"<h3><strong>Euphrasia Augenpflege Tropfen \u2013 Milde Reinigung und Schutz f\u00fcr empfindliche Augen<\/strong><\/h3>\n<p>Mit nat\u00fcrlichem <strong>Rosenwasser und Euphrasia (Augentrost)<\/strong> bieten die <strong>Euphrasia Augenpflege Tropfen<\/strong> eine besonders schonende Pflege und Reinigung der Augenpartie:<\/p>\n<ul>\n<li><strong>Beruhigend und vorbeugend:<\/strong> Euphrasia beruhigt empfindliche Augen und kann unspezifischen Entz\u00fcndungen vorbeugen.<\/li>\n<li><strong>Schutz vor Reizungen:<\/strong> Regelm\u00e4\u00dfige Anwendung sch\u00fctzt das Auge vor \u00e4u\u00dferen Einfl\u00fcssen und Irritationen.<\/li>\n<li><strong>Extra mild und nat\u00fcrlich:<\/strong> Die parf\u00fcmfreie Rezeptur eignet sich ideal auch f\u00fcr sensible Tiere.<\/li>\n<\/ul>\n<p>Die Tropfen sind f\u00fcr die t\u00e4gliche Anwendung geeignet und bieten allen Tierarten eine sanfte und effektive Augenpflege.<\/p>\n<p><strong>F\u00fcr empfindliche Augen \u2013 jeden Tag und alle Tierarten!<\/strong><\/p>\n<p>Zusammensetzung: W\u00e4ssriger Auszug aus Augentrost (Euphrasia), Rosenwasser, Natriumchlorid.<\/p>\n<p>Anwendung: Je nach Bedarf am Auge oder in der Augenumgebung anwenden.<\/p>\n","protected":false},"excerpt":{"rendered":"<p>Euphrasia Augenpflege Tropfen \u2013 Milde Reinigung und Schutz f\u00fcr empfindliche Augen Mit nat\u00fcrlichem Rosenwasser und Euphrasia (Augentrost) bieten die Euphrasia Augenpflege Tropfen eine besonders schonende Pflege und Reinigung der Augenpartie: Beruhigend und vorbeugend: Euphrasia beruhigt empfindliche Augen und kann unspezifischen Entz\u00fcndungen vorbeugen. Schutz vor Reizungen: Regelm\u00e4\u00dfige Anwendung sch\u00fctzt das Auge vor \u00e4u\u00dferen Einfl\u00fcssen und Irritationen. [&hellip;]<\/p>\n","protected":false},"featured_media":734,"comment_status":"open","ping_status":"closed","template":"","meta":[],"product_brand":[],"product_cat":[15,40,20,38,21,45],"product_tag":[],"class_list":{"0":"post-1109","1":"product","2":"type-product","3":"status-publish","4":"has-post-thumbnail","6":"product_cat-pferd","7":"product_cat-pflege-aeusserliche-anwendung-pferd","8":"product_cat-hund","9":"product_cat-pflege-aeuserliche-anwendung","10":"product_cat-katze","11":"product_cat-pflege-aeusserliche-anwendung-katze","13":"first","14":"instock","15":"taxable","16":"shipping-taxable","17":"purchasable","18":"product-type-variable"},"jetpack_sharing_enabled":true,"_links":{"self":[{"href":"https:\/\/xn--pferdundpftchen-itb.de\/woocommerce\/wp-json\/wp\/v2\/product\/1109","targetHints":{"allow":["GET"]}}],"collection":[{"href":"https:\/\/xn--pferdundpftchen-itb.de\/woocommerce\/wp-json\/wp\/v2\/product"}],"about":[{"href":"https:\/\/xn--pferdundpftchen-itb.de\/woocommerce\/wp-json\/wp\/v2\/types\/product"}],"replies":[{"embeddable":true,"href":"https:\/\/xn--pferdundpftchen-itb.de\/woocommerce\/wp-json\/wp\/v2\/comments?post=1109"}],"wp:featuredmedia":[{"embeddable":true,"href":"https:\/\/xn--pferdundpftchen-itb.de\/woocommerce\/wp-json\/wp\/v2\/media\/734"}],"wp:attachment":[{"href":"https:\/\/xn--pferdundpftchen-itb.de\/woocommerce\/wp-json\/wp\/v2\/media?parent=1109"}],"wp:term":[{"taxonomy":"product_brand","embeddable":true,"href":"https:\/\/xn--pferdundpftchen-itb.de\/woocommerce\/wp-json\/wp\/v2\/product_brand?post=1109"},{"taxonomy":"product_cat","embeddable":true,"href":"https:\/\/xn--pferdundpftchen-itb.de\/woocommerce\/wp-json\/wp\/v2\/product_cat?post=1109"},{"taxonomy":"product_tag","embeddable":true,"href":"https:\/\/xn--pferdundpftchen-itb.de\/woocommerce\/wp-json\/wp\/v2\/product_tag?post=1109"}],"curies":[{"name":"wp","href":"https:\/\/api.w.org\/{rel}","templated":true}]}}