{"id":1127,"date":"2023-06-10T11:44:35","date_gmt":"2023-06-10T09:44:35","guid":{"rendered":"https:\/\/xn--pferdundpftchen-itb.de\/woocommerce\/?post_type=product&#038;p=1127"},"modified":"2025-01-02T19:33:00","modified_gmt":"2025-01-02T18:33:00","slug":"flora-islantica-fjordweide","status":"publish","type":"product","link":"https:\/\/xn--pferdundpftchen-itb.de\/woocommerce\/produkt\/flora-islantica-fjordweide\/","title":{"rendered":"Flora Islantica"},"content":{"rendered":"<p><strong>Flora islantica \u2013 Die Kr\u00e4utermischung f\u00fcr robuste Pferde<\/strong><\/p>\n<p>Dein Islandpferd, Haflinger oder Freiberger hat spezielle Bed\u00fcrfnisse? Dann ist <em>Flora islantica<\/em> genau die richtige Wahl! Diese ma\u00dfgeschneiderte Kr\u00e4utermischung wurde speziell f\u00fcr nordische Rassen und Gebirgspferde entwickelt und liefert alles, was Dein Pferd braucht, um gesund und vital zu bleiben.<\/p>\n<p><strong>Warum ist <em>Flora islantica<\/em> die ideale Wahl f\u00fcr Dein Pferd?<\/strong><\/p>\n<ul>\n<li><strong>Reich an organisch gebundenen Mineralien &amp; Spurenelementen:<\/strong> Islandpferde, Haflinger und Co. ben\u00f6tigen eine besondere Versorgung mit Mineralstoffen. <em>Flora islantica<\/em> liefert genau die richtigen N\u00e4hrstoffe, die die Robustheit dieser Pferderassen unterst\u00fctzen.<\/li>\n<li><strong>Zuckerarm:<\/strong> Diese Kr\u00e4utermischung ist besonders zuckerarm und somit ideal f\u00fcr Pferde, die auf ihren Zuckerkonsum achten m\u00fcssen \u2013 ohne auf wertvolle N\u00e4hrstoffe verzichten zu m\u00fcssen.<\/li>\n<li><strong>F\u00f6rdert den Stoffwechsel:<\/strong> Besonders bei nordischen Rassen und Gebirgspferden, deren Stoffwechsel oft besondere Unterst\u00fctzung braucht, regt <em>Flora islantica<\/em> die nat\u00fcrlichen Prozesse im K\u00f6rper an und sorgt f\u00fcr mehr Energie und Vitalit\u00e4t.<\/li>\n<li><strong>Nat\u00fcrliche Inhaltsstoffe:<\/strong> Mit sorgf\u00e4ltig ausgew\u00e4hlten Kr\u00e4utern, die den K\u00f6rper Deines Pferdes auf nat\u00fcrliche Weise unterst\u00fctzen \u2013 f\u00fcr eine gesunde und ausgewogene Ern\u00e4hrung.<\/li>\n<\/ul>\n<p><strong>F\u00fcr eine gesunde Unterst\u00fctzung des Stoffwechsels und mehr Vitalit\u00e4t \u2013 <em>Flora islantica<\/em> ist die perfekte Kr\u00e4utermischung f\u00fcr Dein robustes Pferd!<\/strong><\/p>\n<p>G\u00f6nn Deinem Pferd diese speziell abgestimmte Kr\u00e4utermischung, die seine nat\u00fcrlichen Bed\u00fcrfnisse erf\u00fcllt und ihm zu mehr Energie und Wohlbefinden verhilft. Ob bei der t\u00e4glichen F\u00fctterung oder als wertvolle Unterst\u00fctzung in stressigen Zeiten \u2013 <em>Flora islantica<\/em> ist die perfekte Wahl f\u00fcr Dein Pferd!<\/p>\n<p>Zusammensetzung: Besenheide, Breitwegerich, Quendel, Herzelkraut, Ziest, Zinnkraut, Rotalgen , Knotentang, Bartflechte, Heidelbeer- und Erdbeerbl\u00e4tter, Fingerkraut und Wacholderbeeren.<\/p>\n<p>F\u00fctterungsempfehlung: F\u00fcttern Sie etwa 30 bis 70 g t\u00e4glich, angefeuchtet \u00fcber das Futter.<\/p>\n","protected":false},"excerpt":{"rendered":"<p>Flora islantica \u2013 Die Kr\u00e4utermischung f\u00fcr robuste Pferde Dein Islandpferd, Haflinger oder Freiberger hat spezielle Bed\u00fcrfnisse? Dann ist Flora islantica genau die richtige Wahl! Diese ma\u00dfgeschneiderte Kr\u00e4utermischung wurde speziell f\u00fcr nordische Rassen und Gebirgspferde entwickelt und liefert alles, was Dein Pferd braucht, um gesund und vital zu bleiben. Warum ist Flora islantica die ideale Wahl [&hellip;]<\/p>\n","protected":false},"featured_media":746,"comment_status":"open","ping_status":"closed","template":"","meta":[],"product_brand":[],"product_cat":[15,47,46],"product_tag":[],"class_list":{"0":"post-1127","1":"product","2":"type-product","3":"status-publish","4":"has-post-thumbnail","6":"product_cat-pferd","7":"product_cat-grundversorgung-pferd","8":"product_cat-haut-fell-pferd","10":"first","11":"instock","12":"taxable","13":"shipping-taxable","14":"purchasable","15":"product-type-variable"},"jetpack_sharing_enabled":true,"_links":{"self":[{"href":"https:\/\/xn--pferdundpftchen-itb.de\/woocommerce\/wp-json\/wp\/v2\/product\/1127","targetHints":{"allow":["GET"]}}],"collection":[{"href":"https:\/\/xn--pferdundpftchen-itb.de\/woocommerce\/wp-json\/wp\/v2\/product"}],"about":[{"href":"https:\/\/xn--pferdundpftchen-itb.de\/woocommerce\/wp-json\/wp\/v2\/types\/product"}],"replies":[{"embeddable":true,"href":"https:\/\/xn--pferdundpftchen-itb.de\/woocommerce\/wp-json\/wp\/v2\/comments?post=1127"}],"wp:featuredmedia":[{"embeddable":true,"href":"https:\/\/xn--pferdundpftchen-itb.de\/woocommerce\/wp-json\/wp\/v2\/media\/746"}],"wp:attachment":[{"href":"https:\/\/xn--pferdundpftchen-itb.de\/woocommerce\/wp-json\/wp\/v2\/media?parent=1127"}],"wp:term":[{"taxonomy":"product_brand","embeddable":true,"href":"https:\/\/xn--pferdundpftchen-itb.de\/woocommerce\/wp-json\/wp\/v2\/product_brand?post=1127"},{"taxonomy":"product_cat","embeddable":true,"href":"https:\/\/xn--pferdundpftchen-itb.de\/woocommerce\/wp-json\/wp\/v2\/product_cat?post=1127"},{"taxonomy":"product_tag","embeddable":true,"href":"https:\/\/xn--pferdundpftchen-itb.de\/woocommerce\/wp-json\/wp\/v2\/product_tag?post=1127"}],"curies":[{"name":"wp","href":"https:\/\/api.w.org\/{rel}","templated":true}]}}