{"id":1141,"date":"2023-06-10T12:47:33","date_gmt":"2023-06-10T10:47:33","guid":{"rendered":"https:\/\/xn--pferdundpftchen-itb.de\/woocommerce\/?post_type=product&#038;p=1141"},"modified":"2023-06-10T12:47:33","modified_gmt":"2023-06-10T10:47:33","slug":"heparmarin","status":"publish","type":"product","link":"https:\/\/xn--pferdundpftchen-itb.de\/woocommerce\/produkt\/heparmarin\/","title":{"rendered":"Heparmarin"},"content":{"rendered":"<p>Enth\u00e4lt 21 % Silymarin aus der Mariendistel. Hautprobleme, Juckreiz, Schuppen, nachlassende Leistung und auff\u00e4llige M\u00fcdigkeit k\u00f6nnen Anzeichen einer gest\u00f6rten Leberfunktion sein. <\/p>\n<p>Zusammensetzung: Mariendistelsamen, L\u00f6wenzahnwurzel, Spaltk\u00f6rbchen, S\u00fc\u00dfholz.<\/p>\n<p>F\u00fctterungsempfehlung:<br \/>\nF\u00fcttern Sie Heparmarin t\u00e4glich \u00fcber zwei Wochen.<br \/>\nKatzen <= 2 kg K\u00f6rpergewicht einen 1\/4 Me\u00dfl\u00f6ffel\nKatzen = 4 kg K\u00f6rpergewicht einen halben Me\u00dfl\u00f6ffel\nKatzen > 4 kg K\u00f6rpergewicht einen 3\/4 Me\u00dfl\u00f6ffel<br \/>\nDer Messbecher fasst 1,5 g.<\/p>\n","protected":false},"excerpt":{"rendered":"<p>Enth\u00e4lt 21 % Silymarin aus der Mariendistel. Hautprobleme, Juckreiz, Schuppen, nachlassende Leistung und auff\u00e4llige M\u00fcdigkeit k\u00f6nnen Anzeichen einer gest\u00f6rten Leberfunktion sein. Zusammensetzung: Mariendistelsamen, L\u00f6wenzahnwurzel, Spaltk\u00f6rbchen, S\u00fc\u00dfholz. F\u00fctterungsempfehlung: F\u00fcttern Sie Heparmarin t\u00e4glich \u00fcber zwei Wochen. Katzen 4 kg K\u00f6rpergewicht einen 3\/4 Me\u00dfl\u00f6ffel Der Messbecher fasst 1,5 g.<\/p>\n","protected":false},"featured_media":757,"comment_status":"open","ping_status":"closed","template":"","meta":[],"product_brand":[],"product_cat":[21,63,62],"product_tag":[],"class_list":{"0":"post-1141","1":"product","2":"type-product","3":"status-publish","4":"has-post-thumbnail","6":"product_cat-katze","7":"product_cat-ausleitung-entgiftung-katze","8":"product_cat-leber-niere-katze","10":"first","11":"instock","12":"taxable","13":"shipping-taxable","14":"purchasable","15":"product-type-variable"},"jetpack_sharing_enabled":true,"_links":{"self":[{"href":"https:\/\/xn--pferdundpftchen-itb.de\/woocommerce\/wp-json\/wp\/v2\/product\/1141","targetHints":{"allow":["GET"]}}],"collection":[{"href":"https:\/\/xn--pferdundpftchen-itb.de\/woocommerce\/wp-json\/wp\/v2\/product"}],"about":[{"href":"https:\/\/xn--pferdundpftchen-itb.de\/woocommerce\/wp-json\/wp\/v2\/types\/product"}],"replies":[{"embeddable":true,"href":"https:\/\/xn--pferdundpftchen-itb.de\/woocommerce\/wp-json\/wp\/v2\/comments?post=1141"}],"wp:featuredmedia":[{"embeddable":true,"href":"https:\/\/xn--pferdundpftchen-itb.de\/woocommerce\/wp-json\/wp\/v2\/media\/757"}],"wp:attachment":[{"href":"https:\/\/xn--pferdundpftchen-itb.de\/woocommerce\/wp-json\/wp\/v2\/media?parent=1141"}],"wp:term":[{"taxonomy":"product_brand","embeddable":true,"href":"https:\/\/xn--pferdundpftchen-itb.de\/woocommerce\/wp-json\/wp\/v2\/product_brand?post=1141"},{"taxonomy":"product_cat","embeddable":true,"href":"https:\/\/xn--pferdundpftchen-itb.de\/woocommerce\/wp-json\/wp\/v2\/product_cat?post=1141"},{"taxonomy":"product_tag","embeddable":true,"href":"https:\/\/xn--pferdundpftchen-itb.de\/woocommerce\/wp-json\/wp\/v2\/product_tag?post=1141"}],"curies":[{"name":"wp","href":"https:\/\/api.w.org\/{rel}","templated":true}]}}