{"id":1144,"date":"2023-06-10T12:50:33","date_gmt":"2023-06-10T10:50:33","guid":{"rendered":"https:\/\/xn--pferdundpftchen-itb.de\/woocommerce\/?post_type=product&#038;p=1144"},"modified":"2025-01-02T19:41:35","modified_gmt":"2025-01-02T18:41:35","slug":"hepatika","status":"publish","type":"product","link":"https:\/\/xn--pferdundpftchen-itb.de\/woocommerce\/produkt\/hepatika\/","title":{"rendered":"Hepatika"},"content":{"rendered":"<div class=\"flex-shrink-0 flex flex-col relative items-end\">\n<div>\n<div class=\"pt-0\">\n<div class=\"gizmo-bot-avatar flex h-8 w-8 items-center justify-center overflow-hidden rounded-full\">\n<div class=\"relative p-1 rounded-sm flex items-center justify-center bg-token-main-surface-primary text-token-text-primary h-8 w-8\"><\/div>\n<\/div>\n<\/div>\n<\/div>\n<\/div>\n<div class=\"group\/conversation-turn relative flex w-full min-w-0 flex-col agent-turn\">\n<div class=\"flex-col gap-1 md:gap-3\">\n<div class=\"flex max-w-full flex-col flex-grow\">\n<div class=\"min-h-8 text-message flex w-full flex-col items-end gap-2 whitespace-normal break-words text-start [.text-message+&amp;]:mt-5\" dir=\"auto\" data-message-author-role=\"assistant\" data-message-id=\"a51ce9b8-0bb9-4629-82f3-b5f0fbf154f6\" data-message-model-slug=\"gpt-4o-mini\">\n<div class=\"flex w-full flex-col gap-1 empty:hidden first:pt-[3px]\">\n<div class=\"markdown prose w-full break-words dark:prose-invert light\">\n<p><strong>Heparlind f\u00fcr Hunde \u2013 Die Kr\u00e4utermischung zur Entlastung der Leber<\/strong><\/p>\n<p>Die Leber ist eines der wichtigsten Organe Deines Hundes \u2013 sie entgiftet, speichert N\u00e4hrstoffe und sorgt f\u00fcr den reibungslosen Stoffwechsel. Doch durch Umweltgifte, ungesunde Ern\u00e4hrung oder Medikamente kann sie schnell \u00fcberlastet werden. Mit der <em>Heparlind Kr\u00e4utermischung<\/em> gibst Du der Leber Deines Hundes die Unterst\u00fctzung, die sie braucht, um optimal zu arbeiten und den K\u00f6rper von sch\u00e4dlichen Stoffen zu befreien.<\/p>\n<p><strong>Warum ist <em>Heparlind<\/em> die perfekte Wahl f\u00fcr Deinen Hund?<\/strong><\/p>\n<ul>\n<li><strong>Mariendistel:<\/strong> Sie ist bekannt f\u00fcr ihre lebersch\u00fctzenden Eigenschaften und f\u00f6rdert die Leberfunktionen, indem sie die Zellen der Leber st\u00e4rkt und die Regeneration unterst\u00fctzt.<\/li>\n<li><strong>Spirulina &amp; Chlorella:<\/strong> Diese Superkr\u00e4uter helfen bei der Ausleitung von Toxinen, f\u00f6rdern die Blutbildung und versorgen Deinen Hund mit wertvollem Magnesium. Sie tragen dazu bei, dass sch\u00e4dliche Stoffe schneller aus dem K\u00f6rper ausgeschieden werden.<\/li>\n<li><strong>Nat\u00fcrlicher Silymaringehalt (30%):<\/strong> Silymarin ist der wichtigste Wirkstoff der Mariendistel, der die Leber sch\u00fctzt, die Zellregeneration anregt und die Entgiftung unterst\u00fctzt.<\/li>\n<\/ul>\n<p><strong>Was macht <em>Heparlind<\/em> so effektiv?<\/strong><\/p>\n<p><em>Heparlind<\/em> ist eine speziell abgestimmte Kr\u00e4utermischung, die auf nat\u00fcrliche Weise die Leber Deines Hundes entlastet. Mit Mariendistel, Spirulina und Chlorella erh\u00e4lt Dein Hund eine optimale Kombination aus Leberpflege und Ausleitungshilfe. So kann sich die Leber regenerieren und die Entgiftung des K\u00f6rpers wieder effizient ablaufen.<\/p>\n<p><strong>Wann solltest Du <em>Heparlind<\/em> einsetzen?<\/strong><\/p>\n<ul>\n<li>Wenn Dein Hund unter einer Leberbelastung leidet, z.B. durch Medikamente, ungesunde Ern\u00e4hrung oder Umweltgifte.<\/li>\n<li>Bei regelm\u00e4\u00dfigen Entgiftungskuren oder zur Unterst\u00fctzung der Leber nach besonderen Belastungen.<\/li>\n<li>Zur F\u00f6rderung einer gesunden Blutbildung und Versorgung mit wichtigen N\u00e4hrstoffen.<\/li>\n<\/ul>\n<p><strong>G\u00f6nn Deinem Hund eine starke und gesunde Leber \u2013 mit der nat\u00fcrlichen Unterst\u00fctzung von <em>Heparlind<\/em>, der Kr\u00e4utermischung f\u00fcr eine effektive Leberentlastung und Ausleitung!<\/strong><\/p>\n<\/div>\n<\/div>\n<\/div>\n<\/div>\n<\/div>\n<\/div>\n<p>Zusammensetzung: Spirulina, Mariendistel, L\u00f6wenzahnwurzel, Artischocke und Chlorella<\/p>\n<p>F\u00fctterungsempfehlung: Zur kurm\u00e4\u00dfigen Ausleitung 3 Tage lang Hepatika geben, dann 3 Tage Nieren-Kr\u00e4uter und Spirella geben. Das Ganze 5 bis 6 mal wiederholen.<\/p>\n","protected":false},"excerpt":{"rendered":"<p>Heparlind f\u00fcr Hunde \u2013 Die Kr\u00e4utermischung zur Entlastung der Leber Die Leber ist eines der wichtigsten Organe Deines Hundes \u2013 sie entgiftet, speichert N\u00e4hrstoffe und sorgt f\u00fcr den reibungslosen Stoffwechsel. Doch durch Umweltgifte, ungesunde Ern\u00e4hrung oder Medikamente kann sie schnell \u00fcberlastet werden. Mit der Heparlind Kr\u00e4utermischung gibst Du der Leber Deines Hundes die Unterst\u00fctzung, die [&hellip;]<\/p>\n","protected":false},"featured_media":758,"comment_status":"open","ping_status":"closed","template":"","meta":[],"product_brand":[],"product_cat":[20,42,60],"product_tag":[],"class_list":{"0":"post-1144","1":"product","2":"type-product","3":"status-publish","4":"has-post-thumbnail","6":"product_cat-hund","7":"product_cat-ausleitung-entgiftung","8":"product_cat-leber-niere","10":"first","11":"instock","12":"taxable","13":"shipping-taxable","14":"purchasable","15":"product-type-variable"},"jetpack_sharing_enabled":true,"_links":{"self":[{"href":"https:\/\/xn--pferdundpftchen-itb.de\/woocommerce\/wp-json\/wp\/v2\/product\/1144","targetHints":{"allow":["GET"]}}],"collection":[{"href":"https:\/\/xn--pferdundpftchen-itb.de\/woocommerce\/wp-json\/wp\/v2\/product"}],"about":[{"href":"https:\/\/xn--pferdundpftchen-itb.de\/woocommerce\/wp-json\/wp\/v2\/types\/product"}],"replies":[{"embeddable":true,"href":"https:\/\/xn--pferdundpftchen-itb.de\/woocommerce\/wp-json\/wp\/v2\/comments?post=1144"}],"wp:featuredmedia":[{"embeddable":true,"href":"https:\/\/xn--pferdundpftchen-itb.de\/woocommerce\/wp-json\/wp\/v2\/media\/758"}],"wp:attachment":[{"href":"https:\/\/xn--pferdundpftchen-itb.de\/woocommerce\/wp-json\/wp\/v2\/media?parent=1144"}],"wp:term":[{"taxonomy":"product_brand","embeddable":true,"href":"https:\/\/xn--pferdundpftchen-itb.de\/woocommerce\/wp-json\/wp\/v2\/product_brand?post=1144"},{"taxonomy":"product_cat","embeddable":true,"href":"https:\/\/xn--pferdundpftchen-itb.de\/woocommerce\/wp-json\/wp\/v2\/product_cat?post=1144"},{"taxonomy":"product_tag","embeddable":true,"href":"https:\/\/xn--pferdundpftchen-itb.de\/woocommerce\/wp-json\/wp\/v2\/product_tag?post=1144"}],"curies":[{"name":"wp","href":"https:\/\/api.w.org\/{rel}","templated":true}]}}