{"id":1150,"date":"2023-06-10T12:56:12","date_gmt":"2023-06-10T10:56:12","guid":{"rendered":"https:\/\/xn--pferdundpftchen-itb.de\/woocommerce\/?post_type=product&#038;p=1150"},"modified":"2025-01-02T19:46:41","modified_gmt":"2025-01-02T18:46:41","slug":"herblinge","status":"publish","type":"product","link":"https:\/\/xn--pferdundpftchen-itb.de\/woocommerce\/produkt\/herblinge\/","title":{"rendered":"Herblinge"},"content":{"rendered":"<p><strong>Herblinge \u2013 Die gesunde Belohnung f\u00fcr Dein Pferd!<\/strong><\/p>\n<p>Du suchst nach einer gesunden und nat\u00fcrlichen Belohnung f\u00fcr Dein Pferd oder Pony? Dann sind <em>Herblinge<\/em> die perfekte Wahl! Diese Leckerlis bestehen zu 100 % aus wertvollen Kr\u00e4utern \u2013 ganz ohne Getreide, Zucker oder k\u00fcnstliche Zusatzstoffe. Sie bieten eine leckere und gesunde M\u00f6glichkeit, Dein Pferd zu belohnen und zu motivieren \u2013 ideal f\u00fcr unterwegs oder das Clickertraining!<\/p>\n<p><strong>Warum sind <em>Herblinge<\/em> die beste Wahl f\u00fcr Dein Pferd?<\/strong><\/p>\n<ul>\n<li><strong>100 % aus Kr\u00e4utern:<\/strong> Die <em>Herblinge<\/em> bestehen ausschlie\u00dflich aus nat\u00fcrlichen Kr\u00e4utern, die nicht nur gut schmecken, sondern auch wertvolle N\u00e4hrstoffe bieten.<\/li>\n<li><strong>Getreidefrei &amp; Zuckerfrei:<\/strong> Perfekt f\u00fcr Pferde mit Futterempfindlichkeiten oder f\u00fcr diejenigen, die eine zuckerfreie Ern\u00e4hrung ben\u00f6tigen.<\/li>\n<li><strong>Ohne k\u00fcnstliche Zusatzstoffe:<\/strong> Du kannst sicher sein, dass Dein Pferd nur das Beste bekommt \u2013 ohne unn\u00f6tige Aromen, Farbstoffe oder Konservierungsstoffe.<\/li>\n<li><strong>Ideal f\u00fcr Clickertraining und unterwegs:<\/strong> Die praktischen Leckerlis lassen sich einfach verstauen und sind immer griffbereit, um Dein Pferd beim Training oder unterwegs zu belohnen.<\/li>\n<li><strong>Nat\u00fcrliche Zutaten:<\/strong> Mit Kr\u00e4utern, die f\u00fcr ihre gesundheitsf\u00f6rdernden Eigenschaften bekannt sind, bieten die <em>Herblinge<\/em> eine nahrhafte und leckere Belohnung.<\/li>\n<\/ul>\n<p><strong>Perfekt f\u00fcr jede Belohnung \u2013 <em>Herblinge<\/em> sind die gesunde, nat\u00fcrliche Alternative zu herk\u00f6mmlichen Leckerlis.<\/strong><\/p>\n<p>Ob beim t\u00e4glichen Training, als Belohnung f\u00fcr zwischendurch oder als kleine Aufmerksamkeit f\u00fcr Dein Pferd \u2013 mit den <em>Herblingen <\/em>tust Du Deinem Pferd etwas Gutes!<\/p>\n<p>Zusammensetzung: Kr\u00e4uterheu, Pfefferminze, Gem\u00fcse (nur Gartenkr\u00e4uter).<\/p>\n<p>F\u00fctterungsempfehlung: Einige Leckerli t\u00e4glich, max. 100 g.<\/p>\n","protected":false},"excerpt":{"rendered":"<p>Herblinge \u2013 Die gesunde Belohnung f\u00fcr Dein Pferd! Du suchst nach einer gesunden und nat\u00fcrlichen Belohnung f\u00fcr Dein Pferd oder Pony? Dann sind Herblinge die perfekte Wahl! Diese Leckerlis bestehen zu 100 % aus wertvollen Kr\u00e4utern \u2013 ganz ohne Getreide, Zucker oder k\u00fcnstliche Zusatzstoffe. Sie bieten eine leckere und gesunde M\u00f6glichkeit, Dein Pferd zu belohnen [&hellip;]<\/p>\n","protected":false},"featured_media":762,"comment_status":"open","ping_status":"closed","template":"","meta":[],"product_brand":[],"product_cat":[15,65],"product_tag":[],"class_list":{"0":"post-1150","1":"product","2":"type-product","3":"status-publish","4":"has-post-thumbnail","6":"product_cat-pferd","7":"product_cat-leckerlies-snacks","9":"first","10":"instock","11":"taxable","12":"shipping-taxable","13":"purchasable","14":"product-type-variable"},"jetpack_sharing_enabled":true,"_links":{"self":[{"href":"https:\/\/xn--pferdundpftchen-itb.de\/woocommerce\/wp-json\/wp\/v2\/product\/1150","targetHints":{"allow":["GET"]}}],"collection":[{"href":"https:\/\/xn--pferdundpftchen-itb.de\/woocommerce\/wp-json\/wp\/v2\/product"}],"about":[{"href":"https:\/\/xn--pferdundpftchen-itb.de\/woocommerce\/wp-json\/wp\/v2\/types\/product"}],"replies":[{"embeddable":true,"href":"https:\/\/xn--pferdundpftchen-itb.de\/woocommerce\/wp-json\/wp\/v2\/comments?post=1150"}],"wp:featuredmedia":[{"embeddable":true,"href":"https:\/\/xn--pferdundpftchen-itb.de\/woocommerce\/wp-json\/wp\/v2\/media\/762"}],"wp:attachment":[{"href":"https:\/\/xn--pferdundpftchen-itb.de\/woocommerce\/wp-json\/wp\/v2\/media?parent=1150"}],"wp:term":[{"taxonomy":"product_brand","embeddable":true,"href":"https:\/\/xn--pferdundpftchen-itb.de\/woocommerce\/wp-json\/wp\/v2\/product_brand?post=1150"},{"taxonomy":"product_cat","embeddable":true,"href":"https:\/\/xn--pferdundpftchen-itb.de\/woocommerce\/wp-json\/wp\/v2\/product_cat?post=1150"},{"taxonomy":"product_tag","embeddable":true,"href":"https:\/\/xn--pferdundpftchen-itb.de\/woocommerce\/wp-json\/wp\/v2\/product_tag?post=1150"}],"curies":[{"name":"wp","href":"https:\/\/api.w.org\/{rel}","templated":true}]}}