{"id":1162,"date":"2023-06-15T13:31:37","date_gmt":"2023-06-15T11:31:37","guid":{"rendered":"https:\/\/xn--pferdundpftchen-itb.de\/woocommerce\/?post_type=product&#038;p=1162"},"modified":"2023-06-15T13:31:37","modified_gmt":"2023-06-15T11:31:37","slug":"ingwer","status":"publish","type":"product","link":"https:\/\/xn--pferdundpftchen-itb.de\/woocommerce\/produkt\/ingwer\/","title":{"rendered":"Ingwer"},"content":{"rendered":"<p>Ingwer ist reich an Aromaten, Scharf- und Bitterstoffen.<br \/>\nIngwer regt die Verdauung an und beruhigt, mehrfach in kleinen Mengen verabreicht, den empfindlichen Magen. Er verbessert die Durchblutung und damit auch die Versorgung im Gelenkbereich. Gerade bei \u00e4lteren Pferden sorgt Ingwer f\u00fcr einen aktiveren Stoffwechsel und f\u00f6rdert auch die Beweglichkeit.<\/p>\n<p>Zusammensetzung: 100 % Ingwer, geschnitten.<\/p>\n<p>F\u00fctterungsempfehlung: Mischen Sie, je nach Gr\u00f6\u00dfe des Pferdes, 1 bis 3 geh\u00e4ufte Essl\u00f6ffel (10 bis 30 g) Ingwer unter das Futter.<\/p>\n","protected":false},"excerpt":{"rendered":"<p>Ingwer ist reich an Aromaten, Scharf- und Bitterstoffen. Ingwer regt die Verdauung an und beruhigt, mehrfach in kleinen Mengen verabreicht, den empfindlichen Magen. Er verbessert die Durchblutung und damit auch die Versorgung im Gelenkbereich. Gerade bei \u00e4lteren Pferden sorgt Ingwer f\u00fcr einen aktiveren Stoffwechsel und f\u00f6rdert auch die Beweglichkeit. Zusammensetzung: 100 % Ingwer, geschnitten. F\u00fctterungsempfehlung: [&hellip;]<\/p>\n","protected":false},"featured_media":770,"comment_status":"open","ping_status":"closed","template":"","meta":[],"product_brand":[],"product_cat":[15,53,59,33],"product_tag":[],"class_list":{"0":"post-1162","1":"product","2":"type-product","3":"status-publish","4":"has-post-thumbnail","6":"product_cat-pferd","7":"product_cat-gelenke-bewegungsapparat-pferd","8":"product_cat-herz-kreislauf-pferd","9":"product_cat-magen-verdauung-pferd","11":"first","12":"instock","13":"taxable","14":"shipping-taxable","15":"purchasable","16":"product-type-variable"},"jetpack_sharing_enabled":true,"_links":{"self":[{"href":"https:\/\/xn--pferdundpftchen-itb.de\/woocommerce\/wp-json\/wp\/v2\/product\/1162","targetHints":{"allow":["GET"]}}],"collection":[{"href":"https:\/\/xn--pferdundpftchen-itb.de\/woocommerce\/wp-json\/wp\/v2\/product"}],"about":[{"href":"https:\/\/xn--pferdundpftchen-itb.de\/woocommerce\/wp-json\/wp\/v2\/types\/product"}],"replies":[{"embeddable":true,"href":"https:\/\/xn--pferdundpftchen-itb.de\/woocommerce\/wp-json\/wp\/v2\/comments?post=1162"}],"wp:featuredmedia":[{"embeddable":true,"href":"https:\/\/xn--pferdundpftchen-itb.de\/woocommerce\/wp-json\/wp\/v2\/media\/770"}],"wp:attachment":[{"href":"https:\/\/xn--pferdundpftchen-itb.de\/woocommerce\/wp-json\/wp\/v2\/media?parent=1162"}],"wp:term":[{"taxonomy":"product_brand","embeddable":true,"href":"https:\/\/xn--pferdundpftchen-itb.de\/woocommerce\/wp-json\/wp\/v2\/product_brand?post=1162"},{"taxonomy":"product_cat","embeddable":true,"href":"https:\/\/xn--pferdundpftchen-itb.de\/woocommerce\/wp-json\/wp\/v2\/product_cat?post=1162"},{"taxonomy":"product_tag","embeddable":true,"href":"https:\/\/xn--pferdundpftchen-itb.de\/woocommerce\/wp-json\/wp\/v2\/product_tag?post=1162"}],"curies":[{"name":"wp","href":"https:\/\/api.w.org\/{rel}","templated":true}]}}