{"id":1164,"date":"2023-06-15T13:34:18","date_gmt":"2023-06-15T11:34:18","guid":{"rendered":"https:\/\/xn--pferdundpftchen-itb.de\/woocommerce\/?post_type=product&#038;p=1164"},"modified":"2023-06-15T13:34:18","modified_gmt":"2023-06-15T11:34:18","slug":"intestin","status":"publish","type":"product","link":"https:\/\/xn--pferdundpftchen-itb.de\/woocommerce\/produkt\/intestin\/","title":{"rendered":"Intestin"},"content":{"rendered":"<p>Intestin behindert das Wachstum von unerw\u00fcnschten Keimen und Einzellern im Verdauungstrakt und hilft bei Vergiftungen und Durchf\u00e4llen. Es f\u00f6rdert die Austreibung von Darmparasiten. <\/p>\n<p>Zusammensetzung: Guarkernmehl, L\u00f6wenzahnwurzel, Olivenbl\u00e4tter, wilder Majoran, Salbei und Thymian.<\/p>\n<p>F\u00fctterungsempfehlung:<br \/>\nDrei Tage hintereinander in das Futter r\u00fchren oder im Bereich der Rippen in das Fell streuen.<br \/>\n\u2264 2 kg K\u00f6rpermasse = 0,5 g<br \/>\n4 kg K\u00f6rpermasse = 0,75 g<br \/>\n\u2265 4 kg K\u00f6rpermasse = 1,5 g<br \/>\nDer Messl\u00f6ffel fasst 1,5 g.<\/p>\n","protected":false},"excerpt":{"rendered":"<p>Intestin behindert das Wachstum von unerw\u00fcnschten Keimen und Einzellern im Verdauungstrakt und hilft bei Vergiftungen und Durchf\u00e4llen. Es f\u00f6rdert die Austreibung von Darmparasiten. Zusammensetzung: Guarkernmehl, L\u00f6wenzahnwurzel, Olivenbl\u00e4tter, wilder Majoran, Salbei und Thymian. F\u00fctterungsempfehlung: Drei Tage hintereinander in das Futter r\u00fchren oder im Bereich der Rippen in das Fell streuen. \u2264 2 kg K\u00f6rpermasse = 0,5 [&hellip;]<\/p>\n","protected":false},"featured_media":771,"comment_status":"open","ping_status":"closed","template":"","meta":[],"product_brand":[],"product_cat":[21,72,61],"product_tag":[],"class_list":{"0":"post-1164","1":"product","2":"type-product","3":"status-publish","4":"has-post-thumbnail","6":"product_cat-katze","7":"product_cat-parasiten-katze","8":"product_cat-magen-verdauung-katze","10":"first","11":"instock","12":"taxable","13":"shipping-taxable","14":"purchasable","15":"product-type-variable"},"jetpack_sharing_enabled":true,"_links":{"self":[{"href":"https:\/\/xn--pferdundpftchen-itb.de\/woocommerce\/wp-json\/wp\/v2\/product\/1164","targetHints":{"allow":["GET"]}}],"collection":[{"href":"https:\/\/xn--pferdundpftchen-itb.de\/woocommerce\/wp-json\/wp\/v2\/product"}],"about":[{"href":"https:\/\/xn--pferdundpftchen-itb.de\/woocommerce\/wp-json\/wp\/v2\/types\/product"}],"replies":[{"embeddable":true,"href":"https:\/\/xn--pferdundpftchen-itb.de\/woocommerce\/wp-json\/wp\/v2\/comments?post=1164"}],"wp:featuredmedia":[{"embeddable":true,"href":"https:\/\/xn--pferdundpftchen-itb.de\/woocommerce\/wp-json\/wp\/v2\/media\/771"}],"wp:attachment":[{"href":"https:\/\/xn--pferdundpftchen-itb.de\/woocommerce\/wp-json\/wp\/v2\/media?parent=1164"}],"wp:term":[{"taxonomy":"product_brand","embeddable":true,"href":"https:\/\/xn--pferdundpftchen-itb.de\/woocommerce\/wp-json\/wp\/v2\/product_brand?post=1164"},{"taxonomy":"product_cat","embeddable":true,"href":"https:\/\/xn--pferdundpftchen-itb.de\/woocommerce\/wp-json\/wp\/v2\/product_cat?post=1164"},{"taxonomy":"product_tag","embeddable":true,"href":"https:\/\/xn--pferdundpftchen-itb.de\/woocommerce\/wp-json\/wp\/v2\/product_tag?post=1164"}],"curies":[{"name":"wp","href":"https:\/\/api.w.org\/{rel}","templated":true}]}}