{"id":1166,"date":"2023-06-15T13:39:13","date_gmt":"2023-06-15T11:39:13","guid":{"rendered":"https:\/\/xn--pferdundpftchen-itb.de\/woocommerce\/?post_type=product&#038;p=1166"},"modified":"2023-06-15T13:39:13","modified_gmt":"2023-06-15T11:39:13","slug":"katlement","status":"publish","type":"product","link":"https:\/\/xn--pferdundpftchen-itb.de\/woocommerce\/produkt\/katlement\/","title":{"rendered":"Katlement"},"content":{"rendered":"<p>Ideale Erg\u00e4nzung zu rohem Fleisch oder Dosenfutter. Zusammen mit unseren Fleischdosen ergeben sich vollst\u00e4ndige katzengerechte Mahlzeiten. Liefert alle wichtigen Mineralien, Vitamine, Fetts\u00e4uren, Taurin &#038; Vitalstoffe .Hochverf\u00fcgbar und komplett nat\u00fcrlich. <\/p>\n<p>Zusammensetzung: Gr\u00fcnlippmuschel, Mangrovenalgen, Seealgen, Bierhefe, Sonnenblumen-Lecithin(GVO-frei), Spirulina, Hagebuttenschale.<\/p>\n<p>F\u00fctterungsempfehlung:<br \/>\nF\u00fcttern Sie Katlement t\u00e4glich<br \/>\nKatzen <= 2 kg K\u00f6rpergewicht einen halben Me\u00dfl\u00f6ffel\nKatzen = 4 kg K\u00f6rpergewicht einen Me\u00dfl\u00f6ffel\nKatzen > 4 kg K\u00f6rpergewicht einen geh\u00e4uften Me\u00dfl\u00f6ffel<\/p>\n<p>Der Messl\u00f6ffel fasst 2 g.<\/p>\n","protected":false},"excerpt":{"rendered":"<p>Ideale Erg\u00e4nzung zu rohem Fleisch oder Dosenfutter. Zusammen mit unseren Fleischdosen ergeben sich vollst\u00e4ndige katzengerechte Mahlzeiten. Liefert alle wichtigen Mineralien, Vitamine, Fetts\u00e4uren, Taurin &#038; Vitalstoffe .Hochverf\u00fcgbar und komplett nat\u00fcrlich. Zusammensetzung: Gr\u00fcnlippmuschel, Mangrovenalgen, Seealgen, Bierhefe, Sonnenblumen-Lecithin(GVO-frei), Spirulina, Hagebuttenschale. F\u00fctterungsempfehlung: F\u00fcttern Sie Katlement t\u00e4glich Katzen 4 kg K\u00f6rpergewicht einen geh\u00e4uften Me\u00dfl\u00f6ffel Der Messl\u00f6ffel fasst 2 g.<\/p>\n","protected":false},"featured_media":775,"comment_status":"open","ping_status":"closed","template":"","meta":[],"product_brand":[],"product_cat":[21,69,74],"product_tag":[],"class_list":{"0":"post-1166","1":"product","2":"type-product","3":"status-publish","4":"has-post-thumbnail","6":"product_cat-katze","7":"product_cat-grundversorgung-katze","8":"product_cat-mineralstoffe-katze","10":"first","11":"instock","12":"taxable","13":"shipping-taxable","14":"purchasable","15":"product-type-variable"},"jetpack_sharing_enabled":true,"_links":{"self":[{"href":"https:\/\/xn--pferdundpftchen-itb.de\/woocommerce\/wp-json\/wp\/v2\/product\/1166","targetHints":{"allow":["GET"]}}],"collection":[{"href":"https:\/\/xn--pferdundpftchen-itb.de\/woocommerce\/wp-json\/wp\/v2\/product"}],"about":[{"href":"https:\/\/xn--pferdundpftchen-itb.de\/woocommerce\/wp-json\/wp\/v2\/types\/product"}],"replies":[{"embeddable":true,"href":"https:\/\/xn--pferdundpftchen-itb.de\/woocommerce\/wp-json\/wp\/v2\/comments?post=1166"}],"wp:featuredmedia":[{"embeddable":true,"href":"https:\/\/xn--pferdundpftchen-itb.de\/woocommerce\/wp-json\/wp\/v2\/media\/775"}],"wp:attachment":[{"href":"https:\/\/xn--pferdundpftchen-itb.de\/woocommerce\/wp-json\/wp\/v2\/media?parent=1166"}],"wp:term":[{"taxonomy":"product_brand","embeddable":true,"href":"https:\/\/xn--pferdundpftchen-itb.de\/woocommerce\/wp-json\/wp\/v2\/product_brand?post=1166"},{"taxonomy":"product_cat","embeddable":true,"href":"https:\/\/xn--pferdundpftchen-itb.de\/woocommerce\/wp-json\/wp\/v2\/product_cat?post=1166"},{"taxonomy":"product_tag","embeddable":true,"href":"https:\/\/xn--pferdundpftchen-itb.de\/woocommerce\/wp-json\/wp\/v2\/product_tag?post=1166"}],"curies":[{"name":"wp","href":"https:\/\/api.w.org\/{rel}","templated":true}]}}