{"id":1172,"date":"2023-06-15T13:46:19","date_gmt":"2023-06-15T11:46:19","guid":{"rendered":"https:\/\/xn--pferdundpftchen-itb.de\/woocommerce\/?post_type=product&#038;p=1172"},"modified":"2023-06-15T13:46:19","modified_gmt":"2023-06-15T11:46:19","slug":"knoblauchgranulat","status":"publish","type":"product","link":"https:\/\/xn--pferdundpftchen-itb.de\/woocommerce\/produkt\/knoblauchgranulat\/","title":{"rendered":"Knoblauchgranulat"},"content":{"rendered":"<p>Kaum eine andere Pflanze hat ein gr\u00f6\u00dferes desinfizierendes und ausleitendes Potential als der Knoblauch. Er f\u00f6rdert die Durchblutung und sch\u00fctzt vor oxidativem Stress.<br \/>\nKnoblauch f\u00f6rdert vor allem die Durchblutung der Peripherie und hilft deshalb auch, Insekten fernzuhalten, was verst\u00e4rkt wird, wenn die Pferde schwitzen.<\/p>\n<p>Zusammensetzung: 100 % Knoblauch, granuliert.<\/p>\n<p>F\u00fctterungsempfehlung: Je nach Gr\u00f6\u00dfe des Pferdes t\u00e4glich 10 bis 30 g.<\/p>\n","protected":false},"excerpt":{"rendered":"<p>Kaum eine andere Pflanze hat ein gr\u00f6\u00dferes desinfizierendes und ausleitendes Potential als der Knoblauch. Er f\u00f6rdert die Durchblutung und sch\u00fctzt vor oxidativem Stress. Knoblauch f\u00f6rdert vor allem die Durchblutung der Peripherie und hilft deshalb auch, Insekten fernzuhalten, was verst\u00e4rkt wird, wenn die Pferde schwitzen. Zusammensetzung: 100 % Knoblauch, granuliert. F\u00fctterungsempfehlung: Je nach Gr\u00f6\u00dfe des Pferdes [&hellip;]<\/p>\n","protected":false},"featured_media":779,"comment_status":"open","ping_status":"closed","template":"","meta":[],"product_brand":[],"product_cat":[15,48,39,59],"product_tag":[],"class_list":{"0":"post-1172","1":"product","2":"type-product","3":"status-publish","4":"has-post-thumbnail","6":"product_cat-pferd","7":"product_cat-ausleitung-entgiftung-pferd","8":"product_cat-parasiten-pferd","9":"product_cat-herz-kreislauf-pferd","11":"first","12":"instock","13":"taxable","14":"shipping-taxable","15":"purchasable","16":"product-type-variable"},"jetpack_sharing_enabled":true,"_links":{"self":[{"href":"https:\/\/xn--pferdundpftchen-itb.de\/woocommerce\/wp-json\/wp\/v2\/product\/1172","targetHints":{"allow":["GET"]}}],"collection":[{"href":"https:\/\/xn--pferdundpftchen-itb.de\/woocommerce\/wp-json\/wp\/v2\/product"}],"about":[{"href":"https:\/\/xn--pferdundpftchen-itb.de\/woocommerce\/wp-json\/wp\/v2\/types\/product"}],"replies":[{"embeddable":true,"href":"https:\/\/xn--pferdundpftchen-itb.de\/woocommerce\/wp-json\/wp\/v2\/comments?post=1172"}],"wp:featuredmedia":[{"embeddable":true,"href":"https:\/\/xn--pferdundpftchen-itb.de\/woocommerce\/wp-json\/wp\/v2\/media\/779"}],"wp:attachment":[{"href":"https:\/\/xn--pferdundpftchen-itb.de\/woocommerce\/wp-json\/wp\/v2\/media?parent=1172"}],"wp:term":[{"taxonomy":"product_brand","embeddable":true,"href":"https:\/\/xn--pferdundpftchen-itb.de\/woocommerce\/wp-json\/wp\/v2\/product_brand?post=1172"},{"taxonomy":"product_cat","embeddable":true,"href":"https:\/\/xn--pferdundpftchen-itb.de\/woocommerce\/wp-json\/wp\/v2\/product_cat?post=1172"},{"taxonomy":"product_tag","embeddable":true,"href":"https:\/\/xn--pferdundpftchen-itb.de\/woocommerce\/wp-json\/wp\/v2\/product_tag?post=1172"}],"curies":[{"name":"wp","href":"https:\/\/api.w.org\/{rel}","templated":true}]}}