{"id":1178,"date":"2023-06-15T13:57:32","date_gmt":"2023-06-15T11:57:32","guid":{"rendered":"https:\/\/xn--pferdundpftchen-itb.de\/woocommerce\/?post_type=product&#038;p=1178"},"modified":"2023-06-15T13:57:32","modified_gmt":"2023-06-15T11:57:32","slug":"komplement-basis","status":"publish","type":"product","link":"https:\/\/xn--pferdundpftchen-itb.de\/woocommerce\/produkt\/komplement-basis\/","title":{"rendered":"Komplement Basis"},"content":{"rendered":"<p>Erg\u00e4nzt die t\u00e4gliche Grundversorgung mit lebensnotwendigen N\u00e4hr- und Vitalstoffen aus nat\u00fcrlichen Quellen. Ideal als Erg\u00e4nzung f\u00fcr Barfer, aber auch als t\u00e4glicher Zusatz zu Fertigfutter, dem viele Vitalstoffe fehlen. <\/p>\n<p>Zusammensetzung: Sonnenblumen-Lecithin (GVO-frei), Bierhefe (gesamter Vitamin-B-Komplex), gemahlene Bl\u00fctenpollen (alle Aminos\u00e4uren), Spirulina (Chlorophyll, Magnesium), Seealgenmehl (Mineralien und Spurenelemente), Moringablattpulver, Rhodophyta, Hagebuttenschalen (Lieferant der Vitamine C + K und Betacarotin). Mangrovenalgen (Schizochytrium, Lieferant von Vitamin D, Omega-3- und Omega-6-Fetts\u00e4uren), Paradiesn\u00fcsse (Selen). Alle Stoffe sind nat\u00fcrlichen Ursprungs<\/p>\n<p>F\u00fctterungsempfehlung:<br \/>\nF\u00fcttern Sie Komplement\u00ae Basis t\u00e4glich.<br \/>\nBitte erg\u00e4nzen Sie zur Calciumversorgung Knochen, Fleischknochenmehl oder Algenkalk.<br \/>\n5 kg K\u00f6rpermasse = 2,5 g<br \/>\n15 kg K\u00f6rpermasse = 5 g<br \/>\n30 kg K\u00f6rpermasse = 7,5 g<br \/>\n40 kg K\u00f6rpermasse = 12 g<\/p>\n<p>Der kleine Messl\u00f6ffel fasst 2,5 g der gro\u00dfe 12 g<\/p>\n","protected":false},"excerpt":{"rendered":"<p>Erg\u00e4nzt die t\u00e4gliche Grundversorgung mit lebensnotwendigen N\u00e4hr- und Vitalstoffen aus nat\u00fcrlichen Quellen. Ideal als Erg\u00e4nzung f\u00fcr Barfer, aber auch als t\u00e4glicher Zusatz zu Fertigfutter, dem viele Vitalstoffe fehlen. Zusammensetzung: Sonnenblumen-Lecithin (GVO-frei), Bierhefe (gesamter Vitamin-B-Komplex), gemahlene Bl\u00fctenpollen (alle Aminos\u00e4uren), Spirulina (Chlorophyll, Magnesium), Seealgenmehl (Mineralien und Spurenelemente), Moringablattpulver, Rhodophyta, Hagebuttenschalen (Lieferant der Vitamine C + K und [&hellip;]<\/p>\n","protected":false},"featured_media":788,"comment_status":"open","ping_status":"closed","template":"","meta":[],"product_brand":[],"product_cat":[20,27],"product_tag":[],"class_list":{"0":"post-1178","1":"product","2":"type-product","3":"status-publish","4":"has-post-thumbnail","6":"product_cat-hund","7":"product_cat-grundversorgung","9":"first","10":"instock","11":"taxable","12":"shipping-taxable","13":"purchasable","14":"product-type-variable"},"jetpack_sharing_enabled":true,"_links":{"self":[{"href":"https:\/\/xn--pferdundpftchen-itb.de\/woocommerce\/wp-json\/wp\/v2\/product\/1178","targetHints":{"allow":["GET"]}}],"collection":[{"href":"https:\/\/xn--pferdundpftchen-itb.de\/woocommerce\/wp-json\/wp\/v2\/product"}],"about":[{"href":"https:\/\/xn--pferdundpftchen-itb.de\/woocommerce\/wp-json\/wp\/v2\/types\/product"}],"replies":[{"embeddable":true,"href":"https:\/\/xn--pferdundpftchen-itb.de\/woocommerce\/wp-json\/wp\/v2\/comments?post=1178"}],"wp:featuredmedia":[{"embeddable":true,"href":"https:\/\/xn--pferdundpftchen-itb.de\/woocommerce\/wp-json\/wp\/v2\/media\/788"}],"wp:attachment":[{"href":"https:\/\/xn--pferdundpftchen-itb.de\/woocommerce\/wp-json\/wp\/v2\/media?parent=1178"}],"wp:term":[{"taxonomy":"product_brand","embeddable":true,"href":"https:\/\/xn--pferdundpftchen-itb.de\/woocommerce\/wp-json\/wp\/v2\/product_brand?post=1178"},{"taxonomy":"product_cat","embeddable":true,"href":"https:\/\/xn--pferdundpftchen-itb.de\/woocommerce\/wp-json\/wp\/v2\/product_cat?post=1178"},{"taxonomy":"product_tag","embeddable":true,"href":"https:\/\/xn--pferdundpftchen-itb.de\/woocommerce\/wp-json\/wp\/v2\/product_tag?post=1178"}],"curies":[{"name":"wp","href":"https:\/\/api.w.org\/{rel}","templated":true}]}}