{"id":1180,"date":"2023-06-15T14:04:11","date_gmt":"2023-06-15T12:04:11","guid":{"rendered":"https:\/\/xn--pferdundpftchen-itb.de\/woocommerce\/?post_type=product&#038;p=1180"},"modified":"2023-06-15T14:04:12","modified_gmt":"2023-06-15T12:04:12","slug":"lachs-oel","status":"publish","type":"product","link":"https:\/\/xn--pferdundpftchen-itb.de\/woocommerce\/produkt\/lachs-oel\/","title":{"rendered":"Lachs-\u00d6l"},"content":{"rendered":"<p>Lachs-\u00d6l liefert hochkonzentriert (24 %) essentielle Omega-3-Fetts\u00e4uren. Es f\u00f6rdert die Zellbildung und ist besonders wichtig f\u00fcr tr\u00e4chtige Tiere, Welpen und Kitten im Wachstum und alte Tiere. Omega-3-Fetts\u00e4uren sind wichtig f\u00fcr Haut und Herzfunktion. <\/p>\n<p>Zusammensetzung: 100 % Lachs-\u00d6l<\/p>\n<p>F\u00fctterungsempfehlung:<br \/>\nGeben Sie Lachs-\u00d6l t\u00e4glich direkt \u00fcber das Futter.<br \/>\nKatzen:<br \/>\n\u2264 4 kg K\u00f6rpergewicht = 5 Tropfen.<br \/>\n\u2265 4 kg K\u00f6rpergewicht = 3 ml<br \/>\nHunde:<br \/>\n\u2264 5 kg K\u00f6rpergewicht = 1,5 ml<br \/>\n= 15 kg K\u00f6rpergewicht = 3 ml<br \/>\n= 30 kg K\u00f6rpergewicht = 10 ml<br \/>\n\u2265 40 kg K\u00f6rpergewicht = 20 ml<\/p>\n<p>3 ml sind gleich 1 Teel\u00f6ffel<br \/>\n10 ml sind gleich 1 Essl\u00f6ffel<\/p>\n","protected":false},"excerpt":{"rendered":"<p>Lachs-\u00d6l liefert hochkonzentriert (24 %) essentielle Omega-3-Fetts\u00e4uren. Es f\u00f6rdert die Zellbildung und ist besonders wichtig f\u00fcr tr\u00e4chtige Tiere, Welpen und Kitten im Wachstum und alte Tiere. Omega-3-Fetts\u00e4uren sind wichtig f\u00fcr Haut und Herzfunktion. Zusammensetzung: 100 % Lachs-\u00d6l F\u00fctterungsempfehlung: Geben Sie Lachs-\u00d6l t\u00e4glich direkt \u00fcber das Futter. Katzen: \u2264 4 kg K\u00f6rpergewicht = 5 Tropfen. \u2265 [&hellip;]<\/p>\n","protected":false},"featured_media":793,"comment_status":"open","ping_status":"closed","template":"","meta":[],"product_brand":[],"product_cat":[15,34,46,59,49,20,67,43,57,50,21,66,44,58,78],"product_tag":[],"class_list":{"0":"post-1180","1":"product","2":"type-product","3":"status-publish","4":"has-post-thumbnail","6":"product_cat-pferd","7":"product_cat-oele-fette","8":"product_cat-haut-fell-pferd","9":"product_cat-herz-kreislauf-pferd","10":"product_cat-hormone-fortpflanzung","11":"product_cat-hund","12":"product_cat-oele-fette-hund","13":"product_cat-haut-fell","14":"product_cat-herz-kreislauf","15":"product_cat-hormone-fortpflanzung-hund","16":"product_cat-katze","17":"product_cat-le-fette-katze","18":"product_cat-haut-fell-katze","19":"product_cat-herz-kreislauf-katze","20":"product_cat-hormone-fortpflanzung-katze","22":"first","23":"instock","24":"taxable","25":"shipping-taxable","26":"purchasable","27":"product-type-variable"},"jetpack_sharing_enabled":true,"_links":{"self":[{"href":"https:\/\/xn--pferdundpftchen-itb.de\/woocommerce\/wp-json\/wp\/v2\/product\/1180","targetHints":{"allow":["GET"]}}],"collection":[{"href":"https:\/\/xn--pferdundpftchen-itb.de\/woocommerce\/wp-json\/wp\/v2\/product"}],"about":[{"href":"https:\/\/xn--pferdundpftchen-itb.de\/woocommerce\/wp-json\/wp\/v2\/types\/product"}],"replies":[{"embeddable":true,"href":"https:\/\/xn--pferdundpftchen-itb.de\/woocommerce\/wp-json\/wp\/v2\/comments?post=1180"}],"wp:featuredmedia":[{"embeddable":true,"href":"https:\/\/xn--pferdundpftchen-itb.de\/woocommerce\/wp-json\/wp\/v2\/media\/793"}],"wp:attachment":[{"href":"https:\/\/xn--pferdundpftchen-itb.de\/woocommerce\/wp-json\/wp\/v2\/media?parent=1180"}],"wp:term":[{"taxonomy":"product_brand","embeddable":true,"href":"https:\/\/xn--pferdundpftchen-itb.de\/woocommerce\/wp-json\/wp\/v2\/product_brand?post=1180"},{"taxonomy":"product_cat","embeddable":true,"href":"https:\/\/xn--pferdundpftchen-itb.de\/woocommerce\/wp-json\/wp\/v2\/product_cat?post=1180"},{"taxonomy":"product_tag","embeddable":true,"href":"https:\/\/xn--pferdundpftchen-itb.de\/woocommerce\/wp-json\/wp\/v2\/product_tag?post=1180"}],"curies":[{"name":"wp","href":"https:\/\/api.w.org\/{rel}","templated":true}]}}