{"id":1184,"date":"2023-06-15T14:11:01","date_gmt":"2023-06-15T12:11:01","guid":{"rendered":"https:\/\/xn--pferdundpftchen-itb.de\/woocommerce\/?post_type=product&#038;p=1184"},"modified":"2024-03-19T14:45:11","modified_gmt":"2024-03-19T13:45:11","slug":"lecithin-mit-kieselerde-dog","status":"publish","type":"product","link":"https:\/\/xn--pferdundpftchen-itb.de\/woocommerce\/produkt\/lecithin-mit-kieselerde-dog\/","title":{"rendered":"Lecithin mit Kieselerde Dog"},"content":{"rendered":"<p>Lecithin braucht der K\u00f6rper st\u00e4ndig, denn Lecithine &#8211; hier besonders die Phospholipide (enthalten sind 36 %), sind die Bausteine f\u00fcr alle Zellmembrane. Ohne Lecithin kein Funktionieren der Zellen, keine Zellerneuerung, kein Wachstum.<br \/>\nKieselerde (Kieselgur) ben\u00f6tigt der K\u00f6rper f\u00fcr die Produktion von Gelenkschmiere und den Aufbau von Horn, also Haare und Krallen, Knochen, Bindegewebe und Knorpel.<br \/>\nLecithin mit Kieselerde ist eine wichtige Erg\u00e4nzung vor allem f\u00fcr tr\u00e4chtige H\u00fcndinnen und Welpen, w\u00e4hrend des Fellwechsels und f\u00fcr Leistungshunde. <\/p>\n<p>Zusammensetzung: Sonnenblumen-Lecithin (GVO-frei)<\/p>\n<p>F\u00fctterungsempfehlung:<br \/>\nKleine Hunde bis 5 kg K\u00f6rpergewicht erhalten t\u00e4glich einen kleinen Messl\u00f6ffel (ML) = 1,5 g. Hunde mit 15 kg erhalten 2 kleine ML, Hunde mit 30 kg erhalten t\u00e4glich einen geh\u00e4uften gro\u00dfen ML und Hunde \u00fcber 40kg erhalten bis zu 2 gro\u00dfe Messl\u00f6ffel am Tag.<br \/>\nW\u00e4hrend Tr\u00e4chtigkeit und Aufzucht die Menge verdoppeln.<br \/>\nEs sind 2 Messl\u00f6ffel enthalten. Der kleine Messl\u00f6ffel fasst 1,5 g, der gro\u00dfe Messl\u00f6ffel 13 g.<\/p>\n","protected":false},"excerpt":{"rendered":"<p>Lecithin braucht der K\u00f6rper st\u00e4ndig, denn Lecithine &#8211; hier besonders die Phospholipide (enthalten sind 36 %), sind die Bausteine f\u00fcr alle Zellmembrane. Ohne Lecithin kein Funktionieren der Zellen, keine Zellerneuerung, kein Wachstum. Kieselerde (Kieselgur) ben\u00f6tigt der K\u00f6rper f\u00fcr die Produktion von Gelenkschmiere und den Aufbau von Horn, also Haare und Krallen, Knochen, Bindegewebe und Knorpel. [&hellip;]<\/p>\n","protected":false},"featured_media":799,"comment_status":"open","ping_status":"closed","template":"","meta":[],"product_brand":[],"product_cat":[20,41,51,43,50],"product_tag":[],"class_list":{"0":"post-1184","1":"product","2":"type-product","3":"status-publish","4":"has-post-thumbnail","6":"product_cat-hund","7":"product_cat-mineralstoffe","8":"product_cat-gelenke-bewegungsapparat","9":"product_cat-haut-fell","10":"product_cat-hormone-fortpflanzung-hund","12":"first","13":"instock","14":"taxable","15":"shipping-taxable","16":"purchasable","17":"product-type-variable"},"jetpack_sharing_enabled":true,"_links":{"self":[{"href":"https:\/\/xn--pferdundpftchen-itb.de\/woocommerce\/wp-json\/wp\/v2\/product\/1184","targetHints":{"allow":["GET"]}}],"collection":[{"href":"https:\/\/xn--pferdundpftchen-itb.de\/woocommerce\/wp-json\/wp\/v2\/product"}],"about":[{"href":"https:\/\/xn--pferdundpftchen-itb.de\/woocommerce\/wp-json\/wp\/v2\/types\/product"}],"replies":[{"embeddable":true,"href":"https:\/\/xn--pferdundpftchen-itb.de\/woocommerce\/wp-json\/wp\/v2\/comments?post=1184"}],"wp:featuredmedia":[{"embeddable":true,"href":"https:\/\/xn--pferdundpftchen-itb.de\/woocommerce\/wp-json\/wp\/v2\/media\/799"}],"wp:attachment":[{"href":"https:\/\/xn--pferdundpftchen-itb.de\/woocommerce\/wp-json\/wp\/v2\/media?parent=1184"}],"wp:term":[{"taxonomy":"product_brand","embeddable":true,"href":"https:\/\/xn--pferdundpftchen-itb.de\/woocommerce\/wp-json\/wp\/v2\/product_brand?post=1184"},{"taxonomy":"product_cat","embeddable":true,"href":"https:\/\/xn--pferdundpftchen-itb.de\/woocommerce\/wp-json\/wp\/v2\/product_cat?post=1184"},{"taxonomy":"product_tag","embeddable":true,"href":"https:\/\/xn--pferdundpftchen-itb.de\/woocommerce\/wp-json\/wp\/v2\/product_tag?post=1184"}],"curies":[{"name":"wp","href":"https:\/\/api.w.org\/{rel}","templated":true}]}}