{"id":1187,"date":"2023-06-15T14:19:52","date_gmt":"2023-06-15T12:19:52","guid":{"rendered":"https:\/\/xn--pferdundpftchen-itb.de\/woocommerce\/?post_type=product&#038;p=1187"},"modified":"2024-03-05T12:58:53","modified_gmt":"2024-03-05T11:58:53","slug":"lecithin-mit-kieselerde-horse","status":"publish","type":"product","link":"https:\/\/xn--pferdundpftchen-itb.de\/woocommerce\/produkt\/lecithin-mit-kieselerde-horse\/","title":{"rendered":"Lecithin mit Kieselerde Horse"},"content":{"rendered":"<p>F\u00fcr Zellwachstum, Regeneration, Leistung und f\u00fcr die Sch\u00f6nheit<br \/>\nLecithine sind die Bausteine aller Zellmembrane und damit Voraussetzung f\u00fcr Zellbildung und -regeneration. Kieselerde, also Silizium finden sich \u00fcberall in Knochen, Knorpeln, Bindegewebe, Horn und Gelenkschmiere.<br \/>\nLecithin ist unentbehrlich f\u00fcr den Aufbau aller Zellmembrane und damit aller Zellen und f\u00fcr die Nervenscheiden. Kieselerde (Kieselgur) ben\u00f6tigt der K\u00f6rper zur Bildung von Gelenkschmiere und den Aufbau von Knochen, Knorpel, Sehnen, B\u00e4ndern und Horn. Besonders tragende Stuten, Fohlen, aber auch Leistungspferde haben einen deutlich erh\u00f6hten Bedarf an Lecithin. Bei Sehnen und B\u00e4ndersch\u00e4den f\u00f6rdert diese Kombination die Regeneration dieser Gewebe, oft erstaunlich schnell und nachhaltig. <\/p>\n<p>Zusammensetzung: Sonnenblumen-Lecithin (GVO-frei)<\/p>\n<p>F\u00fctterungsempfehlung: Belastete Pferde und Pferde mit Sehnen- oder B\u00e4ndersch\u00e4den sollten Lecithin mit Kieselerde \u00fcber mehre Wochen gef\u00fcttert bekommen. Sportpferde brauchen Lecithin mit Kieselerde vor allem w\u00e4hrend der Belastungsphasen, auch, um mit Stress besser fertig zu werden. Pferde ben\u00f6tigen es w\u00e4hrend einer Regenerationsphase oder in der Rekonvaleszenz. Viele Osteopathen setzen Lecithin mit Kieselerde begleitend zur Therapie ein.<br \/>\nBedarf pro Pferd mit etwa 500 kg: 25 bis 30 g t\u00e4glich, 2 bis 3 geh\u00e4ufte Messl\u00f6ffel voll.<\/p>\n","protected":false},"excerpt":{"rendered":"<p>F\u00fcr Zellwachstum, Regeneration, Leistung und f\u00fcr die Sch\u00f6nheit Lecithine sind die Bausteine aller Zellmembrane und damit Voraussetzung f\u00fcr Zellbildung und -regeneration. Kieselerde, also Silizium finden sich \u00fcberall in Knochen, Knorpeln, Bindegewebe, Horn und Gelenkschmiere. Lecithin ist unentbehrlich f\u00fcr den Aufbau aller Zellmembrane und damit aller Zellen und f\u00fcr die Nervenscheiden. Kieselerde (Kieselgur) ben\u00f6tigt der K\u00f6rper [&hellip;]<\/p>\n","protected":false},"featured_media":800,"comment_status":"open","ping_status":"closed","template":"","meta":[],"product_brand":[],"product_cat":[15,70,53,46,49],"product_tag":[],"class_list":{"0":"post-1187","1":"product","2":"type-product","3":"status-publish","4":"has-post-thumbnail","6":"product_cat-pferd","7":"product_cat-mineralstoffe-pferd","8":"product_cat-gelenke-bewegungsapparat-pferd","9":"product_cat-haut-fell-pferd","10":"product_cat-hormone-fortpflanzung","12":"first","13":"instock","14":"taxable","15":"shipping-taxable","16":"purchasable","17":"product-type-variable"},"jetpack_sharing_enabled":true,"_links":{"self":[{"href":"https:\/\/xn--pferdundpftchen-itb.de\/woocommerce\/wp-json\/wp\/v2\/product\/1187","targetHints":{"allow":["GET"]}}],"collection":[{"href":"https:\/\/xn--pferdundpftchen-itb.de\/woocommerce\/wp-json\/wp\/v2\/product"}],"about":[{"href":"https:\/\/xn--pferdundpftchen-itb.de\/woocommerce\/wp-json\/wp\/v2\/types\/product"}],"replies":[{"embeddable":true,"href":"https:\/\/xn--pferdundpftchen-itb.de\/woocommerce\/wp-json\/wp\/v2\/comments?post=1187"}],"wp:featuredmedia":[{"embeddable":true,"href":"https:\/\/xn--pferdundpftchen-itb.de\/woocommerce\/wp-json\/wp\/v2\/media\/800"}],"wp:attachment":[{"href":"https:\/\/xn--pferdundpftchen-itb.de\/woocommerce\/wp-json\/wp\/v2\/media?parent=1187"}],"wp:term":[{"taxonomy":"product_brand","embeddable":true,"href":"https:\/\/xn--pferdundpftchen-itb.de\/woocommerce\/wp-json\/wp\/v2\/product_brand?post=1187"},{"taxonomy":"product_cat","embeddable":true,"href":"https:\/\/xn--pferdundpftchen-itb.de\/woocommerce\/wp-json\/wp\/v2\/product_cat?post=1187"},{"taxonomy":"product_tag","embeddable":true,"href":"https:\/\/xn--pferdundpftchen-itb.de\/woocommerce\/wp-json\/wp\/v2\/product_tag?post=1187"}],"curies":[{"name":"wp","href":"https:\/\/api.w.org\/{rel}","templated":true}]}}