{"id":1189,"date":"2023-06-15T14:25:51","date_gmt":"2023-06-15T12:25:51","guid":{"rendered":"https:\/\/xn--pferdundpftchen-itb.de\/woocommerce\/?post_type=product&#038;p=1189"},"modified":"2024-03-05T13:06:53","modified_gmt":"2024-03-05T12:06:53","slug":"lueneburger-kraeuter","status":"publish","type":"product","link":"https:\/\/xn--pferdundpftchen-itb.de\/woocommerce\/produkt\/lueneburger-kraeuter\/","title":{"rendered":"L\u00fcneburger Kr\u00e4uter"},"content":{"rendered":"<p>Das Thema Ausleitung muss immer wieder angesprochen werden. Es sind nicht nur Medikamente und Umweltgifte, mit denen die Pferde belastet sind. Unausgewogenheiten im Futter, Konservierungsstoffe, Schimmel, Pilzgifte und h\u00e4ufig oxidierte Fette greifen Leber und Niere an. Mit Anregen der Leber und der Niere helfen wir den Pferden, diese Stoffe auszuscheiden. Wichtig sind sie vor allem im Winter, wenn die Pferde weniger schwitzen und die Nieren besonders viel leisten m\u00fcssen.<br \/>\nDie Kombination der L\u00fcneburger Kr\u00e4uter zielt ab auf die Stimulierung des Stoffwechsels und die Unterst\u00fctzung der Verdauungs- und Ausscheidungsorgane, besonders der Niere. Sie vitalisiert \u00e4ltere Pferde, deren Stoffwechselaktivit\u00e4t nachgelassen hat. Eine weitere M\u00f6glichkeit zur Aktivierung von Leber und Nieren ist, kurweise Heparlind\u00ae-Leberkr\u00e4uter und Rhenalind\u00ae-Nierenkr\u00e4uter von PerNaturam zu f\u00fcttern. <\/p>\n<p>Zusammensetzung: Birke, Brombeerbl\u00e4tter, Brennnessel, Anis, Ackerschachtelhalm, Beifu\u00df, Stiefm\u00fctterchen, Ehrenpreis, Goldrute, Engelwurz, Wachholderbeeren und Erikabl\u00fcten.<\/p>\n<p>F\u00fctterungsempfehlung: F\u00fcttern Sie ca. 50 g bis 70 g L\u00fcneburger Kr\u00e4utermischung t\u00e4glich pro Pferd, am besten angefeuchtet \u00fcber das Futter.<\/p>\n","protected":false},"excerpt":{"rendered":"<p>Das Thema Ausleitung muss immer wieder angesprochen werden. Es sind nicht nur Medikamente und Umweltgifte, mit denen die Pferde belastet sind. Unausgewogenheiten im Futter, Konservierungsstoffe, Schimmel, Pilzgifte und h\u00e4ufig oxidierte Fette greifen Leber und Niere an. Mit Anregen der Leber und der Niere helfen wir den Pferden, diese Stoffe auszuscheiden. Wichtig sind sie vor allem [&hellip;]<\/p>\n","protected":false},"featured_media":805,"comment_status":"open","ping_status":"closed","template":"","meta":[],"product_brand":[],"product_cat":[15,47,48,64],"product_tag":[],"class_list":{"0":"post-1189","1":"product","2":"type-product","3":"status-publish","4":"has-post-thumbnail","6":"product_cat-pferd","7":"product_cat-grundversorgung-pferd","8":"product_cat-ausleitung-entgiftung-pferd","9":"product_cat-leber-niere-pferd","11":"first","12":"instock","13":"taxable","14":"shipping-taxable","15":"purchasable","16":"product-type-variable"},"jetpack_sharing_enabled":true,"_links":{"self":[{"href":"https:\/\/xn--pferdundpftchen-itb.de\/woocommerce\/wp-json\/wp\/v2\/product\/1189","targetHints":{"allow":["GET"]}}],"collection":[{"href":"https:\/\/xn--pferdundpftchen-itb.de\/woocommerce\/wp-json\/wp\/v2\/product"}],"about":[{"href":"https:\/\/xn--pferdundpftchen-itb.de\/woocommerce\/wp-json\/wp\/v2\/types\/product"}],"replies":[{"embeddable":true,"href":"https:\/\/xn--pferdundpftchen-itb.de\/woocommerce\/wp-json\/wp\/v2\/comments?post=1189"}],"wp:featuredmedia":[{"embeddable":true,"href":"https:\/\/xn--pferdundpftchen-itb.de\/woocommerce\/wp-json\/wp\/v2\/media\/805"}],"wp:attachment":[{"href":"https:\/\/xn--pferdundpftchen-itb.de\/woocommerce\/wp-json\/wp\/v2\/media?parent=1189"}],"wp:term":[{"taxonomy":"product_brand","embeddable":true,"href":"https:\/\/xn--pferdundpftchen-itb.de\/woocommerce\/wp-json\/wp\/v2\/product_brand?post=1189"},{"taxonomy":"product_cat","embeddable":true,"href":"https:\/\/xn--pferdundpftchen-itb.de\/woocommerce\/wp-json\/wp\/v2\/product_cat?post=1189"},{"taxonomy":"product_tag","embeddable":true,"href":"https:\/\/xn--pferdundpftchen-itb.de\/woocommerce\/wp-json\/wp\/v2\/product_tag?post=1189"}],"curies":[{"name":"wp","href":"https:\/\/api.w.org\/{rel}","templated":true}]}}