{"id":1192,"date":"2023-06-15T14:29:25","date_gmt":"2023-06-15T12:29:25","guid":{"rendered":"https:\/\/xn--pferdundpftchen-itb.de\/woocommerce\/?post_type=product&#038;p=1192"},"modified":"2024-03-05T13:03:57","modified_gmt":"2024-03-05T12:03:57","slug":"meerrettich","status":"publish","type":"product","link":"https:\/\/xn--pferdundpftchen-itb.de\/woocommerce\/produkt\/meerrettich\/","title":{"rendered":"Meerrettich"},"content":{"rendered":"<p>Vor allem bei \u00e4lteren Pferden sorgt Meerrettich f\u00fcr einen aktiveren Stoffwechsel und mehr Beweglichkeit. Bew\u00e4hrt hat sich die Kombination mit Ingwer.<br \/>\nMeerrettich wirkt durch den hohen Anteil an Scharfstoffen keimhemmend und darmregulierend. Er belebt, vitalisiert, reinigt den Darm und hilft Parasiten auszutreiben. Im Sp\u00e4tsommer hilft er, die Einnistung von Magendasseln zu verhindern. <\/p>\n<p>Zusammensetzung: 100 % Meerrettich, geschnitten.<\/p>\n<p>F\u00fctterungsempfehlung: Mischen Sie, je nach Gr\u00f6\u00dfe des Pferdes, 1 bis 3 geh\u00e4ufte Essl\u00f6ffel Meerrettich unter das Futter.<\/p>\n","protected":false},"excerpt":{"rendered":"<p>Vor allem bei \u00e4lteren Pferden sorgt Meerrettich f\u00fcr einen aktiveren Stoffwechsel und mehr Beweglichkeit. Bew\u00e4hrt hat sich die Kombination mit Ingwer. Meerrettich wirkt durch den hohen Anteil an Scharfstoffen keimhemmend und darmregulierend. Er belebt, vitalisiert, reinigt den Darm und hilft Parasiten auszutreiben. Im Sp\u00e4tsommer hilft er, die Einnistung von Magendasseln zu verhindern. Zusammensetzung: 100 % [&hellip;]<\/p>\n","protected":false},"featured_media":806,"comment_status":"open","ping_status":"closed","template":"","meta":[],"product_brand":[],"product_cat":[15,39,53,33],"product_tag":[],"class_list":{"0":"post-1192","1":"product","2":"type-product","3":"status-publish","4":"has-post-thumbnail","6":"product_cat-pferd","7":"product_cat-parasiten-pferd","8":"product_cat-gelenke-bewegungsapparat-pferd","9":"product_cat-magen-verdauung-pferd","11":"first","12":"instock","13":"taxable","14":"shipping-taxable","15":"purchasable","16":"product-type-variable"},"jetpack_sharing_enabled":true,"_links":{"self":[{"href":"https:\/\/xn--pferdundpftchen-itb.de\/woocommerce\/wp-json\/wp\/v2\/product\/1192","targetHints":{"allow":["GET"]}}],"collection":[{"href":"https:\/\/xn--pferdundpftchen-itb.de\/woocommerce\/wp-json\/wp\/v2\/product"}],"about":[{"href":"https:\/\/xn--pferdundpftchen-itb.de\/woocommerce\/wp-json\/wp\/v2\/types\/product"}],"replies":[{"embeddable":true,"href":"https:\/\/xn--pferdundpftchen-itb.de\/woocommerce\/wp-json\/wp\/v2\/comments?post=1192"}],"wp:featuredmedia":[{"embeddable":true,"href":"https:\/\/xn--pferdundpftchen-itb.de\/woocommerce\/wp-json\/wp\/v2\/media\/806"}],"wp:attachment":[{"href":"https:\/\/xn--pferdundpftchen-itb.de\/woocommerce\/wp-json\/wp\/v2\/media?parent=1192"}],"wp:term":[{"taxonomy":"product_brand","embeddable":true,"href":"https:\/\/xn--pferdundpftchen-itb.de\/woocommerce\/wp-json\/wp\/v2\/product_brand?post=1192"},{"taxonomy":"product_cat","embeddable":true,"href":"https:\/\/xn--pferdundpftchen-itb.de\/woocommerce\/wp-json\/wp\/v2\/product_cat?post=1192"},{"taxonomy":"product_tag","embeddable":true,"href":"https:\/\/xn--pferdundpftchen-itb.de\/woocommerce\/wp-json\/wp\/v2\/product_tag?post=1192"}],"curies":[{"name":"wp","href":"https:\/\/api.w.org\/{rel}","templated":true}]}}