{"id":1195,"date":"2023-06-15T14:33:39","date_gmt":"2023-06-15T12:33:39","guid":{"rendered":"https:\/\/xn--pferdundpftchen-itb.de\/woocommerce\/?post_type=product&#038;p=1195"},"modified":"2023-06-15T14:33:39","modified_gmt":"2023-06-15T12:33:39","slug":"moenchspfeffer","status":"publish","type":"product","link":"https:\/\/xn--pferdundpftchen-itb.de\/woocommerce\/produkt\/moenchspfeffer\/","title":{"rendered":"M\u00f6nchspfeffer"},"content":{"rendered":"<p>M\u00f6nchspfeffer zeichnet sich durch seine beruhigende und stimmungsausgleichende Wirkung aus.<br \/>\nM\u00f6nchspfeffer wird traditionell gef\u00fcttert bei \u00dcbererregbarkeit und Dauerrosse. Auf hengstige Wallache und Stuten wirkt er beruhigend und stimmungsausgleichend. <\/p>\n<p>Zusammensetzung: 100 % M\u00f6nchspfeffersamen.<\/p>\n<p>F\u00fctterungsempfehlung: Mischen Sie, je nach Gr\u00f6\u00dfe des Pferdes, t\u00e4glich 1 bis 2 geh\u00e4ufte Essl\u00f6ffel (8 bis 15 g) M\u00f6nchspfeffer, am Besten geschrotet unter das Futter.<\/p>\n","protected":false},"excerpt":{"rendered":"<p>M\u00f6nchspfeffer zeichnet sich durch seine beruhigende und stimmungsausgleichende Wirkung aus. M\u00f6nchspfeffer wird traditionell gef\u00fcttert bei \u00dcbererregbarkeit und Dauerrosse. Auf hengstige Wallache und Stuten wirkt er beruhigend und stimmungsausgleichend. Zusammensetzung: 100 % M\u00f6nchspfeffersamen. F\u00fctterungsempfehlung: Mischen Sie, je nach Gr\u00f6\u00dfe des Pferdes, t\u00e4glich 1 bis 2 geh\u00e4ufte Essl\u00f6ffel (8 bis 15 g) M\u00f6nchspfeffer, am Besten geschrotet unter [&hellip;]<\/p>\n","protected":false},"featured_media":809,"comment_status":"open","ping_status":"closed","template":"","meta":[],"product_brand":[],"product_cat":[15,49,56],"product_tag":[],"class_list":{"0":"post-1195","1":"product","2":"type-product","3":"status-publish","4":"has-post-thumbnail","6":"product_cat-pferd","7":"product_cat-hormone-fortpflanzung","8":"product_cat-nerven-stress-pferd","10":"first","11":"instock","12":"taxable","13":"shipping-taxable","14":"purchasable","15":"product-type-variable"},"jetpack_sharing_enabled":true,"_links":{"self":[{"href":"https:\/\/xn--pferdundpftchen-itb.de\/woocommerce\/wp-json\/wp\/v2\/product\/1195","targetHints":{"allow":["GET"]}}],"collection":[{"href":"https:\/\/xn--pferdundpftchen-itb.de\/woocommerce\/wp-json\/wp\/v2\/product"}],"about":[{"href":"https:\/\/xn--pferdundpftchen-itb.de\/woocommerce\/wp-json\/wp\/v2\/types\/product"}],"replies":[{"embeddable":true,"href":"https:\/\/xn--pferdundpftchen-itb.de\/woocommerce\/wp-json\/wp\/v2\/comments?post=1195"}],"wp:featuredmedia":[{"embeddable":true,"href":"https:\/\/xn--pferdundpftchen-itb.de\/woocommerce\/wp-json\/wp\/v2\/media\/809"}],"wp:attachment":[{"href":"https:\/\/xn--pferdundpftchen-itb.de\/woocommerce\/wp-json\/wp\/v2\/media?parent=1195"}],"wp:term":[{"taxonomy":"product_brand","embeddable":true,"href":"https:\/\/xn--pferdundpftchen-itb.de\/woocommerce\/wp-json\/wp\/v2\/product_brand?post=1195"},{"taxonomy":"product_cat","embeddable":true,"href":"https:\/\/xn--pferdundpftchen-itb.de\/woocommerce\/wp-json\/wp\/v2\/product_cat?post=1195"},{"taxonomy":"product_tag","embeddable":true,"href":"https:\/\/xn--pferdundpftchen-itb.de\/woocommerce\/wp-json\/wp\/v2\/product_tag?post=1195"}],"curies":[{"name":"wp","href":"https:\/\/api.w.org\/{rel}","templated":true}]}}