{"id":1200,"date":"2023-06-27T15:08:44","date_gmt":"2023-06-27T13:08:44","guid":{"rendered":"https:\/\/xn--pferdundpftchen-itb.de\/woocommerce\/?post_type=product&#038;p=1200"},"modified":"2023-06-27T15:08:44","modified_gmt":"2023-06-27T13:08:44","slug":"nierenkraeuter","status":"publish","type":"product","link":"https:\/\/xn--pferdundpftchen-itb.de\/woocommerce\/produkt\/nierenkraeuter\/","title":{"rendered":"Nierenkr\u00e4uter"},"content":{"rendered":"<p>PerNaturam Nieren-Kr\u00e4uter erh\u00f6hen die Harnmenge und durchsp\u00fclen Nieren und Blase. Sie unter st\u00fctzen sanft die Ausleitung durch die Niere. Diese speziellen Kr\u00e4uter wirken besonders gut zusammen mit PerNaturam Bauerngarten gr\u00fcn und k\u00f6nnen auch \u00fcber l\u00e4ngere Zeit gegeben werden. <\/p>\n<p>Zusammensetzung: Orthosiphon, Schachtelhalm und Schlie\u00dfgraswurzel, gemahlen.<\/p>\n<p>F\u00fctterungsempfehlung:<br \/>\nKleine Hunde bis 10 kg K\u00f6rpergewicht erhalten t\u00e4glich 1\/2 Messl\u00f6ffel \u00fcber das Futter; schwerere Hunde erhalten \u2013 je nach Gr\u00f6\u00dfe \u2013 einen bis maximal 3 Messl\u00f6ffel pro Tag 3 Tage lang, dann 3 Tage Pause u.s.w., mehrmals wiederholen. Der Messl\u00f6ffel fasst 7,5 g.<\/p>\n","protected":false},"excerpt":{"rendered":"<p>PerNaturam Nieren-Kr\u00e4uter erh\u00f6hen die Harnmenge und durchsp\u00fclen Nieren und Blase. Sie unter st\u00fctzen sanft die Ausleitung durch die Niere. Diese speziellen Kr\u00e4uter wirken besonders gut zusammen mit PerNaturam Bauerngarten gr\u00fcn und k\u00f6nnen auch \u00fcber l\u00e4ngere Zeit gegeben werden. Zusammensetzung: Orthosiphon, Schachtelhalm und Schlie\u00dfgraswurzel, gemahlen. F\u00fctterungsempfehlung: Kleine Hunde bis 10 kg K\u00f6rpergewicht erhalten t\u00e4glich 1\/2 Messl\u00f6ffel [&hellip;]<\/p>\n","protected":false},"featured_media":814,"comment_status":"open","ping_status":"closed","template":"","meta":[],"product_brand":[],"product_cat":[20,42,60],"product_tag":[],"class_list":{"0":"post-1200","1":"product","2":"type-product","3":"status-publish","4":"has-post-thumbnail","6":"product_cat-hund","7":"product_cat-ausleitung-entgiftung","8":"product_cat-leber-niere","10":"first","11":"instock","12":"taxable","13":"shipping-taxable","14":"purchasable","15":"product-type-variable"},"jetpack_sharing_enabled":true,"_links":{"self":[{"href":"https:\/\/xn--pferdundpftchen-itb.de\/woocommerce\/wp-json\/wp\/v2\/product\/1200","targetHints":{"allow":["GET"]}}],"collection":[{"href":"https:\/\/xn--pferdundpftchen-itb.de\/woocommerce\/wp-json\/wp\/v2\/product"}],"about":[{"href":"https:\/\/xn--pferdundpftchen-itb.de\/woocommerce\/wp-json\/wp\/v2\/types\/product"}],"replies":[{"embeddable":true,"href":"https:\/\/xn--pferdundpftchen-itb.de\/woocommerce\/wp-json\/wp\/v2\/comments?post=1200"}],"wp:featuredmedia":[{"embeddable":true,"href":"https:\/\/xn--pferdundpftchen-itb.de\/woocommerce\/wp-json\/wp\/v2\/media\/814"}],"wp:attachment":[{"href":"https:\/\/xn--pferdundpftchen-itb.de\/woocommerce\/wp-json\/wp\/v2\/media?parent=1200"}],"wp:term":[{"taxonomy":"product_brand","embeddable":true,"href":"https:\/\/xn--pferdundpftchen-itb.de\/woocommerce\/wp-json\/wp\/v2\/product_brand?post=1200"},{"taxonomy":"product_cat","embeddable":true,"href":"https:\/\/xn--pferdundpftchen-itb.de\/woocommerce\/wp-json\/wp\/v2\/product_cat?post=1200"},{"taxonomy":"product_tag","embeddable":true,"href":"https:\/\/xn--pferdundpftchen-itb.de\/woocommerce\/wp-json\/wp\/v2\/product_tag?post=1200"}],"curies":[{"name":"wp","href":"https:\/\/api.w.org\/{rel}","templated":true}]}}