{"id":1203,"date":"2023-06-27T15:11:57","date_gmt":"2023-06-27T13:11:57","guid":{"rendered":"https:\/\/xn--pferdundpftchen-itb.de\/woocommerce\/?post_type=product&#038;p=1203"},"modified":"2023-06-27T15:11:57","modified_gmt":"2023-06-27T13:11:57","slug":"olibanum","status":"publish","type":"product","link":"https:\/\/xn--pferdundpftchen-itb.de\/woocommerce\/produkt\/olibanum\/","title":{"rendered":"Olibanum"},"content":{"rendered":"<p>PerNaturam Olibanum wirkt beruhigend auf gereizte Schleimh\u00e4ute im Magen und Darm, reduziert allergische Hautreaktionen, verbessert die Beweglichkeit in den Gelenken. <\/p>\n<p>Zusammensetzung: Weihrauch (Boswellia serrata), Joghurtpulver.<\/p>\n<p>F\u00fctterungsempfehlung:<br \/>\nEine Katze mit 5 kg bekommt t\u00e4glich 0,25 g unter das Futter.<\/p>\n<p>Der Messl\u00f6ffel fasst 0,5 g.<\/p>\n","protected":false},"excerpt":{"rendered":"<p>PerNaturam Olibanum wirkt beruhigend auf gereizte Schleimh\u00e4ute im Magen und Darm, reduziert allergische Hautreaktionen, verbessert die Beweglichkeit in den Gelenken. Zusammensetzung: Weihrauch (Boswellia serrata), Joghurtpulver. F\u00fctterungsempfehlung: Eine Katze mit 5 kg bekommt t\u00e4glich 0,25 g unter das Futter. Der Messl\u00f6ffel fasst 0,5 g.<\/p>\n","protected":false},"featured_media":815,"comment_status":"open","ping_status":"closed","template":"","meta":[],"product_brand":[],"product_cat":[21,52,44,61],"product_tag":[],"class_list":{"0":"post-1203","1":"product","2":"type-product","3":"status-publish","4":"has-post-thumbnail","6":"product_cat-katze","7":"product_cat-gelenke-bewegungsapparat-katze","8":"product_cat-haut-fell-katze","9":"product_cat-magen-verdauung-katze","11":"first","12":"instock","13":"taxable","14":"shipping-taxable","15":"purchasable","16":"product-type-variable"},"jetpack_sharing_enabled":true,"_links":{"self":[{"href":"https:\/\/xn--pferdundpftchen-itb.de\/woocommerce\/wp-json\/wp\/v2\/product\/1203","targetHints":{"allow":["GET"]}}],"collection":[{"href":"https:\/\/xn--pferdundpftchen-itb.de\/woocommerce\/wp-json\/wp\/v2\/product"}],"about":[{"href":"https:\/\/xn--pferdundpftchen-itb.de\/woocommerce\/wp-json\/wp\/v2\/types\/product"}],"replies":[{"embeddable":true,"href":"https:\/\/xn--pferdundpftchen-itb.de\/woocommerce\/wp-json\/wp\/v2\/comments?post=1203"}],"wp:featuredmedia":[{"embeddable":true,"href":"https:\/\/xn--pferdundpftchen-itb.de\/woocommerce\/wp-json\/wp\/v2\/media\/815"}],"wp:attachment":[{"href":"https:\/\/xn--pferdundpftchen-itb.de\/woocommerce\/wp-json\/wp\/v2\/media?parent=1203"}],"wp:term":[{"taxonomy":"product_brand","embeddable":true,"href":"https:\/\/xn--pferdundpftchen-itb.de\/woocommerce\/wp-json\/wp\/v2\/product_brand?post=1203"},{"taxonomy":"product_cat","embeddable":true,"href":"https:\/\/xn--pferdundpftchen-itb.de\/woocommerce\/wp-json\/wp\/v2\/product_cat?post=1203"},{"taxonomy":"product_tag","embeddable":true,"href":"https:\/\/xn--pferdundpftchen-itb.de\/woocommerce\/wp-json\/wp\/v2\/product_tag?post=1203"}],"curies":[{"name":"wp","href":"https:\/\/api.w.org\/{rel}","templated":true}]}}