{"id":1205,"date":"2023-06-27T15:14:59","date_gmt":"2023-06-27T13:14:59","guid":{"rendered":"https:\/\/xn--pferdundpftchen-itb.de\/woocommerce\/?post_type=product&#038;p=1205"},"modified":"2023-06-27T15:15:00","modified_gmt":"2023-06-27T13:15:00","slug":"ortho-perna-san","status":"publish","type":"product","link":"https:\/\/xn--pferdundpftchen-itb.de\/woocommerce\/produkt\/ortho-perna-san\/","title":{"rendered":"Ortho-Perna-San"},"content":{"rendered":"<p>St\u00e4rkt das Bindegewebe und unterst\u00fctzt die Gelenkfunktionen vor allem bei hoher Belastung. Sehr wichtig bei \u00e4lteren Pferden. <\/p>\n<p>Zusammensetzung: 26 % Gr\u00fcnlippige S\u00fcdseemuschel (Perna canaliculus), Gelatine, Hagebutte, Harpagophytum (Afrikanische Teufelskralle), M\u00e4des\u00fc\u00df und Weihrauch Enth\u00e4lt Fischmehl und darf nicht an Wiederk\u00e4uer verf\u00fcttert werden.<\/p>\n<p>F\u00fctterungsempfehlung:<br \/>\nGeben Sie Ortho-Perna-San t\u00e4glich am besten angefeuchtet unter das Futter. \u00c4ltere Pferde mit Gelenksch\u00e4den sollten Ortho-Perna-San, am besten kombiniert mit Lecithin mit Kieselerde, lanfristig zwei- bis dreimal w\u00f6chentlich bekommen. Zur Regeneration nach hoher Leistungsanforderung reicht es, das Produkt 5 bis 7 Tage lang zu f\u00fcttern.<br \/>\n400 kg K\u00f6rpermasse = 12 g<br \/>\n500-600 kg K\u00f6rpermasse = 15 g<br \/>\n700 kg K\u00f6rpermasse = 25 g<\/p>\n","protected":false},"excerpt":{"rendered":"<p>St\u00e4rkt das Bindegewebe und unterst\u00fctzt die Gelenkfunktionen vor allem bei hoher Belastung. Sehr wichtig bei \u00e4lteren Pferden. Zusammensetzung: 26 % Gr\u00fcnlippige S\u00fcdseemuschel (Perna canaliculus), Gelatine, Hagebutte, Harpagophytum (Afrikanische Teufelskralle), M\u00e4des\u00fc\u00df und Weihrauch Enth\u00e4lt Fischmehl und darf nicht an Wiederk\u00e4uer verf\u00fcttert werden. F\u00fctterungsempfehlung: Geben Sie Ortho-Perna-San t\u00e4glich am besten angefeuchtet unter das Futter. \u00c4ltere Pferde mit [&hellip;]<\/p>\n","protected":false},"featured_media":817,"comment_status":"open","ping_status":"closed","template":"","meta":[],"product_brand":[],"product_cat":[15,53],"product_tag":[],"class_list":{"0":"post-1205","1":"product","2":"type-product","3":"status-publish","4":"has-post-thumbnail","6":"product_cat-pferd","7":"product_cat-gelenke-bewegungsapparat-pferd","9":"first","10":"instock","11":"taxable","12":"shipping-taxable","13":"purchasable","14":"product-type-variable"},"jetpack_sharing_enabled":true,"_links":{"self":[{"href":"https:\/\/xn--pferdundpftchen-itb.de\/woocommerce\/wp-json\/wp\/v2\/product\/1205","targetHints":{"allow":["GET"]}}],"collection":[{"href":"https:\/\/xn--pferdundpftchen-itb.de\/woocommerce\/wp-json\/wp\/v2\/product"}],"about":[{"href":"https:\/\/xn--pferdundpftchen-itb.de\/woocommerce\/wp-json\/wp\/v2\/types\/product"}],"replies":[{"embeddable":true,"href":"https:\/\/xn--pferdundpftchen-itb.de\/woocommerce\/wp-json\/wp\/v2\/comments?post=1205"}],"wp:featuredmedia":[{"embeddable":true,"href":"https:\/\/xn--pferdundpftchen-itb.de\/woocommerce\/wp-json\/wp\/v2\/media\/817"}],"wp:attachment":[{"href":"https:\/\/xn--pferdundpftchen-itb.de\/woocommerce\/wp-json\/wp\/v2\/media?parent=1205"}],"wp:term":[{"taxonomy":"product_brand","embeddable":true,"href":"https:\/\/xn--pferdundpftchen-itb.de\/woocommerce\/wp-json\/wp\/v2\/product_brand?post=1205"},{"taxonomy":"product_cat","embeddable":true,"href":"https:\/\/xn--pferdundpftchen-itb.de\/woocommerce\/wp-json\/wp\/v2\/product_cat?post=1205"},{"taxonomy":"product_tag","embeddable":true,"href":"https:\/\/xn--pferdundpftchen-itb.de\/woocommerce\/wp-json\/wp\/v2\/product_tag?post=1205"}],"curies":[{"name":"wp","href":"https:\/\/api.w.org\/{rel}","templated":true}]}}