{"id":1207,"date":"2023-06-27T15:18:09","date_gmt":"2023-06-27T13:18:09","guid":{"rendered":"https:\/\/xn--pferdundpftchen-itb.de\/woocommerce\/?post_type=product&#038;p=1207"},"modified":"2024-05-13T01:49:34","modified_gmt":"2024-05-12T23:49:34","slug":"ostpreussen-kraeuter","status":"publish","type":"product","link":"https:\/\/xn--pferdundpftchen-itb.de\/woocommerce\/produkt\/ostpreussen-kraeuter\/","title":{"rendered":"Ostpreu\u00dfen-Kr\u00e4uter"},"content":{"rendered":"<p>Diese Mischung ist f\u00fcr die Pferde unentbehrlich, die mit sehr eiwei\u00df- und fruktanreichen Gr\u00e4sern gef\u00fcttert werden. Solche Pferde neigen st\u00e4ndig zu Verdauungsst\u00f6rungen und leiden h\u00e4ufig an Durchfall, Kotwasser, Koliken und Hufrehe. Das frische Gras im Fr\u00fchling ist f\u00fcr den Darm eine gef\u00e4hrliche Belastung. Dasselbe gilt auch f\u00fcr Heu von artenarmen Wiesen, dem Hauptfutter im Winter. Am gebl\u00e4hten Bauch erkennt man, wie sehr die Darmflora gest\u00f6rt ist. Bei Pferden, die sich nach rechts schlecht biegen, liegt das h\u00e4ufig am gest\u00f6rten bzw. gereizten Blinddarm. Dort lassen sie sich auch nur ungern anfassen und putzen. Ostpreu\u00dfen-Kr\u00e4uter bieten die richtige Hilfe. Die bitterw\u00fcrzigen Kr\u00e4uter f\u00f6rdern die Darmflora und helfen, energie- und eiwei\u00dfreiches Gras und Heu besser zu verdauen. Sie f\u00f6rdern die Sekretion der Verdauungss\u00e4fte und regen die Bauchspeicheldr\u00fcse an. Dadurch kann sich die Darmflora erneuern, der Blinddarm wird entlastet. <\/p>\n<p>Zusammensetzung: K\u00fcmmel, M\u00e4des\u00fc\u00df, Schafgarbe, Buchweizen, Wasserdost, Pastinake, Quecke, Heidelbeerbl\u00e4tter, Taubnessel, Labkraut, Fenchel, Kn\u00f6terich und Koriander<\/p>\n<p>F\u00fctterungsempfehlung: F\u00fcttern Sie ca. 50 g bis 70 g Ostpreu\u00dfen-Kr\u00e4uter t\u00e4glich pro Pferd, am besten angefeuchtet \u00fcber das Futter.<\/p>\n","protected":false},"excerpt":{"rendered":"<p>Diese Mischung ist f\u00fcr die Pferde unentbehrlich, die mit sehr eiwei\u00df- und fruktanreichen Gr\u00e4sern gef\u00fcttert werden. Solche Pferde neigen st\u00e4ndig zu Verdauungsst\u00f6rungen und leiden h\u00e4ufig an Durchfall, Kotwasser, Koliken und Hufrehe. Das frische Gras im Fr\u00fchling ist f\u00fcr den Darm eine gef\u00e4hrliche Belastung. Dasselbe gilt auch f\u00fcr Heu von artenarmen Wiesen, dem Hauptfutter im Winter. [&hellip;]<\/p>\n","protected":false},"featured_media":818,"comment_status":"open","ping_status":"closed","template":"","meta":[],"product_brand":[],"product_cat":[15,47,33],"product_tag":[],"class_list":{"0":"post-1207","1":"product","2":"type-product","3":"status-publish","4":"has-post-thumbnail","6":"product_cat-pferd","7":"product_cat-grundversorgung-pferd","8":"product_cat-magen-verdauung-pferd","10":"first","11":"instock","12":"taxable","13":"shipping-taxable","14":"purchasable","15":"product-type-variable"},"jetpack_sharing_enabled":true,"_links":{"self":[{"href":"https:\/\/xn--pferdundpftchen-itb.de\/woocommerce\/wp-json\/wp\/v2\/product\/1207","targetHints":{"allow":["GET"]}}],"collection":[{"href":"https:\/\/xn--pferdundpftchen-itb.de\/woocommerce\/wp-json\/wp\/v2\/product"}],"about":[{"href":"https:\/\/xn--pferdundpftchen-itb.de\/woocommerce\/wp-json\/wp\/v2\/types\/product"}],"replies":[{"embeddable":true,"href":"https:\/\/xn--pferdundpftchen-itb.de\/woocommerce\/wp-json\/wp\/v2\/comments?post=1207"}],"wp:featuredmedia":[{"embeddable":true,"href":"https:\/\/xn--pferdundpftchen-itb.de\/woocommerce\/wp-json\/wp\/v2\/media\/818"}],"wp:attachment":[{"href":"https:\/\/xn--pferdundpftchen-itb.de\/woocommerce\/wp-json\/wp\/v2\/media?parent=1207"}],"wp:term":[{"taxonomy":"product_brand","embeddable":true,"href":"https:\/\/xn--pferdundpftchen-itb.de\/woocommerce\/wp-json\/wp\/v2\/product_brand?post=1207"},{"taxonomy":"product_cat","embeddable":true,"href":"https:\/\/xn--pferdundpftchen-itb.de\/woocommerce\/wp-json\/wp\/v2\/product_cat?post=1207"},{"taxonomy":"product_tag","embeddable":true,"href":"https:\/\/xn--pferdundpftchen-itb.de\/woocommerce\/wp-json\/wp\/v2\/product_tag?post=1207"}],"curies":[{"name":"wp","href":"https:\/\/api.w.org\/{rel}","templated":true}]}}