{"id":1210,"date":"2023-06-27T15:21:00","date_gmt":"2023-06-27T13:21:00","guid":{"rendered":"https:\/\/xn--pferdundpftchen-itb.de\/woocommerce\/?post_type=product&#038;p=1210"},"modified":"2025-03-04T08:00:21","modified_gmt":"2025-03-04T07:00:21","slug":"para-z-pellets","status":"publish","type":"product","link":"https:\/\/xn--pferdundpftchen-itb.de\/woocommerce\/produkt\/para-z-pellets\/","title":{"rendered":"Para-Z-Pellets"},"content":{"rendered":"<p><strong>Para-Z-Pellets \u2013 Nat\u00fcrlicher Schutz vor Zecken und anderen L\u00e4stlingen<\/strong><\/p>\n<p>Die <strong>Para-Z-Pellets nach Dr. Jutta Ziegler<\/strong> bieten Hunden eine nat\u00fcrliche L\u00f6sung f\u00fcr unbeschwerte Streifz\u00fcge durch Wald, Wiese und Gras. Dank der besonderen Rezeptur mit <strong>Zistrose<\/strong> ver\u00e4ndern die Pellets den Geruch Deines Hundes, sodass Zecken und andere l\u00e4stige Parasiten ihn nicht mehr bel\u00e4stigen.<\/p>\n<p><strong>Vorteile im \u00dcberblick:<\/strong><\/p>\n<ul>\n<li><strong>Nat\u00fcrlich wirksam:<\/strong> Die Rezeptur mit Zistrose maskiert die Ausd\u00fcnstung des Hundes auf nat\u00fcrliche Weise.<\/li>\n<li><strong>Schutz vor Zecken und Co.:<\/strong> Verhindert, dass L\u00e4stlinge sich am Hund festsetzen.<\/li>\n<li><strong>Einfach in der Anwendung:<\/strong> Die Pellets lassen sich unkompliziert ins Futter mischen.<\/li>\n<li><strong>Unbeschwerte Ausfl\u00fcge:<\/strong> Dein Hund kann ohne l\u00e4stige Begleiter durch Gras und W\u00e4lder toben.<\/li>\n<\/ul>\n<p>Mit den <strong>Para-Z-Pellets<\/strong> erh\u00e4lt Dein Hund einen rundum nat\u00fcrlichen Schutz, der sanft zum Tier und wirkungsvoll gegen L\u00e4stlinge ist.<\/p>\n<p>Mach den Alltag Deines Hundes sorgenfreier \u2013 mit den <strong>Para-Z-Pellets nach Dr. Jutta Ziegler<\/strong>!<\/p>\n<p>Zusammensetzung: Zistrose 34 %, K\u00fcchenkr\u00e4uter (Brennnessel, Brunnenkresse), Bierhefe, H\u00fchnerfleisch getrocknet und gemahlen, Hanf-\u00d6l kaltgepresst, Acerolakirsche, Hopfen<\/p>\n<p>F\u00fctterungsempfehlung:<br \/>\nF\u00fcttern Sie Para-Z-Pellets t\u00e4glich.<br \/>\nHunde bis 5 kg K\u00f6rpergewicht bekommen einen 1\/2 Messl\u00f6ffel<br \/>\nHunde bis 15 kg K\u00f6rpergewicht bekommen einen 3\/4 Messl\u00f6ffel<br \/>\nHunde bis 30 kg K\u00f6rpergewicht bekommen 1 Messl\u00f6ffel<br \/>\nHunde bis 40 kg oder mehr K\u00f6rpergewicht bekommen 1 geh\u00e4uften Messl\u00f6ffel<\/p>\n<p>Der Messl\u00f6ffel fasst 6 g<\/p>\n","protected":false},"excerpt":{"rendered":"<p>Para-Z-Pellets \u2013 Nat\u00fcrlicher Schutz vor Zecken und anderen L\u00e4stlingen Die Para-Z-Pellets nach Dr. Jutta Ziegler bieten Hunden eine nat\u00fcrliche L\u00f6sung f\u00fcr unbeschwerte Streifz\u00fcge durch Wald, Wiese und Gras. Dank der besonderen Rezeptur mit Zistrose ver\u00e4ndern die Pellets den Geruch Deines Hundes, sodass Zecken und andere l\u00e4stige Parasiten ihn nicht mehr bel\u00e4stigen. Vorteile im \u00dcberblick: Nat\u00fcrlich [&hellip;]<\/p>\n","protected":false},"featured_media":820,"comment_status":"open","ping_status":"closed","template":"","meta":[],"product_brand":[],"product_cat":[20,37],"product_tag":[],"class_list":{"0":"post-1210","1":"product","2":"type-product","3":"status-publish","4":"has-post-thumbnail","6":"product_cat-hund","7":"product_cat-parasiten","9":"first","10":"instock","11":"taxable","12":"shipping-taxable","13":"purchasable","14":"product-type-variable"},"jetpack_sharing_enabled":true,"_links":{"self":[{"href":"https:\/\/xn--pferdundpftchen-itb.de\/woocommerce\/wp-json\/wp\/v2\/product\/1210","targetHints":{"allow":["GET"]}}],"collection":[{"href":"https:\/\/xn--pferdundpftchen-itb.de\/woocommerce\/wp-json\/wp\/v2\/product"}],"about":[{"href":"https:\/\/xn--pferdundpftchen-itb.de\/woocommerce\/wp-json\/wp\/v2\/types\/product"}],"replies":[{"embeddable":true,"href":"https:\/\/xn--pferdundpftchen-itb.de\/woocommerce\/wp-json\/wp\/v2\/comments?post=1210"}],"wp:featuredmedia":[{"embeddable":true,"href":"https:\/\/xn--pferdundpftchen-itb.de\/woocommerce\/wp-json\/wp\/v2\/media\/820"}],"wp:attachment":[{"href":"https:\/\/xn--pferdundpftchen-itb.de\/woocommerce\/wp-json\/wp\/v2\/media?parent=1210"}],"wp:term":[{"taxonomy":"product_brand","embeddable":true,"href":"https:\/\/xn--pferdundpftchen-itb.de\/woocommerce\/wp-json\/wp\/v2\/product_brand?post=1210"},{"taxonomy":"product_cat","embeddable":true,"href":"https:\/\/xn--pferdundpftchen-itb.de\/woocommerce\/wp-json\/wp\/v2\/product_cat?post=1210"},{"taxonomy":"product_tag","embeddable":true,"href":"https:\/\/xn--pferdundpftchen-itb.de\/woocommerce\/wp-json\/wp\/v2\/product_tag?post=1210"}],"curies":[{"name":"wp","href":"https:\/\/api.w.org\/{rel}","templated":true}]}}