{"id":1220,"date":"2023-06-27T15:30:37","date_gmt":"2023-06-27T13:30:37","guid":{"rendered":"https:\/\/xn--pferdundpftchen-itb.de\/woocommerce\/?post_type=product&#038;p=1220"},"modified":"2023-06-27T15:30:37","modified_gmt":"2023-06-27T13:30:37","slug":"protection-pellets","status":"publish","type":"product","link":"https:\/\/xn--pferdundpftchen-itb.de\/woocommerce\/produkt\/protection-pellets\/","title":{"rendered":"Protection Pellets"},"content":{"rendered":"<p>Die besondere Rezeptur ver\u00e4ndert die Ausd\u00fcnstung des Pferdes und h\u00e4lt dadurch die Fliegen fern. <\/p>\n<p>Zusammensetzung: Apfeltrester, Cistrose, Schwarzk\u00fcmmel, Bierhefe, Knoblauch, Andorn und Oregano.<\/p>\n<p>F\u00fctterungsempfehlung:<br \/>\nGeben Sie, je nach Gr\u00f6\u00dfe des Pferdes, 1 bis 5 geh\u00e4ufte Essl\u00f6ffel Protection Pellets unter das Futter.<br \/>\nCa. \u2264 400 kg K\u00f6rpergewicht = 20 Gramm.<br \/>\nCa. 500 &#8211; 600 kg K\u00f6rpergewicht = 60 Gramm.<br \/>\nCa. \u2265 700 kg K\u00f6rpergewicht = max. 100 Gramm.<\/p>\n","protected":false},"excerpt":{"rendered":"<p>Die besondere Rezeptur ver\u00e4ndert die Ausd\u00fcnstung des Pferdes und h\u00e4lt dadurch die Fliegen fern. Zusammensetzung: Apfeltrester, Cistrose, Schwarzk\u00fcmmel, Bierhefe, Knoblauch, Andorn und Oregano. F\u00fctterungsempfehlung: Geben Sie, je nach Gr\u00f6\u00dfe des Pferdes, 1 bis 5 geh\u00e4ufte Essl\u00f6ffel Protection Pellets unter das Futter. Ca. \u2264 400 kg K\u00f6rpergewicht = 20 Gramm. Ca. 500 &#8211; 600 kg K\u00f6rpergewicht [&hellip;]<\/p>\n","protected":false},"featured_media":829,"comment_status":"open","ping_status":"closed","template":"","meta":[],"product_brand":[],"product_cat":[15,39],"product_tag":[],"class_list":{"0":"post-1220","1":"product","2":"type-product","3":"status-publish","4":"has-post-thumbnail","6":"product_cat-pferd","7":"product_cat-parasiten-pferd","9":"first","10":"instock","11":"taxable","12":"shipping-taxable","13":"purchasable","14":"product-type-variable"},"jetpack_sharing_enabled":true,"_links":{"self":[{"href":"https:\/\/xn--pferdundpftchen-itb.de\/woocommerce\/wp-json\/wp\/v2\/product\/1220","targetHints":{"allow":["GET"]}}],"collection":[{"href":"https:\/\/xn--pferdundpftchen-itb.de\/woocommerce\/wp-json\/wp\/v2\/product"}],"about":[{"href":"https:\/\/xn--pferdundpftchen-itb.de\/woocommerce\/wp-json\/wp\/v2\/types\/product"}],"replies":[{"embeddable":true,"href":"https:\/\/xn--pferdundpftchen-itb.de\/woocommerce\/wp-json\/wp\/v2\/comments?post=1220"}],"wp:featuredmedia":[{"embeddable":true,"href":"https:\/\/xn--pferdundpftchen-itb.de\/woocommerce\/wp-json\/wp\/v2\/media\/829"}],"wp:attachment":[{"href":"https:\/\/xn--pferdundpftchen-itb.de\/woocommerce\/wp-json\/wp\/v2\/media?parent=1220"}],"wp:term":[{"taxonomy":"product_brand","embeddable":true,"href":"https:\/\/xn--pferdundpftchen-itb.de\/woocommerce\/wp-json\/wp\/v2\/product_brand?post=1220"},{"taxonomy":"product_cat","embeddable":true,"href":"https:\/\/xn--pferdundpftchen-itb.de\/woocommerce\/wp-json\/wp\/v2\/product_cat?post=1220"},{"taxonomy":"product_tag","embeddable":true,"href":"https:\/\/xn--pferdundpftchen-itb.de\/woocommerce\/wp-json\/wp\/v2\/product_tag?post=1220"}],"curies":[{"name":"wp","href":"https:\/\/api.w.org\/{rel}","templated":true}]}}