{"id":1224,"date":"2023-06-29T09:31:43","date_gmt":"2023-06-29T07:31:43","guid":{"rendered":"https:\/\/xn--pferdundpftchen-itb.de\/woocommerce\/?post_type=product&#038;p=1224"},"modified":"2023-06-29T09:31:44","modified_gmt":"2023-06-29T07:31:44","slug":"purificar","status":"publish","type":"product","link":"https:\/\/xn--pferdundpftchen-itb.de\/woocommerce\/produkt\/purificar\/","title":{"rendered":"Purificar"},"content":{"rendered":"<p>Purificar hat eine au\u00dferordentliche Absorptionsf\u00e4higkeit, wozu insbesondere der mikroaktivierte Zeolith (Klinoptilolith) beitr\u00e4gt.<br \/>\nDadurch k\u00f6nnen Toxine, Schwermetalle und andere Schadstoffe w\u00e4hrend des Verdauungsprozesses gebunden und aus dem K\u00f6rper heraustransportiert werden.<br \/>\nDie nat\u00fcrlichen Mineralstoffe, Calcium und Magnesium, und Spurenelemente aus Zeolith, unterst\u00fctzen, zusammen mit dem Kreuzk\u00fcmmel, die erw\u00fcnschte Flora im Darmtrakt und pflegen die Darmschleimhaut.<\/p>\n<p>Zusammensetzung: Dolomit und Kreuzk\u00fcmmel<\/p>\n<p>F\u00fctterungsempfehlung:<br \/>\nKleine Hunde bis 10 kg erhalten 2 &#8211; 3 g t\u00e4glich.<br \/>\nHunde bis 20 kg erhalten t\u00e4glich bis 5 g,<br \/>\n30 kg und schwerer erhalten t\u00e4glich 10 bis 15 g<br \/>\nPerNaturam Purificar sollte t\u00e4glich angefeuchtet \u00fcber das Futter gegeben werden.<br \/>\nDer kleine Messl\u00f6ffel fasst \u00d8 1,5 g, der gro\u00dfe 10 g.<\/p>\n<p>Verwendungshinweis:<br \/>\nAufgrund des h\u00f6heren Gehaltes an Zeolith\/Klinoptilolith darf PerNaturam Purificar an Hunde nur bis zu 1% der Tagesration gef\u00fcttert werden.<br \/>\nF\u00fcr einen Hund mit ca. 30 kg Gewicht: max 20 g Purificar je Tier und Tag.<\/p>\n","protected":false},"excerpt":{"rendered":"<p>Purificar hat eine au\u00dferordentliche Absorptionsf\u00e4higkeit, wozu insbesondere der mikroaktivierte Zeolith (Klinoptilolith) beitr\u00e4gt. Dadurch k\u00f6nnen Toxine, Schwermetalle und andere Schadstoffe w\u00e4hrend des Verdauungsprozesses gebunden und aus dem K\u00f6rper heraustransportiert werden. Die nat\u00fcrlichen Mineralstoffe, Calcium und Magnesium, und Spurenelemente aus Zeolith, unterst\u00fctzen, zusammen mit dem Kreuzk\u00fcmmel, die erw\u00fcnschte Flora im Darmtrakt und pflegen die Darmschleimhaut. Zusammensetzung: Dolomit [&hellip;]<\/p>\n","protected":false},"featured_media":830,"comment_status":"open","ping_status":"closed","template":"","meta":[],"product_brand":[],"product_cat":[20,42,28],"product_tag":[],"class_list":{"0":"post-1224","1":"product","2":"type-product","3":"status-publish","4":"has-post-thumbnail","6":"product_cat-hund","7":"product_cat-ausleitung-entgiftung","8":"product_cat-magen-verdauung","10":"first","11":"instock","12":"taxable","13":"shipping-taxable","14":"purchasable","15":"product-type-variable"},"jetpack_sharing_enabled":true,"_links":{"self":[{"href":"https:\/\/xn--pferdundpftchen-itb.de\/woocommerce\/wp-json\/wp\/v2\/product\/1224","targetHints":{"allow":["GET"]}}],"collection":[{"href":"https:\/\/xn--pferdundpftchen-itb.de\/woocommerce\/wp-json\/wp\/v2\/product"}],"about":[{"href":"https:\/\/xn--pferdundpftchen-itb.de\/woocommerce\/wp-json\/wp\/v2\/types\/product"}],"replies":[{"embeddable":true,"href":"https:\/\/xn--pferdundpftchen-itb.de\/woocommerce\/wp-json\/wp\/v2\/comments?post=1224"}],"wp:featuredmedia":[{"embeddable":true,"href":"https:\/\/xn--pferdundpftchen-itb.de\/woocommerce\/wp-json\/wp\/v2\/media\/830"}],"wp:attachment":[{"href":"https:\/\/xn--pferdundpftchen-itb.de\/woocommerce\/wp-json\/wp\/v2\/media?parent=1224"}],"wp:term":[{"taxonomy":"product_brand","embeddable":true,"href":"https:\/\/xn--pferdundpftchen-itb.de\/woocommerce\/wp-json\/wp\/v2\/product_brand?post=1224"},{"taxonomy":"product_cat","embeddable":true,"href":"https:\/\/xn--pferdundpftchen-itb.de\/woocommerce\/wp-json\/wp\/v2\/product_cat?post=1224"},{"taxonomy":"product_tag","embeddable":true,"href":"https:\/\/xn--pferdundpftchen-itb.de\/woocommerce\/wp-json\/wp\/v2\/product_tag?post=1224"}],"curies":[{"name":"wp","href":"https:\/\/api.w.org\/{rel}","templated":true}]}}