{"id":1227,"date":"2023-06-29T09:35:31","date_gmt":"2023-06-29T07:35:31","guid":{"rendered":"https:\/\/xn--pferdundpftchen-itb.de\/woocommerce\/?post_type=product&#038;p=1227"},"modified":"2023-06-29T09:35:32","modified_gmt":"2023-06-29T07:35:32","slug":"bierhefe-horse","status":"publish","type":"product","link":"https:\/\/xn--pferdundpftchen-itb.de\/woocommerce\/produkt\/bierhefe-horse\/","title":{"rendered":"Bierhefe Horse"},"content":{"rendered":"<p>PerNaturam Reine Bierhefe ist wichtig zur Regeneration einer gest\u00f6rten Darmflora, besonders nach Antibiose, Wurmkuren, bei Haut-, Fell- und Fruchtbarkeitsst\u00f6rungen.<br \/>\nReine Bierhefe von PerNaturam, also keine Biertreber-Hefe (BT-Hefe), optimiert die Versorgung mit Aminos\u00e4uren (enthalten sind alle essentiellen), Vitaminen, insbes. des gesamten B-Komplexes, und Spurenelementen (reich an Eisen, Mangan und Zink). <\/p>\n<p>Zusammensetzung: 100 % reine Bierhefe ohne Treber.<\/p>\n<p>F\u00fctterungsempfehlung: 20 bis 50 g t\u00e4glich, je nach Gewicht des Pferdes. Kurm\u00e4\u00dfig \u00fcber 3 Wochen oder regelm\u00e4\u00dfig in kleinen Mengen.<\/p>\n","protected":false},"excerpt":{"rendered":"<p>PerNaturam Reine Bierhefe ist wichtig zur Regeneration einer gest\u00f6rten Darmflora, besonders nach Antibiose, Wurmkuren, bei Haut-, Fell- und Fruchtbarkeitsst\u00f6rungen. Reine Bierhefe von PerNaturam, also keine Biertreber-Hefe (BT-Hefe), optimiert die Versorgung mit Aminos\u00e4uren (enthalten sind alle essentiellen), Vitaminen, insbes. des gesamten B-Komplexes, und Spurenelementen (reich an Eisen, Mangan und Zink). Zusammensetzung: 100 % reine Bierhefe ohne [&hellip;]<\/p>\n","protected":false},"featured_media":705,"comment_status":"open","ping_status":"closed","template":"","meta":[],"product_brand":[],"product_cat":[15,70,46,49,33],"product_tag":[],"class_list":{"0":"post-1227","1":"product","2":"type-product","3":"status-publish","4":"has-post-thumbnail","6":"product_cat-pferd","7":"product_cat-mineralstoffe-pferd","8":"product_cat-haut-fell-pferd","9":"product_cat-hormone-fortpflanzung","10":"product_cat-magen-verdauung-pferd","12":"first","13":"instock","14":"taxable","15":"shipping-taxable","16":"purchasable","17":"product-type-variable"},"jetpack_sharing_enabled":true,"_links":{"self":[{"href":"https:\/\/xn--pferdundpftchen-itb.de\/woocommerce\/wp-json\/wp\/v2\/product\/1227","targetHints":{"allow":["GET"]}}],"collection":[{"href":"https:\/\/xn--pferdundpftchen-itb.de\/woocommerce\/wp-json\/wp\/v2\/product"}],"about":[{"href":"https:\/\/xn--pferdundpftchen-itb.de\/woocommerce\/wp-json\/wp\/v2\/types\/product"}],"replies":[{"embeddable":true,"href":"https:\/\/xn--pferdundpftchen-itb.de\/woocommerce\/wp-json\/wp\/v2\/comments?post=1227"}],"wp:featuredmedia":[{"embeddable":true,"href":"https:\/\/xn--pferdundpftchen-itb.de\/woocommerce\/wp-json\/wp\/v2\/media\/705"}],"wp:attachment":[{"href":"https:\/\/xn--pferdundpftchen-itb.de\/woocommerce\/wp-json\/wp\/v2\/media?parent=1227"}],"wp:term":[{"taxonomy":"product_brand","embeddable":true,"href":"https:\/\/xn--pferdundpftchen-itb.de\/woocommerce\/wp-json\/wp\/v2\/product_brand?post=1227"},{"taxonomy":"product_cat","embeddable":true,"href":"https:\/\/xn--pferdundpftchen-itb.de\/woocommerce\/wp-json\/wp\/v2\/product_cat?post=1227"},{"taxonomy":"product_tag","embeddable":true,"href":"https:\/\/xn--pferdundpftchen-itb.de\/woocommerce\/wp-json\/wp\/v2\/product_tag?post=1227"}],"curies":[{"name":"wp","href":"https:\/\/api.w.org\/{rel}","templated":true}]}}