{"id":1229,"date":"2023-06-29T09:38:49","date_gmt":"2023-06-29T07:38:49","guid":{"rendered":"https:\/\/xn--pferdundpftchen-itb.de\/woocommerce\/?post_type=product&#038;p=1229"},"modified":"2023-06-29T09:38:50","modified_gmt":"2023-06-29T07:38:50","slug":"reiskeim-oel","status":"publish","type":"product","link":"https:\/\/xn--pferdundpftchen-itb.de\/woocommerce\/produkt\/reiskeim-oel\/","title":{"rendered":"Reiskeim-\u00d6l"},"content":{"rendered":"<p>Reiskeim-\u00d6l enth\u00e4lt Gamma-Oryzanol, welches die Fruchtbarkeit und gleichzeitig die Muskelbildung f\u00f6rdert. Das \u00d6l hat eine ideale Fetts\u00e4urestruktur an unges\u00e4ttigten Fetts\u00e4uren (38 \u2013 43 %), Linols\u00e4ure (32 \u2013 43 %) sowie Palmitins\u00e4ure (15 \u2013 20 %). Zudem ist es besonders reich an Tocopherol (Vitamin E). Reiskeim-\u00d6l ist besonders wichtig f\u00fcr Zuchttiere vor dem Decken, f\u00fcr Jungtiere und Tiere im Sport in der Aufbau- und Trainingsphase. <\/p>\n<p>Zusammensetzung: 100 % Reiskeim-\u00d6l.<\/p>\n<p>F\u00fctterungsempfehlung:<br \/>\nGeben Sie Reiskeim-\u00d6l t\u00e4glich direkt \u00fcber das Futter.<\/p>\n<p>Hunde:<br \/>\n\u2264 5 kg K\u00f6rpergewicht = 1,5 ml<br \/>\n= 15 kg K\u00f6rpergewicht = 3 ml<br \/>\n\u2265 30 kg K\u00f6rpergewicht = 6 &#8211; 9 ml<\/p>\n<p>Pferde:<br \/>\n\u2264 400 kg K\u00f6rpergewicht = 10 ml<br \/>\n= 500-600 kg K\u00f6rpergewicht = 20 ml<br \/>\n\u2265 700 kg K\u00f6rpergewicgt = 30 ml<\/p>\n<p>3 ml entsprechen 1 Teel\u00f6ffel<br \/>\n10 ml entsprechen 1 Essl\u00f6ffel<\/p>\n","protected":false},"excerpt":{"rendered":"<p>Reiskeim-\u00d6l enth\u00e4lt Gamma-Oryzanol, welches die Fruchtbarkeit und gleichzeitig die Muskelbildung f\u00f6rdert. Das \u00d6l hat eine ideale Fetts\u00e4urestruktur an unges\u00e4ttigten Fetts\u00e4uren (38 \u2013 43 %), Linols\u00e4ure (32 \u2013 43 %) sowie Palmitins\u00e4ure (15 \u2013 20 %). Zudem ist es besonders reich an Tocopherol (Vitamin E). Reiskeim-\u00d6l ist besonders wichtig f\u00fcr Zuchttiere vor dem Decken, f\u00fcr Jungtiere [&hellip;]<\/p>\n","protected":false},"featured_media":833,"comment_status":"open","ping_status":"closed","template":"","meta":[],"product_brand":[],"product_cat":[15,34,53,49,20,67,51,50],"product_tag":[],"class_list":{"0":"post-1229","1":"product","2":"type-product","3":"status-publish","4":"has-post-thumbnail","6":"product_cat-pferd","7":"product_cat-oele-fette","8":"product_cat-gelenke-bewegungsapparat-pferd","9":"product_cat-hormone-fortpflanzung","10":"product_cat-hund","11":"product_cat-oele-fette-hund","12":"product_cat-gelenke-bewegungsapparat","13":"product_cat-hormone-fortpflanzung-hund","15":"first","16":"instock","17":"taxable","18":"shipping-taxable","19":"purchasable","20":"product-type-variable"},"jetpack_sharing_enabled":true,"_links":{"self":[{"href":"https:\/\/xn--pferdundpftchen-itb.de\/woocommerce\/wp-json\/wp\/v2\/product\/1229","targetHints":{"allow":["GET"]}}],"collection":[{"href":"https:\/\/xn--pferdundpftchen-itb.de\/woocommerce\/wp-json\/wp\/v2\/product"}],"about":[{"href":"https:\/\/xn--pferdundpftchen-itb.de\/woocommerce\/wp-json\/wp\/v2\/types\/product"}],"replies":[{"embeddable":true,"href":"https:\/\/xn--pferdundpftchen-itb.de\/woocommerce\/wp-json\/wp\/v2\/comments?post=1229"}],"wp:featuredmedia":[{"embeddable":true,"href":"https:\/\/xn--pferdundpftchen-itb.de\/woocommerce\/wp-json\/wp\/v2\/media\/833"}],"wp:attachment":[{"href":"https:\/\/xn--pferdundpftchen-itb.de\/woocommerce\/wp-json\/wp\/v2\/media?parent=1229"}],"wp:term":[{"taxonomy":"product_brand","embeddable":true,"href":"https:\/\/xn--pferdundpftchen-itb.de\/woocommerce\/wp-json\/wp\/v2\/product_brand?post=1229"},{"taxonomy":"product_cat","embeddable":true,"href":"https:\/\/xn--pferdundpftchen-itb.de\/woocommerce\/wp-json\/wp\/v2\/product_cat?post=1229"},{"taxonomy":"product_tag","embeddable":true,"href":"https:\/\/xn--pferdundpftchen-itb.de\/woocommerce\/wp-json\/wp\/v2\/product_tag?post=1229"}],"curies":[{"name":"wp","href":"https:\/\/api.w.org\/{rel}","templated":true}]}}