{"id":1231,"date":"2023-06-29T09:41:31","date_gmt":"2023-06-29T07:41:31","guid":{"rendered":"https:\/\/xn--pferdundpftchen-itb.de\/woocommerce\/?post_type=product&#038;p=1231"},"modified":"2024-03-05T13:32:39","modified_gmt":"2024-03-05T12:32:39","slug":"rhenalind","status":"publish","type":"product","link":"https:\/\/xn--pferdundpftchen-itb.de\/woocommerce\/produkt\/rhenalind\/","title":{"rendered":"Rhenalind"},"content":{"rendered":"<p>Kr\u00e4utermischung zur sanften Ausleitung<br \/>\nF\u00fcr Pferde, deren Nieren schwach oder schon gesch\u00e4digt sind, sind Rhenalind\u00ae-Nierenkr\u00e4uter eine besonders schonende, aber doch anregende Mischung zur besseren Ausleitung \u00fcber die Nieren. Die Nieren sollten besonders im Winter unterst\u00fctzt werden, weil die Pferde weniger schwitzen.<br \/>\nSt\u00e4rker reizende Kr\u00e4uter, wie Brennnessel, Wacholder oder Goldrute, haben wir gezielt nicht eingearbeitet. H\u00e4ufig ist es n\u00f6tig, auch die Leber mit Heparlind\u00ae-Leberkr\u00e4utern zu unterst\u00fctzen. <\/p>\n<p>Zusammensetzung: Birkenbl\u00e4tter, Queckenwurzel, Orthosiphon, Ehrenpreis, Petersilienstiele und Hauhechelwurzel<\/p>\n<p>F\u00fctterungsempfehlung: F\u00fcttern Sie 50 bis 70 g Rhenalind\u00ae-Kr\u00e4uter t\u00e4glich, maximal 4 Wochen lang oder im w\u00f6chentlichen Wechsel mit anderen Mischungen, am besten angefeuchtet \u00fcber das Futter. Bei gesunden und leistungsf\u00e4higen Nieren die L\u00fcneburger-Mischung von PerNaturam f\u00fcttern.<\/p>\n","protected":false},"excerpt":{"rendered":"<p>Kr\u00e4utermischung zur sanften Ausleitung F\u00fcr Pferde, deren Nieren schwach oder schon gesch\u00e4digt sind, sind Rhenalind\u00ae-Nierenkr\u00e4uter eine besonders schonende, aber doch anregende Mischung zur besseren Ausleitung \u00fcber die Nieren. Die Nieren sollten besonders im Winter unterst\u00fctzt werden, weil die Pferde weniger schwitzen. St\u00e4rker reizende Kr\u00e4uter, wie Brennnessel, Wacholder oder Goldrute, haben wir gezielt nicht eingearbeitet. H\u00e4ufig [&hellip;]<\/p>\n","protected":false},"featured_media":835,"comment_status":"open","ping_status":"closed","template":"","meta":[],"product_brand":[],"product_cat":[15,48,64],"product_tag":[],"class_list":{"0":"post-1231","1":"product","2":"type-product","3":"status-publish","4":"has-post-thumbnail","6":"product_cat-pferd","7":"product_cat-ausleitung-entgiftung-pferd","8":"product_cat-leber-niere-pferd","10":"first","11":"instock","12":"taxable","13":"shipping-taxable","14":"purchasable","15":"product-type-variable"},"jetpack_sharing_enabled":true,"_links":{"self":[{"href":"https:\/\/xn--pferdundpftchen-itb.de\/woocommerce\/wp-json\/wp\/v2\/product\/1231","targetHints":{"allow":["GET"]}}],"collection":[{"href":"https:\/\/xn--pferdundpftchen-itb.de\/woocommerce\/wp-json\/wp\/v2\/product"}],"about":[{"href":"https:\/\/xn--pferdundpftchen-itb.de\/woocommerce\/wp-json\/wp\/v2\/types\/product"}],"replies":[{"embeddable":true,"href":"https:\/\/xn--pferdundpftchen-itb.de\/woocommerce\/wp-json\/wp\/v2\/comments?post=1231"}],"wp:featuredmedia":[{"embeddable":true,"href":"https:\/\/xn--pferdundpftchen-itb.de\/woocommerce\/wp-json\/wp\/v2\/media\/835"}],"wp:attachment":[{"href":"https:\/\/xn--pferdundpftchen-itb.de\/woocommerce\/wp-json\/wp\/v2\/media?parent=1231"}],"wp:term":[{"taxonomy":"product_brand","embeddable":true,"href":"https:\/\/xn--pferdundpftchen-itb.de\/woocommerce\/wp-json\/wp\/v2\/product_brand?post=1231"},{"taxonomy":"product_cat","embeddable":true,"href":"https:\/\/xn--pferdundpftchen-itb.de\/woocommerce\/wp-json\/wp\/v2\/product_cat?post=1231"},{"taxonomy":"product_tag","embeddable":true,"href":"https:\/\/xn--pferdundpftchen-itb.de\/woocommerce\/wp-json\/wp\/v2\/product_tag?post=1231"}],"curies":[{"name":"wp","href":"https:\/\/api.w.org\/{rel}","templated":true}]}}