{"id":1236,"date":"2023-06-29T09:46:24","date_gmt":"2023-06-29T07:46:24","guid":{"rendered":"https:\/\/xn--pferdundpftchen-itb.de\/woocommerce\/?post_type=product&#038;p=1236"},"modified":"2025-01-17T11:25:51","modified_gmt":"2025-01-17T10:25:51","slug":"schwaebische-alb-mischung","status":"publish","type":"product","link":"https:\/\/xn--pferdundpftchen-itb.de\/woocommerce\/produkt\/schwaebische-alb-mischung\/","title":{"rendered":"Schw\u00e4bische-Alb Mischung"},"content":{"rendered":"<p><strong>Schw\u00e4bische Alb \u2013 Kr\u00e4utermischung f\u00fcr Pferde<\/strong><\/p>\n<p>Die Kr\u00e4utermischung <strong>Schw\u00e4bische Alb<\/strong> ist eine nat\u00fcrliche, aromareiche Erg\u00e4nzung, inspiriert von den robusten Pflanzen der Kalkmagerrasen und Wacholderheiden der Schw\u00e4bischen Alb. Diese Kr\u00e4uter haben sich an extreme Bedingungen wie sommerliche Trockenheit und winterliche K\u00e4lte angepasst \u2013 eine perfekte Wahl, um Dein Pferd artgerecht zu unterst\u00fctzen.<\/p>\n<p><strong>Vorteile im \u00dcberblick:<\/strong><\/p>\n<ul>\n<li><strong>Nat\u00fcrliche Erg\u00e4nzung f\u00fcr s\u00fcdliche Pferderassen:<\/strong> Viele s\u00fcdliche Pferderassen sind von ihrer Herkunft her an \u00e4hnliche B\u00f6den und Pflanzen gew\u00f6hnt \u2013 diese Mischung ist die ideale, artgerechte Erg\u00e4nzung.<\/li>\n<li><strong>Unterst\u00fctzt den Stoffwechsel:<\/strong> Die Kr\u00e4uterkombination gleicht ern\u00e4hrungsbedingte St\u00f6rungen des Stoffwechsels aus und sorgt f\u00fcr ein gesundes Gleichgewicht.<\/li>\n<li><strong>Aktiviert das Immunsystem:<\/strong> Die aromatischen Kr\u00e4uter st\u00e4rken das k\u00f6rpereigene Immunsystem, besonders im Bronchialbereich.<\/li>\n<li><strong>Pflegt die Atemwege:<\/strong> Die Mischung wirkt positiv auf die Schleimh\u00e4ute und unterst\u00fctzt bei unbestimmtem, trockenem Husten sowie bei stauballergischen Reaktionen.<\/li>\n<li><strong>F\u00f6rdert die Regeneration:<\/strong> Ideal zur Unterst\u00fctzung w\u00e4hrend der Rekonvaleszenz und bei allgemeiner Schw\u00e4che.<\/li>\n<\/ul>\n<p><strong>Nat\u00fcrlich &amp; wohltuend:<\/strong><br \/>\nDie Schw\u00e4bische Alb-Kr\u00e4utermischung von PerNaturam bietet Deinem Pferd die Kraft der Natur \u2013 f\u00fcr mehr Vitalit\u00e4t, starke Atemwege und ein ausgeglichenes Immunsystem.<\/p>\n<p>Setze auf die robuste Vielfalt der Natur \u2013 mit der <strong>Schw\u00e4bischen Alb-Kr\u00e4utermischung<\/strong> f\u00fcr Dein Pferd!<\/p>\n<p>Zusammensetzung: Salbei, Johanniskraut, Wei\u00dfdorn, Quendel, Origanum, Odermennig, Frauenmantel, Wegwarte, Ehrenpreis, Wacholder, Tausendg\u00fcldenkraut, Minze, Kamille und Schlehenbl\u00fcten.<\/p>\n<p>F\u00fctterungsempfehlung: Je nach Gr\u00f6\u00dfe des Pferdes 50 bis 70 g (eine Handvoll angefeuchtet zum Futter) 4 bis 6 Wochen lang oder im w\u00f6chentlichen Wechsel mit anderen Mischungen. Als breit angelegte Mischung eignet sie sich besonders f\u00fcr die \u00dcbergangszeiten Herbst-Winter und Winter-Fr\u00fchling.<\/p>\n","protected":false},"excerpt":{"rendered":"<p>Schw\u00e4bische Alb \u2013 Kr\u00e4utermischung f\u00fcr Pferde Die Kr\u00e4utermischung Schw\u00e4bische Alb ist eine nat\u00fcrliche, aromareiche Erg\u00e4nzung, inspiriert von den robusten Pflanzen der Kalkmagerrasen und Wacholderheiden der Schw\u00e4bischen Alb. Diese Kr\u00e4uter haben sich an extreme Bedingungen wie sommerliche Trockenheit und winterliche K\u00e4lte angepasst \u2013 eine perfekte Wahl, um Dein Pferd artgerecht zu unterst\u00fctzen. Vorteile im \u00dcberblick: Nat\u00fcrliche [&hellip;]<\/p>\n","protected":false},"featured_media":847,"comment_status":"open","ping_status":"closed","template":"","meta":[],"product_brand":[],"product_cat":[15,47,35,36],"product_tag":[],"class_list":{"0":"post-1236","1":"product","2":"type-product","3":"status-publish","4":"has-post-thumbnail","6":"product_cat-pferd","7":"product_cat-grundversorgung-pferd","8":"product_cat-atemwege-lunge","9":"product_cat-immunsystem-pferd","11":"first","12":"instock","13":"taxable","14":"shipping-taxable","15":"purchasable","16":"product-type-variable"},"jetpack_sharing_enabled":true,"_links":{"self":[{"href":"https:\/\/xn--pferdundpftchen-itb.de\/woocommerce\/wp-json\/wp\/v2\/product\/1236","targetHints":{"allow":["GET"]}}],"collection":[{"href":"https:\/\/xn--pferdundpftchen-itb.de\/woocommerce\/wp-json\/wp\/v2\/product"}],"about":[{"href":"https:\/\/xn--pferdundpftchen-itb.de\/woocommerce\/wp-json\/wp\/v2\/types\/product"}],"replies":[{"embeddable":true,"href":"https:\/\/xn--pferdundpftchen-itb.de\/woocommerce\/wp-json\/wp\/v2\/comments?post=1236"}],"wp:featuredmedia":[{"embeddable":true,"href":"https:\/\/xn--pferdundpftchen-itb.de\/woocommerce\/wp-json\/wp\/v2\/media\/847"}],"wp:attachment":[{"href":"https:\/\/xn--pferdundpftchen-itb.de\/woocommerce\/wp-json\/wp\/v2\/media?parent=1236"}],"wp:term":[{"taxonomy":"product_brand","embeddable":true,"href":"https:\/\/xn--pferdundpftchen-itb.de\/woocommerce\/wp-json\/wp\/v2\/product_brand?post=1236"},{"taxonomy":"product_cat","embeddable":true,"href":"https:\/\/xn--pferdundpftchen-itb.de\/woocommerce\/wp-json\/wp\/v2\/product_cat?post=1236"},{"taxonomy":"product_tag","embeddable":true,"href":"https:\/\/xn--pferdundpftchen-itb.de\/woocommerce\/wp-json\/wp\/v2\/product_tag?post=1236"}],"curies":[{"name":"wp","href":"https:\/\/api.w.org\/{rel}","templated":true}]}}