{"id":1239,"date":"2023-06-29T09:54:36","date_gmt":"2023-06-29T07:54:36","guid":{"rendered":"https:\/\/xn--pferdundpftchen-itb.de\/woocommerce\/?post_type=product&#038;p=1239"},"modified":"2025-01-17T11:27:21","modified_gmt":"2025-01-17T10:27:21","slug":"shampoo-spray","status":"publish","type":"product","link":"https:\/\/xn--pferdundpftchen-itb.de\/woocommerce\/produkt\/shampoo-spray\/","title":{"rendered":"Shampoo Spray"},"content":{"rendered":"<p><strong>Pflegendes Sprayshampoo \u2013 Sanfte Reinigung und Pflege f\u00fcr das Fell<\/strong><\/p>\n<p>Unser <strong>Sprayshampoo<\/strong> besteht aus nat\u00fcrlichen Zutaten und pflegenden \u00d6len, um das Fell Deines Tieres sanft und gr\u00fcndlich zu reinigen \u2013 ohne dabei die wichtige Schutzschicht der Tierhaut zu beeintr\u00e4chtigen. Es verleiht dem Fell nat\u00fcrlichen Glanz, macht es weich und leicht k\u00e4mmbar.<\/p>\n<p><strong>Vorteile im \u00dcberblick:<\/strong><\/p>\n<ul>\n<li><strong>Sanfte Reinigung:<\/strong> Entfernt Schmutz gr\u00fcndlich, ohne die empfindliche Schutzschicht der Haut zu zerst\u00f6ren.<\/li>\n<li><strong>Spendet Feuchtigkeit:<\/strong> Aloe Vera und reichhaltiges Argan\u00f6l versorgen die Haut mit Feuchtigkeit und reduzieren Schuppenbildung.<\/li>\n<li><strong>Sch\u00fctzt sensible Haut:<\/strong> Malvenextrakt beruhigt und pflegt sensible und trockene Haut.<\/li>\n<li><strong>Nat\u00fcrlich gl\u00e4nzendes Fell:<\/strong> Verleiht dem Fell einen gesunden Glanz und sorgt f\u00fcr leichte K\u00e4mmbarkeit.<\/li>\n<li><strong>F\u00fcr alle Tierarten geeignet:<\/strong> Ob Hund, Katze, Pferd oder Kleintier \u2013 ideal f\u00fcr jeden Felltyp.<\/li>\n<\/ul>\n<p><strong>Nat\u00fcrlich &amp; tierversuchsfrei:<\/strong><br \/>\nAuf pflanzlicher Basis hergestellt, frei von Silikon, Paraffin und PEG \u2013 f\u00fcr eine schonende Pflege, der Du vertrauen kannst.<\/p>\n<p>G\u00f6nne Deinem Tier die sanfte Kraft der Natur \u2013 mit unserem <strong>Sprayshampoo<\/strong> f\u00fcr gl\u00e4nzendes, gesundes Fell!<\/p>\n<p>Ideal f\u00fcr sensible und trockene Haut<br \/>\nAuf pflanzlicher Basis<br \/>\nFrei von Silikon, Paraffin und PEG<br \/>\nOhne Tierversuche<br \/>\nF\u00fcr alle Tierarten<\/p>\n<p>Zusammensetzung: Wasser, Decylglucosid, Kokosglucosid, Natriumbenzoat, Glycerin, Citric Acid, Kaliumsorbat, Argan\u00f6l, Xanthan, Sesam\u00f6l, Aloe Vera, Malvenextrakt.<\/p>\n","protected":false},"excerpt":{"rendered":"<p>Pflegendes Sprayshampoo \u2013 Sanfte Reinigung und Pflege f\u00fcr das Fell Unser Sprayshampoo besteht aus nat\u00fcrlichen Zutaten und pflegenden \u00d6len, um das Fell Deines Tieres sanft und gr\u00fcndlich zu reinigen \u2013 ohne dabei die wichtige Schutzschicht der Tierhaut zu beeintr\u00e4chtigen. Es verleiht dem Fell nat\u00fcrlichen Glanz, macht es weich und leicht k\u00e4mmbar. Vorteile im \u00dcberblick: Sanfte [&hellip;]<\/p>\n","protected":false},"featured_media":850,"comment_status":"open","ping_status":"closed","template":"","meta":[],"product_brand":[],"product_cat":[15,40,46,20,38,43,21,45,44],"product_tag":[],"class_list":{"0":"post-1239","1":"product","2":"type-product","3":"status-publish","4":"has-post-thumbnail","6":"product_cat-pferd","7":"product_cat-pflege-aeusserliche-anwendung-pferd","8":"product_cat-haut-fell-pferd","9":"product_cat-hund","10":"product_cat-pflege-aeuserliche-anwendung","11":"product_cat-haut-fell","12":"product_cat-katze","13":"product_cat-pflege-aeusserliche-anwendung-katze","14":"product_cat-haut-fell-katze","16":"first","17":"instock","18":"taxable","19":"shipping-taxable","20":"purchasable","21":"product-type-variable"},"jetpack_sharing_enabled":true,"_links":{"self":[{"href":"https:\/\/xn--pferdundpftchen-itb.de\/woocommerce\/wp-json\/wp\/v2\/product\/1239","targetHints":{"allow":["GET"]}}],"collection":[{"href":"https:\/\/xn--pferdundpftchen-itb.de\/woocommerce\/wp-json\/wp\/v2\/product"}],"about":[{"href":"https:\/\/xn--pferdundpftchen-itb.de\/woocommerce\/wp-json\/wp\/v2\/types\/product"}],"replies":[{"embeddable":true,"href":"https:\/\/xn--pferdundpftchen-itb.de\/woocommerce\/wp-json\/wp\/v2\/comments?post=1239"}],"wp:featuredmedia":[{"embeddable":true,"href":"https:\/\/xn--pferdundpftchen-itb.de\/woocommerce\/wp-json\/wp\/v2\/media\/850"}],"wp:attachment":[{"href":"https:\/\/xn--pferdundpftchen-itb.de\/woocommerce\/wp-json\/wp\/v2\/media?parent=1239"}],"wp:term":[{"taxonomy":"product_brand","embeddable":true,"href":"https:\/\/xn--pferdundpftchen-itb.de\/woocommerce\/wp-json\/wp\/v2\/product_brand?post=1239"},{"taxonomy":"product_cat","embeddable":true,"href":"https:\/\/xn--pferdundpftchen-itb.de\/woocommerce\/wp-json\/wp\/v2\/product_cat?post=1239"},{"taxonomy":"product_tag","embeddable":true,"href":"https:\/\/xn--pferdundpftchen-itb.de\/woocommerce\/wp-json\/wp\/v2\/product_tag?post=1239"}],"curies":[{"name":"wp","href":"https:\/\/api.w.org\/{rel}","templated":true}]}}