{"id":1242,"date":"2023-06-29T09:57:39","date_gmt":"2023-06-29T07:57:39","guid":{"rendered":"https:\/\/xn--pferdundpftchen-itb.de\/woocommerce\/?post_type=product&#038;p=1242"},"modified":"2025-01-17T11:28:57","modified_gmt":"2025-01-17T10:28:57","slug":"silbercreme","status":"publish","type":"product","link":"https:\/\/xn--pferdundpftchen-itb.de\/woocommerce\/produkt\/silbercreme\/","title":{"rendered":"Silbercreme"},"content":{"rendered":"<p><strong>Silbercreme mit Mikrosilber \u2013 Beruhigende Pflege f\u00fcr empfindliche Haut<\/strong><\/p>\n<p>Unsere <strong>Silbercreme<\/strong> ist ein hochwertiges Pflegeprodukt f\u00fcr Tiere, das speziell f\u00fcr sensible Hautpartien entwickelt wurde. Die einzigartige Kombination aus Mikrosilber und kaltgepressten, rein pflanzlichen \u00d6len stabilisiert die Barrierefunktion der Haut und bietet nat\u00fcrliche Unterst\u00fctzung bei Hautirritationen.<\/p>\n<p><strong>Vorteile im \u00dcberblick:<\/strong><\/p>\n<ul>\n<li><strong>F\u00f6rdert die Wundheilung:<\/strong> Mikrosilber unterst\u00fctzt die nat\u00fcrliche Heilung der Haut und lindert Juckreiz oder Beschwerden durch Insektenstiche.<\/li>\n<li><strong>St\u00e4rkt die Haut:<\/strong> Die Creme macht die Haut widerstandsf\u00e4higer gegen \u00e4u\u00dfere Einfl\u00fcsse, indem sie die Regeneration f\u00f6rdert und gleichzeitig pflegt.<\/li>\n<li><strong>Nat\u00fcrliche Inhaltsstoffe:<\/strong> Hergestellt auf pflanzlicher Basis und frei von k\u00fcnstlichen Duft- und Farbstoffen.<\/li>\n<li><strong>F\u00fcr empfindliche Haut:<\/strong> Ideal f\u00fcr sensible Hautpartien, ohne die nat\u00fcrliche Balance der Haut zu st\u00f6ren.<\/li>\n<li><strong>F\u00fcr alle Tierarten geeignet:<\/strong> Ob Hund, Katze oder Pferd \u2013 die Silbercreme ist vielseitig einsetzbar.<\/li>\n<\/ul>\n<p><strong>Nat\u00fcrlich &amp; tierversuchsfrei:<\/strong><br \/>\nFrei von Silikon, Paraffin und PEG \u2013 f\u00fcr eine sanfte, hautfreundliche Pflege, die auf dem Wissen der Natur basiert.<\/p>\n<p>Schenke Deinem Tier die beste nat\u00fcrliche Unterst\u00fctzung \u2013 mit unserer <strong>Silbercreme mit Mikrosilber<\/strong>!<\/p>\n<p>Pflege auch f\u00fcr sensible Hautpartien<br \/>\nAuf pflanzlicher Basis<br \/>\nFrei von Silikon, Paraffin und PEG<br \/>\nOhne Tierversuche<br \/>\nF\u00fcr alle Tierarten<\/p>\n<p>Zusammensetzung: Wasser, Mandel\u00f6l, Sonnenblumen\u00f6l, Calendulabl\u00fctenextrakt, Sheabutter, Kokos\u00f6l, Jojoba\u00f6l, Glycerinstearate, Cetylalkohol, Glycerin, Tocopherol, Xanthan, Natriumbenzoat, Kaliumsorbat, Silber.<\/p>\n","protected":false},"excerpt":{"rendered":"<p>Silbercreme mit Mikrosilber \u2013 Beruhigende Pflege f\u00fcr empfindliche Haut Unsere Silbercreme ist ein hochwertiges Pflegeprodukt f\u00fcr Tiere, das speziell f\u00fcr sensible Hautpartien entwickelt wurde. Die einzigartige Kombination aus Mikrosilber und kaltgepressten, rein pflanzlichen \u00d6len stabilisiert die Barrierefunktion der Haut und bietet nat\u00fcrliche Unterst\u00fctzung bei Hautirritationen. Vorteile im \u00dcberblick: F\u00f6rdert die Wundheilung: Mikrosilber unterst\u00fctzt die nat\u00fcrliche [&hellip;]<\/p>\n","protected":false},"featured_media":851,"comment_status":"open","ping_status":"closed","template":"","meta":[],"product_brand":[],"product_cat":[15,40,46,20,38,43,21,45,44],"product_tag":[],"class_list":{"0":"post-1242","1":"product","2":"type-product","3":"status-publish","4":"has-post-thumbnail","6":"product_cat-pferd","7":"product_cat-pflege-aeusserliche-anwendung-pferd","8":"product_cat-haut-fell-pferd","9":"product_cat-hund","10":"product_cat-pflege-aeuserliche-anwendung","11":"product_cat-haut-fell","12":"product_cat-katze","13":"product_cat-pflege-aeusserliche-anwendung-katze","14":"product_cat-haut-fell-katze","16":"first","17":"instock","18":"taxable","19":"shipping-taxable","20":"purchasable","21":"product-type-variable"},"jetpack_sharing_enabled":true,"_links":{"self":[{"href":"https:\/\/xn--pferdundpftchen-itb.de\/woocommerce\/wp-json\/wp\/v2\/product\/1242","targetHints":{"allow":["GET"]}}],"collection":[{"href":"https:\/\/xn--pferdundpftchen-itb.de\/woocommerce\/wp-json\/wp\/v2\/product"}],"about":[{"href":"https:\/\/xn--pferdundpftchen-itb.de\/woocommerce\/wp-json\/wp\/v2\/types\/product"}],"replies":[{"embeddable":true,"href":"https:\/\/xn--pferdundpftchen-itb.de\/woocommerce\/wp-json\/wp\/v2\/comments?post=1242"}],"wp:featuredmedia":[{"embeddable":true,"href":"https:\/\/xn--pferdundpftchen-itb.de\/woocommerce\/wp-json\/wp\/v2\/media\/851"}],"wp:attachment":[{"href":"https:\/\/xn--pferdundpftchen-itb.de\/woocommerce\/wp-json\/wp\/v2\/media?parent=1242"}],"wp:term":[{"taxonomy":"product_brand","embeddable":true,"href":"https:\/\/xn--pferdundpftchen-itb.de\/woocommerce\/wp-json\/wp\/v2\/product_brand?post=1242"},{"taxonomy":"product_cat","embeddable":true,"href":"https:\/\/xn--pferdundpftchen-itb.de\/woocommerce\/wp-json\/wp\/v2\/product_cat?post=1242"},{"taxonomy":"product_tag","embeddable":true,"href":"https:\/\/xn--pferdundpftchen-itb.de\/woocommerce\/wp-json\/wp\/v2\/product_tag?post=1242"}],"curies":[{"name":"wp","href":"https:\/\/api.w.org\/{rel}","templated":true}]}}