{"id":1245,"date":"2023-06-29T10:01:53","date_gmt":"2023-06-29T08:01:53","guid":{"rendered":"https:\/\/xn--pferdundpftchen-itb.de\/woocommerce\/?post_type=product&#038;p=1245"},"modified":"2023-06-29T10:01:53","modified_gmt":"2023-06-29T08:01:53","slug":"silky-coat","status":"publish","type":"product","link":"https:\/\/xn--pferdundpftchen-itb.de\/woocommerce\/produkt\/silky-coat\/","title":{"rendered":"Silky Coat"},"content":{"rendered":"<p>SilkyCoat ist reich an nat\u00fcrlichem Tocopherolen (Vit. E). Es enth\u00e4lt \u00d6le mit sehr hohen Anteilen an Linol- und Linolens\u00e4ure sowie \u00d6ls\u00e4ure, Palmitins\u00e4ure und anderen essentiellen unges\u00e4ttigten Fetts\u00e4uren. Die kaltgepressten \u00d6le, deren Fetts\u00e4urenprofil genau auf den Bedarf von Haut und Haaren abgestellt ist, unterst\u00fctzen Tiere besonders im Fell- und Hautstoffwechsel. <\/p>\n<p>Zusammensetzung: Kaltgepresste \u00d6l-Mischung aus Sonnenblumen-,Raps-, Hanf-, Leinsamen- und Argan\u00f6l.<\/p>\n<p>F\u00fctterungsempfehlung:<br \/>\nGeben Sie SilkyCoat t\u00e4glich je nach Gr\u00f6\u00dfe des Tieres direkt \u00fcber das Futter.<\/p>\n<p>Katzen:<br \/>\n\u2264 2 kg K\u00f6rpergewicht = 10 Tropfen.<br \/>\n\u2265 4 kg K\u00f6rpergewicht = 20 Tropfen<\/p>\n<p>Hunde:<br \/>\n\u2264 5 kg K\u00f6rpergewicht = 1,5 ml<br \/>\n= 15 kg K\u00f6rpergewicht = 3 ml<br \/>\n\u2265 30 kg K\u00f6rpergewicht = 6 &#8211; 9 ml<\/p>\n<p>Pferde:<br \/>\n\u00b1 500-600 kg K\u00f6rpergewicht = 10 &#8211; 30 ml<\/p>\n<p>3 ml entspricht 1 Teel\u00f6ffel<br \/>\n10 ml entspricht 1 Essl\u00f6ffel<\/p>\n","protected":false},"excerpt":{"rendered":"<p>SilkyCoat ist reich an nat\u00fcrlichem Tocopherolen (Vit. E). Es enth\u00e4lt \u00d6le mit sehr hohen Anteilen an Linol- und Linolens\u00e4ure sowie \u00d6ls\u00e4ure, Palmitins\u00e4ure und anderen essentiellen unges\u00e4ttigten Fetts\u00e4uren. Die kaltgepressten \u00d6le, deren Fetts\u00e4urenprofil genau auf den Bedarf von Haut und Haaren abgestellt ist, unterst\u00fctzen Tiere besonders im Fell- und Hautstoffwechsel. Zusammensetzung: Kaltgepresste \u00d6l-Mischung aus Sonnenblumen-,Raps-, Hanf-, [&hellip;]<\/p>\n","protected":false},"featured_media":852,"comment_status":"open","ping_status":"closed","template":"","meta":[],"product_brand":[],"product_cat":[15,34,46,20,67,43,21,66,44],"product_tag":[],"class_list":{"0":"post-1245","1":"product","2":"type-product","3":"status-publish","4":"has-post-thumbnail","6":"product_cat-pferd","7":"product_cat-oele-fette","8":"product_cat-haut-fell-pferd","9":"product_cat-hund","10":"product_cat-oele-fette-hund","11":"product_cat-haut-fell","12":"product_cat-katze","13":"product_cat-le-fette-katze","14":"product_cat-haut-fell-katze","16":"first","17":"instock","18":"taxable","19":"shipping-taxable","20":"purchasable","21":"product-type-variable"},"jetpack_sharing_enabled":true,"_links":{"self":[{"href":"https:\/\/xn--pferdundpftchen-itb.de\/woocommerce\/wp-json\/wp\/v2\/product\/1245","targetHints":{"allow":["GET"]}}],"collection":[{"href":"https:\/\/xn--pferdundpftchen-itb.de\/woocommerce\/wp-json\/wp\/v2\/product"}],"about":[{"href":"https:\/\/xn--pferdundpftchen-itb.de\/woocommerce\/wp-json\/wp\/v2\/types\/product"}],"replies":[{"embeddable":true,"href":"https:\/\/xn--pferdundpftchen-itb.de\/woocommerce\/wp-json\/wp\/v2\/comments?post=1245"}],"wp:featuredmedia":[{"embeddable":true,"href":"https:\/\/xn--pferdundpftchen-itb.de\/woocommerce\/wp-json\/wp\/v2\/media\/852"}],"wp:attachment":[{"href":"https:\/\/xn--pferdundpftchen-itb.de\/woocommerce\/wp-json\/wp\/v2\/media?parent=1245"}],"wp:term":[{"taxonomy":"product_brand","embeddable":true,"href":"https:\/\/xn--pferdundpftchen-itb.de\/woocommerce\/wp-json\/wp\/v2\/product_brand?post=1245"},{"taxonomy":"product_cat","embeddable":true,"href":"https:\/\/xn--pferdundpftchen-itb.de\/woocommerce\/wp-json\/wp\/v2\/product_cat?post=1245"},{"taxonomy":"product_tag","embeddable":true,"href":"https:\/\/xn--pferdundpftchen-itb.de\/woocommerce\/wp-json\/wp\/v2\/product_tag?post=1245"}],"curies":[{"name":"wp","href":"https:\/\/api.w.org\/{rel}","templated":true}]}}