{"id":1252,"date":"2023-06-29T10:10:11","date_gmt":"2023-06-29T08:10:11","guid":{"rendered":"https:\/\/xn--pferdundpftchen-itb.de\/woocommerce\/?post_type=product&#038;p=1252"},"modified":"2024-11-26T14:13:18","modified_gmt":"2024-11-26T13:13:18","slug":"sonnenwend-immunkraeuter","status":"publish","type":"product","link":"https:\/\/xn--pferdundpftchen-itb.de\/woocommerce\/produkt\/sonnenwend-immunkraeuter\/","title":{"rendered":"Sonnenwend Immunkr\u00e4uter"},"content":{"rendered":"<p><strong>Sonnenwend-Immunkr\u00e4uter f\u00fcr dein Pferd \u2013 Nat\u00fcrlich stark und gesund<\/strong><\/p>\n<p>Das Immunsystem deines Pferdes ist das gr\u00f6\u00dfte und wichtigste &#8222;Organ&#8220;, das seinen K\u00f6rper sch\u00fctzt und ihm hilft, gesund zu bleiben. Gerade in belastenden Phasen, wie bei pl\u00f6tzlichen Wetterumschw\u00fcngen oder Stress, braucht es besondere Unterst\u00fctzung. <strong>Sonnenwend-Immunkr\u00e4uter<\/strong> bieten deinem Pferd eine hochwertige Kr\u00e4utermischung, die traditionell zur St\u00e4rkung und Aktivierung des Immunsystems verwendet wird.<\/p>\n<p><strong>Warum sind Sonnenwend-Immunkr\u00e4uter so wertvoll f\u00fcr dein Pferd?<\/strong><\/p>\n<p>Diese spezielle Kr\u00e4utermischung ist ideal, um dein Pferd in au\u00dfergew\u00f6hnlichen Belastungsphasen zu unterst\u00fctzen \u2013 besonders bei Witterungsumstellungen, dem \u00dcbergang vom Herbst zum Winter und wieder zur\u00fcck zum Fr\u00fchling, bei hohem Stress oder nach Impfungen. In diesen Zeiten ist das Immunsystem besonders gefordert und ben\u00f6tigt Hilfe, um stark und widerstandsf\u00e4hig zu bleiben.<\/p>\n<p><strong>Die Vorteile von Sonnenwend-Immunkr\u00e4utern f\u00fcr dein Pferd:<\/strong><\/p>\n<ul>\n<li><strong>St\u00e4rkung des Immunsystems<\/strong>: Die Kr\u00e4uter unterst\u00fctzen das Abwehrsystem deines Pferdes und helfen ihm, sich vor Krankheiten zu sch\u00fctzen.<\/li>\n<li><strong>F\u00f6rderung der Blutbildung<\/strong>: Sie tragen zur gesunden Blutbildung bei, was f\u00fcr das gesamte Wohlbefinden und die Vitalit\u00e4t deines Pferdes wichtig ist.<\/li>\n<li><strong>Stabile Darm- und Hautflora<\/strong>: Ein starkes Immunsystem beginnt im Darm \u2013 die Kr\u00e4utermischung sorgt f\u00fcr eine ausgewogene Darmflora und unterst\u00fctzt auch die Hautgesundheit.<\/li>\n<\/ul>\n<p>Ob bei pl\u00f6tzlichen Temperaturwechseln, in stressigen Zeiten oder einfach zur allgemeinen Unterst\u00fctzung des Immunsystems \u2013 mit <strong>Sonnenwend-Immunkr\u00e4utern<\/strong> gibst du deinem Pferd eine nat\u00fcrliche, kraftvolle Hilfe, um gesund und vital zu bleiben.<\/p>\n<p>Sch\u00fctze dein Pferd vor den Herausforderungen des Alltags \u2013 mit der Kraft der Natur und <strong>Sonnenwend-Immunkr\u00e4utern<\/strong>!<\/p>\n<p>Zusammensetzung: Roter Sonnenhut, Thymian, Mistel, Wei\u00dfdorn, Rosmarin, Eisenkraut, Kamille und Taigawurzel.<\/p>\n<p>F\u00fctterungsempfehlung: Sonnenwend-Immunkr\u00e4uter werden entweder \u00fcber einen begrenzten Zeitraum gef\u00fcttert, etwa 4 Wochen lang, oder man f\u00fcttert sie im Wechsel mit anderen Kr\u00e4utermischungen. Sehr bew\u00e4hrt hat es sich, bei erkennbarer Immunschw\u00e4che, eine Handvoll angefeuchteter Kr\u00e4uter t\u00e4glich zum Futter dazuzugeben.<\/p>\n","protected":false},"excerpt":{"rendered":"<p>Sonnenwend-Immunkr\u00e4uter f\u00fcr dein Pferd \u2013 Nat\u00fcrlich stark und gesund Das Immunsystem deines Pferdes ist das gr\u00f6\u00dfte und wichtigste &#8222;Organ&#8220;, das seinen K\u00f6rper sch\u00fctzt und ihm hilft, gesund zu bleiben. Gerade in belastenden Phasen, wie bei pl\u00f6tzlichen Wetterumschw\u00fcngen oder Stress, braucht es besondere Unterst\u00fctzung. Sonnenwend-Immunkr\u00e4uter bieten deinem Pferd eine hochwertige Kr\u00e4utermischung, die traditionell zur St\u00e4rkung und [&hellip;]<\/p>\n","protected":false},"featured_media":855,"comment_status":"open","ping_status":"closed","template":"","meta":[],"product_brand":[],"product_cat":[15,59,36,33],"product_tag":[],"class_list":{"0":"post-1252","1":"product","2":"type-product","3":"status-publish","4":"has-post-thumbnail","6":"product_cat-pferd","7":"product_cat-herz-kreislauf-pferd","8":"product_cat-immunsystem-pferd","9":"product_cat-magen-verdauung-pferd","11":"first","12":"instock","13":"taxable","14":"shipping-taxable","15":"purchasable","16":"product-type-variable"},"jetpack_sharing_enabled":true,"_links":{"self":[{"href":"https:\/\/xn--pferdundpftchen-itb.de\/woocommerce\/wp-json\/wp\/v2\/product\/1252","targetHints":{"allow":["GET"]}}],"collection":[{"href":"https:\/\/xn--pferdundpftchen-itb.de\/woocommerce\/wp-json\/wp\/v2\/product"}],"about":[{"href":"https:\/\/xn--pferdundpftchen-itb.de\/woocommerce\/wp-json\/wp\/v2\/types\/product"}],"replies":[{"embeddable":true,"href":"https:\/\/xn--pferdundpftchen-itb.de\/woocommerce\/wp-json\/wp\/v2\/comments?post=1252"}],"wp:featuredmedia":[{"embeddable":true,"href":"https:\/\/xn--pferdundpftchen-itb.de\/woocommerce\/wp-json\/wp\/v2\/media\/855"}],"wp:attachment":[{"href":"https:\/\/xn--pferdundpftchen-itb.de\/woocommerce\/wp-json\/wp\/v2\/media?parent=1252"}],"wp:term":[{"taxonomy":"product_brand","embeddable":true,"href":"https:\/\/xn--pferdundpftchen-itb.de\/woocommerce\/wp-json\/wp\/v2\/product_brand?post=1252"},{"taxonomy":"product_cat","embeddable":true,"href":"https:\/\/xn--pferdundpftchen-itb.de\/woocommerce\/wp-json\/wp\/v2\/product_cat?post=1252"},{"taxonomy":"product_tag","embeddable":true,"href":"https:\/\/xn--pferdundpftchen-itb.de\/woocommerce\/wp-json\/wp\/v2\/product_tag?post=1252"}],"curies":[{"name":"wp","href":"https:\/\/api.w.org\/{rel}","templated":true}]}}