{"id":1254,"date":"2023-06-29T10:14:17","date_gmt":"2023-06-29T08:14:17","guid":{"rendered":"https:\/\/xn--pferdundpftchen-itb.de\/woocommerce\/?post_type=product&#038;p=1254"},"modified":"2023-06-29T10:14:18","modified_gmt":"2023-06-29T08:14:18","slug":"spitzwegerich","status":"publish","type":"product","link":"https:\/\/xn--pferdundpftchen-itb.de\/woocommerce\/produkt\/spitzwegerich\/","title":{"rendered":"Spitzwegerich"},"content":{"rendered":"<p>Spitzwegerich wird traditionell bei Bronchitis eingesetzt.<br \/>\nSpitzwegerich l\u00f6st den Schleim in den Bronchien, wirkt antibakteriell und st\u00e4rkt das Immunsystem. Als kalt ausgezogener Tee oder die Kr\u00e4uter trocken verf\u00fcttert, wirkt der Spitzwegerich leicht antibiotisch. Mit warmem Wasser (nicht kochendem) \u00fcbergossen, hilft er bei Verschleimungen in den Bronchien. Wichtige Erg\u00e4nzungen sind bei tiefsitzendem Schleim EquiLichmet, Aerob-\u00d6l und Aerob-Spray. <\/p>\n<p>Zusammensetzung: 100 % Spitzwegerich-Bl\u00e4tter, geschnitten.<\/p>\n<p>F\u00fctterungsempfehlung: 30 bis 50 g als Kraut oder Tee, wie oben beschrieben, auch als Erg\u00e4nzung zu Bronchosan.<\/p>\n","protected":false},"excerpt":{"rendered":"<p>Spitzwegerich wird traditionell bei Bronchitis eingesetzt. Spitzwegerich l\u00f6st den Schleim in den Bronchien, wirkt antibakteriell und st\u00e4rkt das Immunsystem. Als kalt ausgezogener Tee oder die Kr\u00e4uter trocken verf\u00fcttert, wirkt der Spitzwegerich leicht antibiotisch. Mit warmem Wasser (nicht kochendem) \u00fcbergossen, hilft er bei Verschleimungen in den Bronchien. Wichtige Erg\u00e4nzungen sind bei tiefsitzendem Schleim EquiLichmet, Aerob-\u00d6l und [&hellip;]<\/p>\n","protected":false},"featured_media":858,"comment_status":"open","ping_status":"closed","template":"","meta":[],"product_brand":[],"product_cat":[15,35,36],"product_tag":[],"class_list":{"0":"post-1254","1":"product","2":"type-product","3":"status-publish","4":"has-post-thumbnail","6":"product_cat-pferd","7":"product_cat-atemwege-lunge","8":"product_cat-immunsystem-pferd","10":"first","11":"instock","12":"taxable","13":"shipping-taxable","14":"purchasable","15":"product-type-variable"},"jetpack_sharing_enabled":true,"_links":{"self":[{"href":"https:\/\/xn--pferdundpftchen-itb.de\/woocommerce\/wp-json\/wp\/v2\/product\/1254","targetHints":{"allow":["GET"]}}],"collection":[{"href":"https:\/\/xn--pferdundpftchen-itb.de\/woocommerce\/wp-json\/wp\/v2\/product"}],"about":[{"href":"https:\/\/xn--pferdundpftchen-itb.de\/woocommerce\/wp-json\/wp\/v2\/types\/product"}],"replies":[{"embeddable":true,"href":"https:\/\/xn--pferdundpftchen-itb.de\/woocommerce\/wp-json\/wp\/v2\/comments?post=1254"}],"wp:featuredmedia":[{"embeddable":true,"href":"https:\/\/xn--pferdundpftchen-itb.de\/woocommerce\/wp-json\/wp\/v2\/media\/858"}],"wp:attachment":[{"href":"https:\/\/xn--pferdundpftchen-itb.de\/woocommerce\/wp-json\/wp\/v2\/media?parent=1254"}],"wp:term":[{"taxonomy":"product_brand","embeddable":true,"href":"https:\/\/xn--pferdundpftchen-itb.de\/woocommerce\/wp-json\/wp\/v2\/product_brand?post=1254"},{"taxonomy":"product_cat","embeddable":true,"href":"https:\/\/xn--pferdundpftchen-itb.de\/woocommerce\/wp-json\/wp\/v2\/product_cat?post=1254"},{"taxonomy":"product_tag","embeddable":true,"href":"https:\/\/xn--pferdundpftchen-itb.de\/woocommerce\/wp-json\/wp\/v2\/product_tag?post=1254"}],"curies":[{"name":"wp","href":"https:\/\/api.w.org\/{rel}","templated":true}]}}